{"id":5810,"date":"2022-11-09T15:35:29","date_gmt":"2022-11-09T15:35:29","guid":{"rendered":"http:\/\/sitesempresas.com\/amplitude\/?page_id=5810"},"modified":"2023-02-03T16:11:57","modified_gmt":"2023-02-03T16:11:57","slug":"acidentes-de-trabalho","status":"publish","type":"page","link":"https:\/\/www.amplitudeseguros.com\/en\/seguros\/seguros-empresas\/acidentes-de-trabalho\/","title":{"rendered":"Accidents at Work"},"content":{"rendered":"<div data-elementor-type=\"wp-page\" data-elementor-id=\"5810\" class=\"elementor elementor-5810\">\n\t\t\t\t\t\t<section class=\"elementor-section elementor-top-section elementor-element elementor-element-2d29be5 elementor-section-full_width service-details-page elementor-reverse-tablet elementor-reverse-mobile elementor-section-height-default elementor-section-height-default\" data-id=\"2d29be5\" data-element_type=\"section\" data-e-type=\"section\">\n\t\t\t\t\t\t<div class=\"elementor-container elementor-column-gap-default\">\n\t\t\t\t\t<div class=\"elementor-column elementor-col-100 elementor-top-column elementor-element elementor-element-0b640b9\" data-id=\"0b640b9\" data-element_type=\"column\" data-e-type=\"column\">\n\t\t\t<div class=\"elementor-widget-wrap elementor-element-populated\">\n\t\t\t\t\t\t<div class=\"elementor-element elementor-element-0d565fb service-details-thumbnail elementor-widget elementor-widget-image\" data-id=\"0d565fb\" data-element_type=\"widget\" data-e-type=\"widget\" data-widget_type=\"image.default\">\n\t\t\t\t<div class=\"elementor-widget-container\">\n\t\t\t\t\t\t\t\t\t\t\t\t\t\t\t<img fetchpriority=\"high\" decoding=\"async\" width=\"1470\" height=\"660\" src=\"https:\/\/www.amplitudeseguros.com\/wp-content\/uploads\/2022\/11\/acidentes-trabalho-1470x660.webp\" class=\"attachment-sultin-blog-standard size-sultin-blog-standard wp-image-5777\" alt=\"\" \/>\t\t\t\t\t\t\t\t\t\t\t\t\t\t\t<\/div>\n\t\t\t\t<\/div>\n\t\t\t\t<div class=\"elementor-element elementor-element-b3090d5 elementor-widget elementor-widget-heading\" data-id=\"b3090d5\" data-element_type=\"widget\" data-e-type=\"widget\" data-widget_type=\"heading.default\">\n\t\t\t\t<div class=\"elementor-widget-container\">\n\t\t\t\t\t<h2 class=\"elementor-heading-title elementor-size-default\">Accidents at Work<\/h2>\t\t\t\t<\/div>\n\t\t\t\t<\/div>\n\t\t\t\t<div class=\"elementor-element elementor-element-0b65cba elementor-widget elementor-widget-text-editor\" data-id=\"0b65cba\" data-element_type=\"widget\" data-e-type=\"widget\" data-widget_type=\"text-editor.default\">\n\t\t\t\t<div class=\"elementor-widget-container\">\n\t\t\t\t\t\t\t\t\t<section class=\"text\"><p>Workplace Accident Insurance guarantees compensation for damages suffered in the event of an accident occurring during working hours or on the way to and from work.<\/p><p>It is compulsory by law, and the employee is protected, for example, against temporary or permanent incapacity caused by the exercise of the professional activity.<\/p><\/section>\t\t\t\t\t\t\t\t<\/div>\n\t\t\t\t<\/div>\n\t\t\t\t\t<\/div>\n\t\t<\/div>\n\t\t\t\t\t<\/div>\n\t\t<\/section>\n\t\t\t\t<section class=\"elementor-section elementor-top-section elementor-element elementor-element-d68a177 elementor-section-stretched elementor-section-boxed elementor-section-height-default elementor-section-height-default\" data-id=\"d68a177\" data-element_type=\"section\" data-e-type=\"section\" data-settings=\"{&quot;stretch_section&quot;:&quot;section-stretched&quot;,&quot;background_background&quot;:&quot;classic&quot;}\">\n\t\t\t\t\t\t<div class=\"elementor-container elementor-column-gap-default\">\n\t\t\t\t\t<div class=\"elementor-column elementor-col-100 elementor-top-column elementor-element elementor-element-105a0a5\" data-id=\"105a0a5\" data-element_type=\"column\" data-e-type=\"column\">\n\t\t\t<div class=\"elementor-widget-wrap elementor-element-populated\">\n\t\t\t\t\t\t<div class=\"elementor-element elementor-element-7ab624b elementor-widget elementor-widget-heading\" data-id=\"7ab624b\" data-element_type=\"widget\" data-e-type=\"widget\" data-widget_type=\"heading.default\">\n\t\t\t\t<div class=\"elementor-widget-container\">\n\t\t\t\t\t<h2 class=\"elementor-heading-title elementor-size-default\">Coverage<\/h2>\t\t\t\t<\/div>\n\t\t\t\t<\/div>\n\t\t\t\t<section class=\"elementor-section elementor-inner-section elementor-element elementor-element-37bb933 elementor-section-boxed elementor-section-height-default elementor-section-height-default\" data-id=\"37bb933\" data-element_type=\"section\" data-e-type=\"section\">\n\t\t\t\t\t\t<div class=\"elementor-container elementor-column-gap-default\">\n\t\t\t\t\t<div class=\"elementor-column elementor-col-50 elementor-inner-column elementor-element elementor-element-db35cee\" data-id=\"db35cee\" data-element_type=\"column\" data-e-type=\"column\">\n\t\t\t<div class=\"elementor-widget-wrap elementor-element-populated\">\n\t\t\t\t\t\t<div class=\"elementor-element elementor-element-44209a4 elementor-widget elementor-widget-heading\" data-id=\"44209a4\" data-element_type=\"widget\" data-e-type=\"widget\" data-widget_type=\"heading.default\">\n\t\t\t\t<div class=\"elementor-widget-container\">\n\t\t\t\t\t<p class=\"elementor-heading-title elementor-size-default\">Benefits in Kind (no value limit): <\/p>\t\t\t\t<\/div>\n\t\t\t\t<\/div>\n\t\t\t\t<div class=\"elementor-element elementor-element-338d629 elementor-widget elementor-widget-text-editor\" data-id=\"338d629\" data-element_type=\"widget\" data-e-type=\"widget\" data-widget_type=\"text-editor.default\">\n\t\t\t\t<div class=\"elementor-widget-container\">\n\t\t\t\t\t\t\t\t\t<ul><li>Medical\/surgical assistance, diagnostic elements and home visits;<\/li><li>Medication and pharmaceutical assistance;<\/li><li>Hospitalisation and spas;<\/li><li>Accommodation;<\/li><li>Transport for observation, treatment and judicial acts;<\/li><li>Technical devices to compensate for functional limitations and their renovation\/repair;<\/li><li>Rehabilitation, professional reintegration and workplace adaptation services;<\/li><li>Medical and functional rehabilitation services for active life;<\/li><li>Psychotherapeutic support for the family;<\/li><\/ul>\t\t\t\t\t\t\t\t<\/div>\n\t\t\t\t<\/div>\n\t\t\t\t\t<\/div>\n\t\t<\/div>\n\t\t\t\t<div class=\"elementor-column elementor-col-50 elementor-inner-column elementor-element elementor-element-ba1e0cb\" data-id=\"ba1e0cb\" data-element_type=\"column\" data-e-type=\"column\">\n\t\t\t<div class=\"elementor-widget-wrap elementor-element-populated\">\n\t\t\t\t\t\t<div class=\"elementor-element elementor-element-eca6713 elementor-widget elementor-widget-heading\" data-id=\"eca6713\" data-element_type=\"widget\" data-e-type=\"widget\" data-widget_type=\"heading.default\">\n\t\t\t\t<div class=\"elementor-widget-container\">\n\t\t\t\t\t<p class=\"elementor-heading-title elementor-size-default\">Cash instalments:<\/p>\t\t\t\t<\/div>\n\t\t\t\t<\/div>\n\t\t\t\t<div class=\"elementor-element elementor-element-79ce351 elementor-widget elementor-widget-text-editor\" data-id=\"79ce351\" data-element_type=\"widget\" data-e-type=\"widget\" data-widget_type=\"text-editor.default\">\n\t\t\t\t<div class=\"elementor-widget-container\">\n\t\t\t\t\t\t\t\t\t<ul><li>Compensation for Temporary Disability*.<\/li><li>Provisional pension*<\/li><li>Compensation in the form of a lump sum or pension for Permanent Disability *.<\/li><li>Allowances for severe permanent disability, death, funeral, rehabilitation of accommodation and professional rehabilitation for reintegration into the labour market **<\/li><li>Death pension *<\/li><li>Supplementary benefits in respect of assistance from third persons ***<\/li><\/ul>\t\t\t\t\t\t\t\t<\/div>\n\t\t\t\t<\/div>\n\t\t\t\t<div class=\"elementor-element elementor-element-92539b3 elementor-widget elementor-widget-text-editor\" data-id=\"92539b3\" data-element_type=\"widget\" data-e-type=\"widget\" data-widget_type=\"text-editor.default\">\n\t\t\t\t<div class=\"elementor-widget-container\">\n\t\t\t\t\t\t\t\t\t<p>* Based on insured salary ** Based on IAS (Social Support Index)<\/p>\t\t\t\t\t\t\t\t<\/div>\n\t\t\t\t<\/div>\n\t\t\t\t\t<\/div>\n\t\t<\/div>\n\t\t\t\t\t<\/div>\n\t\t<\/section>\n\t\t\t\t\t<\/div>\n\t\t<\/div>\n\t\t\t\t\t<\/div>\n\t\t<\/section>\n\t\t\t\t<section class=\"elementor-section elementor-top-section elementor-element elementor-element-beb2f0f elementor-section-boxed elementor-section-height-default elementor-section-height-default\" data-id=\"beb2f0f\" data-element_type=\"section\" data-e-type=\"section\">\n\t\t\t\t\t\t<div class=\"elementor-container elementor-column-gap-default\">\n\t\t\t\t\t<div class=\"elementor-column elementor-col-100 elementor-top-column elementor-element elementor-element-5396f6a\" data-id=\"5396f6a\" data-element_type=\"column\" data-e-type=\"column\">\n\t\t\t<div class=\"elementor-widget-wrap elementor-element-populated\">\n\t\t\t\t\t\t<div class=\"elementor-element elementor-element-68c2e4f elementor-widget elementor-widget-heading\" data-id=\"68c2e4f\" data-element_type=\"widget\" data-e-type=\"widget\" data-widget_type=\"heading.default\">\n\t\t\t\t<div class=\"elementor-widget-container\">\n\t\t\t\t\t<h2 class=\"elementor-heading-title elementor-size-default\">Care to be taken<\/h2>\t\t\t\t<\/div>\n\t\t\t\t<\/div>\n\t\t\t\t<div class=\"elementor-element elementor-element-dfd5334 elementor-widget elementor-widget-text-editor\" data-id=\"dfd5334\" data-element_type=\"widget\" data-e-type=\"widget\" data-widget_type=\"text-editor.default\">\n\t\t\t\t<div class=\"elementor-widget-container\">\n\t\t\t\t\t\t\t\t\t<section class=\"text\"><section class=\"text\"><ul><li>Ensure, both on the date of conclusion of the contract and at any time during its term, everything that the law considers to be an integral element of the remuneration, including the equivalent to the value of food and housing, when the insured person is entitled to these, as well as other benefits in kind or money that have a regular nature and are not intended to compensate the insured person for random costs, and also holiday and Christmas bonuses.<\/li><li>If you have employees working abroad you must inform your Intermediary\/Insurer, as well as when employees travel to member countries of the European Union for periods of more than 15 days or to any other country regardless of the duration of the trip. If you do not do so, employees may not be covered by the insurance.<\/li><li>If your employees work on rest days, holidays and outside normal working hours, you must inform your mediator\/insurer.<\/li><li>If the insurance policy is taken out under the \"Fixed Premium\" method, you must inform your Broker\/Insurer in advance whenever there is a change in salaries and\/or inclusion\/exclusion of employees.<\/li><li>If the policy is taken out under the \"Variable Premium\" modality, you must mandatorily send your mediator\/Insurer the holiday sheets with a breakdown of all employees and salaries by the 15th of each month, with the information relative to the month immediately before.<\/li><\/ul><\/section><\/section>\t\t\t\t\t\t\t\t<\/div>\n\t\t\t\t<\/div>\n\t\t\t\t\t<\/div>\n\t\t<\/div>\n\t\t\t\t\t<\/div>\n\t\t<\/section>\n\t\t\t\t<section class=\"elementor-section elementor-top-section elementor-element elementor-element-613fe6a elementor-section-stretched elementor-section-boxed elementor-section-height-default elementor-section-height-default\" data-id=\"613fe6a\" data-element_type=\"section\" data-e-type=\"section\" data-settings=\"{&quot;stretch_section&quot;:&quot;section-stretched&quot;,&quot;background_background&quot;:&quot;classic&quot;}\">\n\t\t\t\t\t\t<div class=\"elementor-container elementor-column-gap-default\">\n\t\t\t\t\t<div class=\"elementor-column elementor-col-100 elementor-top-column elementor-element elementor-element-c2b8937\" data-id=\"c2b8937\" data-element_type=\"column\" data-e-type=\"column\">\n\t\t\t<div class=\"elementor-widget-wrap elementor-element-populated\">\n\t\t\t\t\t\t<div class=\"elementor-element elementor-element-a10e878 elementor-widget elementor-widget-heading\" data-id=\"a10e878\" data-element_type=\"widget\" data-e-type=\"widget\" data-widget_type=\"heading.default\">\n\t\t\t\t<div class=\"elementor-widget-container\">\n\t\t\t\t\t<h2 class=\"elementor-heading-title elementor-size-default\">Print<\/h2>\t\t\t\t<\/div>\n\t\t\t\t<\/div>\n\t\t\t\t<div class=\"elementor-element elementor-element-4f26028 elementor-widget elementor-widget-text-editor\" data-id=\"4f26028\" data-element_type=\"widget\" data-e-type=\"widget\" data-widget_type=\"text-editor.default\">\n\t\t\t\t<div class=\"elementor-widget-container\">\n\t\t\t\t\t\t\t\t\t<section class=\"text\"><section class=\"text\"><p>Workplace Accident Insurance is a mandatory insurance. Check\u00a0<span style=\"color: #5cbde5;\"><a style=\"color: #5cbde5;\" title=\"Uniform Policy Accidents at Work.pdf (1)\" href=\"https:\/\/www.amplitudeseguros.com\/en\/pt\/media\/5470\/ap\u00f3lice-uniforme-acidentes-trabalho.pdf\/\">here<\/a><\/span> the respective clauses.<\/p><p>With the publication of Law 98\/2009, the legal framework of the compulsory Occupational Accident insurance, as of 1 January 2010, is once again updated. A decade after the entry into force of Law 100\/97 and respective regulations, a new level of security for the worker in the field of professional rehabilitation and reintegration in the event of an accident is now regulated.<\/p><p>Print <a title=\"Law 982009 of 4th September - Accidents at Work.pdf\" href=\"https:\/\/www.amplitudeseguros.com\/en\/pt\/media\/5467\/lei-982009-de-4-de-setembro-acidentes-de-trabalho.pdf\/\"><span style=\"color: #5cbde5;\">here<\/span><\/a><\/p><p>If you wish to check the formulae for calculating compensation, please go to <a href=\"https:\/\/simat.apseguradores.pt\/\" target=\"_blank\" rel=\"noopener\"><span style=\"color: #5cbde5;\">here.<\/span><\/a><\/p><\/section><\/section>\t\t\t\t\t\t\t\t<\/div>\n\t\t\t\t<\/div>\n\t\t\t\t<div class=\"elementor-element elementor-element-8a06029 elementor-widget elementor-widget-text-editor\" data-id=\"8a06029\" data-element_type=\"widget\" data-e-type=\"widget\" data-widget_type=\"text-editor.default\">\n\t\t\t\t<div class=\"elementor-widget-container\">\n\t\t\t\t\t\t\t\t\t<section class=\"text\"><p><em>The information contained in this website is merely indicative. The rights and obligations of the parties are defined in the Proposals, Conditions\u00a0<\/em><em>Special and\u00a0<\/em><em>General applicable terms of the respective insurance policies contracted.<\/em><\/p><\/section>\t\t\t\t\t\t\t\t<\/div>\n\t\t\t\t<\/div>\n\t\t\t\t\t<\/div>\n\t\t<\/div>\n\t\t\t\t\t<\/div>\n\t\t<\/section>\n\t\t\t\t<\/div>","protected":false},"excerpt":{"rendered":"<p>Acidentes de Trabalho O Seguro de Acidentes de Trabalho garante a compensa\u00e7\u00e3o pelos danos sofridos em caso de acidente, ocorrido durante o hor\u00e1rio de trabalho ou no percurso de e para o local de trabalho. \u00c9 um seguro obrigat\u00f3rio por lei, ficando o empregado protegido, por exemplo, contra uma eventual incapacidade, tempor\u00e1ria ou permanente, provocada [&hellip;]<\/p>\n","protected":false},"author":1,"featured_media":0,"parent":5715,"menu_order":0,"comment_status":"closed","ping_status":"closed","template":"","meta":{"_acf_changed":false,"footnotes":""},"class_list":["post-5810","page","type-page","status-publish","hentry"],"acf":[],"_links":{"self":[{"href":"https:\/\/www.amplitudeseguros.com\/en\/wp-json\/wp\/v2\/pages\/5810","targetHints":{"allow":["GET"]}}],"collection":[{"href":"https:\/\/www.amplitudeseguros.com\/en\/wp-json\/wp\/v2\/pages"}],"about":[{"href":"https:\/\/www.amplitudeseguros.com\/en\/wp-json\/wp\/v2\/types\/page"}],"author":[{"embeddable":true,"href":"https:\/\/www.amplitudeseguros.com\/en\/wp-json\/wp\/v2\/users\/1"}],"replies":[{"embeddable":true,"href":"https:\/\/www.amplitudeseguros.com\/en\/wp-json\/wp\/v2\/comments?post=5810"}],"version-history":[{"count":88,"href":"https:\/\/www.amplitudeseguros.com\/en\/wp-json\/wp\/v2\/pages\/5810\/revisions"}],"predecessor-version":[{"id":7225,"href":"https:\/\/www.amplitudeseguros.com\/en\/wp-json\/wp\/v2\/pages\/5810\/revisions\/7225"}],"up":[{"embeddable":true,"href":"https:\/\/www.amplitudeseguros.com\/en\/wp-json\/wp\/v2\/pages\/5715"}],"wp:attachment":[{"href":"https:\/\/www.amplitudeseguros.com\/en\/wp-json\/wp\/v2\/media?parent=5810"}],"curies":[{"name":"wp","href":"https:\/\/api.w.org\/{rel}","templated":true}]}}