{"id":6042,"date":"2022-11-11T15:04:29","date_gmt":"2022-11-11T15:04:29","guid":{"rendered":"http:\/\/sitesempresas.com\/amplitude\/?page_id=6042"},"modified":"2023-02-03T16:56:12","modified_gmt":"2023-02-03T16:56:12","slug":"seguro-viagem-2","status":"publish","type":"page","link":"https:\/\/www.amplitudeseguros.com\/en\/seguros\/seguros-empresas\/seguro-viagem-2\/","title":{"rendered":"Travel insurance"},"content":{"rendered":"<div data-elementor-type=\"wp-page\" data-elementor-id=\"6042\" class=\"elementor elementor-6042\">\n\t\t\t\t\t\t<section class=\"elementor-section elementor-top-section elementor-element elementor-element-2d29be5 elementor-section-full_width service-details-page elementor-reverse-tablet elementor-reverse-mobile elementor-section-height-default elementor-section-height-default\" data-id=\"2d29be5\" data-element_type=\"section\" data-e-type=\"section\">\n\t\t\t\t\t\t<div class=\"elementor-container elementor-column-gap-default\">\n\t\t\t\t\t<div class=\"elementor-column elementor-col-100 elementor-top-column elementor-element elementor-element-0b640b9\" data-id=\"0b640b9\" data-element_type=\"column\" data-e-type=\"column\">\n\t\t\t<div class=\"elementor-widget-wrap elementor-element-populated\">\n\t\t\t\t\t\t<div class=\"elementor-element elementor-element-0d565fb service-details-thumbnail elementor-widget elementor-widget-image\" data-id=\"0d565fb\" data-element_type=\"widget\" data-e-type=\"widget\" data-widget_type=\"image.default\">\n\t\t\t\t<div class=\"elementor-widget-container\">\n\t\t\t\t\t\t\t\t\t\t\t\t\t\t\t<img fetchpriority=\"high\" decoding=\"async\" width=\"1470\" height=\"660\" src=\"https:\/\/www.amplitudeseguros.com\/wp-content\/uploads\/2022\/11\/Seguro-Viagem-1470x660.webp\" class=\"attachment-sultin-blog-standard size-sultin-blog-standard wp-image-5788\" alt=\"\" \/>\t\t\t\t\t\t\t\t\t\t\t\t\t\t\t<\/div>\n\t\t\t\t<\/div>\n\t\t\t\t<div class=\"elementor-element elementor-element-b3090d5 elementor-widget elementor-widget-heading\" data-id=\"b3090d5\" data-element_type=\"widget\" data-e-type=\"widget\" data-widget_type=\"heading.default\">\n\t\t\t\t<div class=\"elementor-widget-container\">\n\t\t\t\t\t<h2 class=\"elementor-heading-title elementor-size-default\">Travel insurance<\/h2>\t\t\t\t<\/div>\n\t\t\t\t<\/div>\n\t\t\t\t<div class=\"elementor-element elementor-element-040ece6 elementor-widget elementor-widget-text-editor\" data-id=\"040ece6\" data-element_type=\"widget\" data-e-type=\"widget\" data-widget_type=\"text-editor.default\">\n\t\t\t\t<div class=\"elementor-widget-container\">\n\t\t\t\t\t\t\t\t\t<section class=\"text\"><p>Business travel insurance is the perfect solution to minimise the difficulties that may arise on a business trip.<\/p><p>Employees and executives travelling on business on behalf of the company must be protected by the following guarantees:<\/p><ul><li>Emergency medical expenses;<\/li><li>Assistance with transport costs;<\/li><li>Repatriation, Rescue, Assistance and legal expenses;<\/li><li>Civil liability;<\/li><li>Advance of funds;<\/li><li>Cancellation and interruption of the trip<\/li><li>Theft or Robbery of Baggage and Professional Equipment<\/li><\/ul><\/section>\t\t\t\t\t\t\t\t<\/div>\n\t\t\t\t<\/div>\n\t\t\t\t<div class=\"elementor-element elementor-element-0b65cba elementor-widget elementor-widget-text-editor\" data-id=\"0b65cba\" data-element_type=\"widget\" data-e-type=\"widget\" data-widget_type=\"text-editor.default\">\n\t\t\t\t<div class=\"elementor-widget-container\">\n\t\t\t\t\t\t\t\t\t<section class=\"text\"><p>There are also insurance solutions that can guarantee the following situations: Kidnapping, Kidnapping, illegal detentions among others.<\/p><\/section>\t\t\t\t\t\t\t\t<\/div>\n\t\t\t\t<\/div>\n\t\t\t\t\t<\/div>\n\t\t<\/div>\n\t\t\t\t\t<\/div>\n\t\t<\/section>\n\t\t\t\t<section class=\"elementor-section elementor-top-section elementor-element elementor-element-d68a177 elementor-section-stretched elementor-section-boxed elementor-section-height-default elementor-section-height-default\" data-id=\"d68a177\" data-element_type=\"section\" data-e-type=\"section\" data-settings=\"{&quot;stretch_section&quot;:&quot;section-stretched&quot;,&quot;background_background&quot;:&quot;classic&quot;}\">\n\t\t\t\t\t\t<div class=\"elementor-container elementor-column-gap-default\">\n\t\t\t\t\t<div class=\"elementor-column elementor-col-100 elementor-top-column elementor-element elementor-element-105a0a5\" data-id=\"105a0a5\" data-element_type=\"column\" data-e-type=\"column\">\n\t\t\t<div class=\"elementor-widget-wrap elementor-element-populated\">\n\t\t\t\t\t\t<div class=\"elementor-element elementor-element-7ab624b elementor-widget elementor-widget-heading\" data-id=\"7ab624b\" data-element_type=\"widget\" data-e-type=\"widget\" data-widget_type=\"heading.default\">\n\t\t\t\t<div class=\"elementor-widget-container\">\n\t\t\t\t\t<h2 class=\"elementor-heading-title elementor-size-default\">Advantages<\/h2>\t\t\t\t<\/div>\n\t\t\t\t<\/div>\n\t\t\t\t<div class=\"elementor-element elementor-element-b792a29 elementor-widget elementor-widget-text-editor\" data-id=\"b792a29\" data-element_type=\"widget\" data-e-type=\"widget\" data-widget_type=\"text-editor.default\">\n\t\t\t\t<div class=\"elementor-widget-container\">\n\t\t\t\t\t\t\t\t\t<section class=\"text\"><p>We recommend the Travel Insurance solutions available in the Insurance market with the following characteristics:<\/p><p>Simplicity - contract without formalities, without registration of trips and without prior travel declaration.<\/p><p>Automatism - Automatically secures all business travel<\/p><p>Tranquilidade - The Insured Person receives a card with the contacts of the Assistance Company that should be contacted in case of emergency<\/p><p>Security - Unlimited cover for Medical Expenses abroad due to Accident and Sudden Illness when travelling on Business. In case of hospitalisation, payment is made directly to the hospital units.<\/p><\/section>\t\t\t\t\t\t\t\t<\/div>\n\t\t\t\t<\/div>\n\t\t\t\t\t<\/div>\n\t\t<\/div>\n\t\t\t\t\t<\/div>\n\t\t<\/section>\n\t\t\t\t<section class=\"elementor-section elementor-top-section elementor-element elementor-element-3b93ef3 elementor-section-boxed elementor-section-height-default elementor-section-height-default\" data-id=\"3b93ef3\" data-element_type=\"section\" data-e-type=\"section\">\n\t\t\t\t\t\t<div class=\"elementor-container elementor-column-gap-default\">\n\t\t\t\t\t<div class=\"elementor-column elementor-col-100 elementor-top-column elementor-element elementor-element-343e045\" data-id=\"343e045\" data-element_type=\"column\" data-e-type=\"column\">\n\t\t\t<div class=\"elementor-widget-wrap elementor-element-populated\">\n\t\t\t\t\t\t<div class=\"elementor-element elementor-element-c846886 elementor-widget elementor-widget-heading\" data-id=\"c846886\" data-element_type=\"widget\" data-e-type=\"widget\" data-widget_type=\"heading.default\">\n\t\t\t\t<div class=\"elementor-widget-container\">\n\t\t\t\t\t<h2 class=\"elementor-heading-title elementor-size-default\">Coverage<\/h2>\t\t\t\t<\/div>\n\t\t\t\t<\/div>\n\t\t\t\t<div class=\"elementor-element elementor-element-f184745 elementor-widget elementor-widget-eael-adv-tabs\" data-id=\"f184745\" data-element_type=\"widget\" data-e-type=\"widget\" data-widget_type=\"eael-adv-tabs.default\">\n\t\t\t\t<div class=\"elementor-widget-container\">\n\t\t\t\t\t        <div data-scroll-on-click=\"no\" data-scroll-speed=\"300\" id=\"eael-advance-tabs-f184745\" class=\"eael-advance-tabs eael-tabs-horizontal eael-tab-auto-active\" data-tabid=\"f184745\">\n            <div class=\"eael-tabs-nav\">\n                <ul class=\"eael-tab-inline-icon\" role=\"tablist\">\n                                            <li id=\"coberturas-importantes\" class=\"inactive eael-tab-item-trigger eael-tab-nav-item\" aria-selected=\"true\" data-tab=\"1\" role=\"tab\" tabindex=\"0\" aria-controls=\"coberturas-importantes-tab\" aria-expanded=\"false\">\n                            \n                                                                                                                            \n                                                            <span class=\"eael-tab-title title-after-icon\" >Important Covers<\/span>                            \n                                                    <\/li>\n                                            <li id=\"cobertura-de-assistncia-em-viagem\" class=\"inactive eael-tab-item-trigger eael-tab-nav-item\" aria-selected=\"false\" data-tab=\"2\" role=\"tab\" tabindex=\"-1\" aria-controls=\"cobertura-de-assistncia-em-viagem-tab\" aria-expanded=\"false\">\n                            \n                                                                                                                            \n                                                            <span class=\"eael-tab-title title-after-icon\" >Travel Assistance Cover<\/span>                            \n                                                    <\/li>\n                                            <li id=\"coberturas-possiveis\" class=\"inactive eael-tab-item-trigger eael-tab-nav-item\" aria-selected=\"false\" data-tab=\"3\" role=\"tab\" tabindex=\"-1\" aria-controls=\"coberturas-possiveis-tab\" aria-expanded=\"false\">\n                            \n                                                        \n                                                            <span class=\"eael-tab-title title-after-icon\" >Possible Covers<\/span>                            \n                                                    <\/li>\n                    \n                                  <\/ul>\n            <\/div>\n            \n            <div class=\"eael-tabs-content\">\n\t\t        \n                    <div id=\"coberturas-importantes-tab\" class=\"clearfix eael-tab-content-item inactive\" data-title-link=\"coberturas-importantes-tab\">\n\t\t\t\t        <ul><li>Death or Permanent Disability by Accident<\/li><li>Disappearance<\/li><li>Medical Expenses Abroad<\/li><li>Medical Expenses in Portugal in the Event of Hospitalisation<\/li><li>Funeral Expenses<\/li><li>Theft or Robbery of Baggage<\/li><li>Professional equipment<\/li><li>Baggage delay<\/li><li>Loss or Damage to Travel Documents<\/li><li>Cancellation and Interruption<\/li><li>Delay Planes<\/li><li>Legal Support<\/li><li>Personal Civil Liability<\/li><\/ul>                    <\/div>\n\t\t        \n                    <div id=\"cobertura-de-assistncia-em-viagem-tab\" class=\"clearfix eael-tab-content-item inactive\" data-title-link=\"cobertura-de-assistncia-em-viagem-tab\">\n\t\t\t\t        <p>Transport to a medical centre, Repatriation, Reimbursement of hotel expenses, Provision of transport ticket for a close relative, Repatriation of mortal remains in case of death, Advance of money due to theft or loss of money, cheques or credit cards abroad among other covers.<\/p>                    <\/div>\n\t\t        \n                    <div id=\"coberturas-possiveis-tab\" class=\"clearfix eael-tab-content-item inactive\" data-title-link=\"coberturas-possiveis-tab\">\n\t\t\t\t        <p>Search and rescue, detention, bail and others.<\/p>                    <\/div>\n\t\t                    <\/div>\n        <\/div>\n\t\t\t\t<\/div>\n\t\t\t\t<\/div>\n\t\t\t\t\t<\/div>\n\t\t<\/div>\n\t\t\t\t\t<\/div>\n\t\t<\/section>\n\t\t\t\t<section class=\"elementor-section elementor-top-section elementor-element elementor-element-953ff2d elementor-section-stretched elementor-section-boxed elementor-section-height-default elementor-section-height-default\" data-id=\"953ff2d\" data-element_type=\"section\" data-e-type=\"section\" data-settings=\"{&quot;stretch_section&quot;:&quot;section-stretched&quot;,&quot;background_background&quot;:&quot;classic&quot;}\">\n\t\t\t\t\t\t<div class=\"elementor-container elementor-column-gap-default\">\n\t\t\t\t\t<div class=\"elementor-column elementor-col-100 elementor-top-column elementor-element elementor-element-c11df1d\" data-id=\"c11df1d\" data-element_type=\"column\" data-e-type=\"column\">\n\t\t\t<div class=\"elementor-widget-wrap elementor-element-populated\">\n\t\t\t\t\t\t<div class=\"elementor-element elementor-element-3b1ddf8 elementor-widget elementor-widget-heading\" data-id=\"3b1ddf8\" data-element_type=\"widget\" data-e-type=\"widget\" data-widget_type=\"heading.default\">\n\t\t\t\t<div class=\"elementor-widget-container\">\n\t\t\t\t\t<h2 class=\"elementor-heading-title elementor-size-default\">\nCare to be taken\n<\/h2>\t\t\t\t<\/div>\n\t\t\t\t<\/div>\n\t\t\t\t<div class=\"elementor-element elementor-element-fea9e12 elementor-widget elementor-widget-text-editor\" data-id=\"fea9e12\" data-element_type=\"widget\" data-e-type=\"widget\" data-widget_type=\"text-editor.default\">\n\t\t\t\t<div class=\"elementor-widget-container\">\n\t\t\t\t\t\t\t\t\t<section class=\"text\"><p>When you want to take out a Travel policy, we advise you of the following:<\/p><ul><li>Sports of a dangerous nature are excluded, examples are: Paragliding, skydiving, skiing, surfing, boxing and all those of a similar character.  It is possible to negotiate with the Insurer the inclusion of these types of sports<\/li><li>The use of 2 wheeled motor vehicles is normally an exclusion from the scope of cover.  It is possible to negotiate with the Insurer to include the use of 2 wheeled motor vehicles<\/li><li>Death or disability caused as a result of natural cataclysms such as earthquakes, tsunamis, earthquakes, etc. are excluded in most of the policies sold by the Insurers.<\/li><li>Death or disability as a consequence of acts of terrorism are excluded in most of the policies marketed by the Insurers<\/li><\/ul><\/section>\t\t\t\t\t\t\t\t<\/div>\n\t\t\t\t<\/div>\n\t\t\t\t<div class=\"elementor-element elementor-element-a2f26c9 elementor-widget elementor-widget-text-editor\" data-id=\"a2f26c9\" data-element_type=\"widget\" data-e-type=\"widget\" data-widget_type=\"text-editor.default\">\n\t\t\t\t<div class=\"elementor-widget-container\">\n\t\t\t\t\t\t\t\t\t<section class=\"text\"><p><em>The information contained in this website is merely indicative. The rights and obligations of the parties are defined in the Proposals, Conditions\u00a0<\/em><em>Special and\u00a0<\/em><em>General applicable terms of the respective insurance policies contracted.<\/em><\/p><\/section>\t\t\t\t\t\t\t\t<\/div>\n\t\t\t\t<\/div>\n\t\t\t\t\t<\/div>\n\t\t<\/div>\n\t\t\t\t\t<\/div>\n\t\t<\/section>\n\t\t\t\t<\/div>","protected":false},"excerpt":{"rendered":"<p>Seguro Viagem Um seguro de viagem de neg\u00f3cios \u00e9 a solu\u00e7\u00e3o perfeita para minimizar as dificuldades que possam surgir numa viagem de neg\u00f3cios. Os colaboradores e executivos que viajem em neg\u00f3cio em nome da empresa devem estar protegidos pelas seguintes garantias: Despesas m\u00e9dicas de emerg\u00eancia; Assist\u00eancia com as despesas de transporte; Repatriamento, Salvamento, Assist\u00eancia e [&hellip;]<\/p>\n","protected":false},"author":1,"featured_media":0,"parent":5715,"menu_order":0,"comment_status":"closed","ping_status":"closed","template":"","meta":{"_acf_changed":false,"footnotes":""},"class_list":["post-6042","page","type-page","status-publish","hentry"],"acf":[],"_links":{"self":[{"href":"https:\/\/www.amplitudeseguros.com\/en\/wp-json\/wp\/v2\/pages\/6042","targetHints":{"allow":["GET"]}}],"collection":[{"href":"https:\/\/www.amplitudeseguros.com\/en\/wp-json\/wp\/v2\/pages"}],"about":[{"href":"https:\/\/www.amplitudeseguros.com\/en\/wp-json\/wp\/v2\/types\/page"}],"author":[{"embeddable":true,"href":"https:\/\/www.amplitudeseguros.com\/en\/wp-json\/wp\/v2\/users\/1"}],"replies":[{"embeddable":true,"href":"https:\/\/www.amplitudeseguros.com\/en\/wp-json\/wp\/v2\/comments?post=6042"}],"version-history":[{"count":16,"href":"https:\/\/www.amplitudeseguros.com\/en\/wp-json\/wp\/v2\/pages\/6042\/revisions"}],"predecessor-version":[{"id":7293,"href":"https:\/\/www.amplitudeseguros.com\/en\/wp-json\/wp\/v2\/pages\/6042\/revisions\/7293"}],"up":[{"embeddable":true,"href":"https:\/\/www.amplitudeseguros.com\/en\/wp-json\/wp\/v2\/pages\/5715"}],"wp:attachment":[{"href":"https:\/\/www.amplitudeseguros.com\/en\/wp-json\/wp\/v2\/media?parent=6042"}],"curies":[{"name":"wp","href":"https:\/\/api.w.org\/{rel}","templated":true}]}}