{"id":6134,"date":"2022-11-11T16:29:41","date_gmt":"2022-11-11T16:29:41","guid":{"rendered":"http:\/\/sitesempresas.com\/amplitude\/?page_id=6134"},"modified":"2023-02-03T17:06:47","modified_gmt":"2023-02-03T17:06:47","slug":"seguro-de-saude","status":"publish","type":"page","link":"https:\/\/www.amplitudeseguros.com\/en\/seguros\/seguros-particulares\/seguro-de-saude\/","title":{"rendered":"Health insurance"},"content":{"rendered":"<div data-elementor-type=\"wp-page\" data-elementor-id=\"6134\" class=\"elementor elementor-6134\">\n\t\t\t\t\t\t<section class=\"elementor-section elementor-top-section elementor-element elementor-element-2d29be5 elementor-section-full_width service-details-page elementor-reverse-tablet elementor-reverse-mobile elementor-section-height-default elementor-section-height-default\" data-id=\"2d29be5\" data-element_type=\"section\" data-e-type=\"section\">\n\t\t\t\t\t\t<div class=\"elementor-container elementor-column-gap-default\">\n\t\t\t\t\t<div class=\"elementor-column elementor-col-100 elementor-top-column elementor-element elementor-element-0b640b9\" data-id=\"0b640b9\" data-element_type=\"column\" data-e-type=\"column\">\n\t\t\t<div class=\"elementor-widget-wrap elementor-element-populated\">\n\t\t\t\t\t\t<div class=\"elementor-element elementor-element-0d565fb service-details-thumbnail elementor-widget elementor-widget-image\" data-id=\"0d565fb\" data-element_type=\"widget\" data-e-type=\"widget\" data-widget_type=\"image.default\">\n\t\t\t\t<div class=\"elementor-widget-container\">\n\t\t\t\t\t\t\t\t\t\t\t\t\t\t\t<img fetchpriority=\"high\" decoding=\"async\" width=\"1470\" height=\"660\" src=\"https:\/\/www.amplitudeseguros.com\/wp-content\/uploads\/2022\/11\/Seguro-de-Saude-Empresas-1470x660.webp\" class=\"attachment-sultin-blog-standard size-sultin-blog-standard wp-image-5785\" alt=\"\" \/>\t\t\t\t\t\t\t\t\t\t\t\t\t\t\t<\/div>\n\t\t\t\t<\/div>\n\t\t\t\t<div class=\"elementor-element elementor-element-b3090d5 elementor-widget elementor-widget-heading\" data-id=\"b3090d5\" data-element_type=\"widget\" data-e-type=\"widget\" data-widget_type=\"heading.default\">\n\t\t\t\t<div class=\"elementor-widget-container\">\n\t\t\t\t\t<h2 class=\"elementor-heading-title elementor-size-default\">Health insurance<\/h2>\t\t\t\t<\/div>\n\t\t\t\t<\/div>\n\t\t\t\t<div class=\"elementor-element elementor-element-0b65cba elementor-widget elementor-widget-text-editor\" data-id=\"0b65cba\" data-element_type=\"widget\" data-e-type=\"widget\" data-widget_type=\"text-editor.default\">\n\t\t\t\t<div class=\"elementor-widget-container\">\n\t\t\t\t\t\t\t\t\t<p>Health is a precious commodity.<\/p><p>For you, who are concerned about your well-being and above all want quality service in the field of medical assistance, we have specialists at your disposal to explain the insurance solutions offered by the Insurers.<\/p><p>There are two types of Health Insurance:\u00a0<br \/>- Reimbursement Insurance - The insured person pays his expenses and the Company reimburses him, afterwards.\u00a0<br \/>- Conventional Network Insurance - The insured person uses the services in the agreed Hospitals, Clinics and Doctors, having only to pay the appropriate co-payment (e.g. M\u00e9dis, Multicare, etc.)<\/p>\t\t\t\t\t\t\t\t<\/div>\n\t\t\t\t<\/div>\n\t\t\t\t<div class=\"elementor-element elementor-element-eed6a08 elementor-widget elementor-widget-text-editor\" data-id=\"eed6a08\" data-element_type=\"widget\" data-e-type=\"widget\" data-widget_type=\"text-editor.default\">\n\t\t\t\t<div class=\"elementor-widget-container\">\n\t\t\t\t\t\t\t\t\t<p>Health Insurance can cover medical expenses, consultations, treatment, medication, hospitalisation, etc., both in Portugal and abroad.<\/p>\t\t\t\t\t\t\t\t<\/div>\n\t\t\t\t<\/div>\n\t\t\t\t\t<\/div>\n\t\t<\/div>\n\t\t\t\t\t<\/div>\n\t\t<\/section>\n\t\t\t\t<section class=\"elementor-section elementor-top-section elementor-element elementor-element-d68a177 elementor-section-stretched elementor-section-boxed elementor-section-height-default elementor-section-height-default\" data-id=\"d68a177\" data-element_type=\"section\" data-e-type=\"section\" data-settings=\"{&quot;stretch_section&quot;:&quot;section-stretched&quot;,&quot;background_background&quot;:&quot;classic&quot;}\">\n\t\t\t\t\t\t<div class=\"elementor-container elementor-column-gap-default\">\n\t\t\t\t\t<div class=\"elementor-column elementor-col-100 elementor-top-column elementor-element elementor-element-105a0a5\" data-id=\"105a0a5\" data-element_type=\"column\" data-e-type=\"column\">\n\t\t\t<div class=\"elementor-widget-wrap elementor-element-populated\">\n\t\t\t\t\t\t<div class=\"elementor-element elementor-element-7ab624b elementor-widget elementor-widget-heading\" data-id=\"7ab624b\" data-element_type=\"widget\" data-e-type=\"widget\" data-widget_type=\"heading.default\">\n\t\t\t\t<div class=\"elementor-widget-container\">\n\t\t\t\t\t<h2 class=\"elementor-heading-title elementor-size-default\">Covers<\/h2>\t\t\t\t<\/div>\n\t\t\t\t<\/div>\n\t\t\t\t<section class=\"elementor-section elementor-inner-section elementor-element elementor-element-3b78e32 elementor-section-boxed elementor-section-height-default elementor-section-height-default\" data-id=\"3b78e32\" data-element_type=\"section\" data-e-type=\"section\">\n\t\t\t\t\t\t<div class=\"elementor-container elementor-column-gap-default\">\n\t\t\t\t\t<div class=\"elementor-column elementor-col-50 elementor-inner-column elementor-element elementor-element-862e484\" data-id=\"862e484\" data-element_type=\"column\" data-e-type=\"column\">\n\t\t\t<div class=\"elementor-widget-wrap elementor-element-populated\">\n\t\t\t\t\t\t<div class=\"elementor-element elementor-element-14e3edc elementor-widget elementor-widget-sultin_widget_accordion\" data-id=\"14e3edc\" data-element_type=\"widget\" data-e-type=\"widget\" data-widget_type=\"sultin_widget_accordion.default\">\n\t\t\t\t<div class=\"elementor-widget-container\">\n\t\t\t\t\t \r\n    <!-- ===== Design One ===== -->          \r\n    <div id=\"sultin-accordion-box-1002\">\r\n                <div class=\"sultin-accordion-item\">\r\n        <p class=\"sultin-accordion-title sultin-acc-tab-title\">Hospitalisation<span class=\"sultin-accordion__item-icon normal\"><i class=\"fa fa-chevron-down\"><\/i><\/span>\r\n\t\t\t\t<span class=\"sultin-accordion__item-icon active\"><i class=\"fa fa-chevron-up\"><\/i><\/span><\/p>\r\n            <div class=\"sultin-accordion-content\">\r\n            <p>Covers expenses associated with an admission to a hospital or clinic for a period of more than 24 hours. Present at the base of all policies, it includes the payment of the hospital daily charge, room rental, doctors', nurses' and anaesthetists' fees and auxiliary diagnostic elements (tests and examinations necessary for diagnosis).<\/p>            <\/div>\r\n\r\n        <\/div>\r\n                <div class=\"sultin-accordion-item\">\r\n        <p class=\"sultin-accordion-title sultin-acc-tab-title\">Ambulatory<span class=\"sultin-accordion__item-icon normal\"><i class=\"fa fa-chevron-down\"><\/i><\/span>\r\n\t\t\t\t<span class=\"sultin-accordion__item-icon active\"><i class=\"fa fa-chevron-up\"><\/i><\/span><\/p>\r\n            <div class=\"sultin-accordion-content\">\r\n            <p>It pays for general or specialty medical consultations, auxiliary diagnostic exams and outpatient treatments. It guarantees outpatient hospital care: expenses for minor surgery without hospitalisation, surgeon and assistant's fees, equipment, operating theatre and, in some cases, ambulance transport.<\/p>            <\/div>\r\n\r\n        <\/div>\r\n                <div class=\"sultin-accordion-item\">\r\n        <p class=\"sultin-accordion-title sultin-acc-tab-title\">Childbirth<span class=\"sultin-accordion__item-icon normal\"><i class=\"fa fa-chevron-down\"><\/i><\/span>\r\n\t\t\t\t<span class=\"sultin-accordion__item-icon active\"><i class=\"fa fa-chevron-up\"><\/i><\/span><\/p>\r\n            <div class=\"sultin-accordion-content\">\r\n            <p>Covers expenses related to pregnancy and childbirth. Apart from natural childbirth, caesarean sections and spontaneous termination of pregnancy are covered. The insurer pays the mother and newborn's hospital stay, the obstetrician and paediatrician's fees, the operating theatre and the medicines administered. In many cases, this coverage is integrated in the hospitalisation, having a capital limit of its own.<\/p>            <\/div>\r\n\r\n        <\/div>\r\n                <div class=\"sultin-accordion-item\">\r\n        <p class=\"sultin-accordion-title sultin-acc-tab-title\">Stomatology<span class=\"sultin-accordion__item-icon normal\"><i class=\"fa fa-chevron-down\"><\/i><\/span>\r\n\t\t\t\t<span class=\"sultin-accordion__item-icon active\"><i class=\"fa fa-chevron-up\"><\/i><\/span><\/p>\r\n            <div class=\"sultin-accordion-content\">\r\n            <p>It pays for the cost of dental consultations and treatment. In some composite insurance policies, expenses under stomatology cover are only covered when they are covered by the insurer's network of service providers.<\/p>            <\/div>\r\n\r\n        <\/div>\r\n            <\/div> \r\n\t\t\t\t<\/div>\n\t\t\t\t<\/div>\n\t\t\t\t\t<\/div>\n\t\t<\/div>\n\t\t\t\t<div class=\"elementor-column elementor-col-50 elementor-inner-column elementor-element elementor-element-d46247f\" data-id=\"d46247f\" data-element_type=\"column\" data-e-type=\"column\">\n\t\t\t<div class=\"elementor-widget-wrap elementor-element-populated\">\n\t\t\t\t\t\t<div class=\"elementor-element elementor-element-f0c6ac3 elementor-widget elementor-widget-sultin_widget_accordion\" data-id=\"f0c6ac3\" data-element_type=\"widget\" data-e-type=\"widget\" data-widget_type=\"sultin_widget_accordion.default\">\n\t\t\t\t<div class=\"elementor-widget-container\">\n\t\t\t\t\t \r\n    <!-- ===== Design One ===== -->          \r\n    <div id=\"sultin-accordion-box-1002\">\r\n                <div class=\"sultin-accordion-item\">\r\n        <p class=\"sultin-accordion-title sultin-acc-tab-title\">Prostheses and orthotics<span class=\"sultin-accordion__item-icon normal\"><i class=\"fa fa-chevron-down\"><\/i><\/span>\r\n\t\t\t\t<span class=\"sultin-accordion__item-icon active\"><i class=\"fa fa-chevron-up\"><\/i><\/span><\/p>\r\n            <div class=\"sultin-accordion-content\">\r\n            <p>It covers the purchase of appliances which replace a limb or organ (prostheses) and assist a function (orthotics) if prescribed by a doctor: e.g. wheelchairs, articulated beds, spectacles and graded contact lenses, hearing aids, crutches and orthopaedic prostheses.<\/p>            <\/div>\r\n\r\n        <\/div>\r\n                <div class=\"sultin-accordion-item\">\r\n        <p class=\"sultin-accordion-title sultin-acc-tab-title\">Medicines<span class=\"sultin-accordion__item-icon normal\"><i class=\"fa fa-chevron-down\"><\/i><\/span>\r\n\t\t\t\t<span class=\"sultin-accordion__item-icon active\"><i class=\"fa fa-chevron-up\"><\/i><\/span><\/p>\r\n            <div class=\"sultin-accordion-content\">\r\n            <p>Covers expenses for medicines. Normally only medicines subsidised by the NHS are covered.<\/p>            <\/div>\r\n\r\n        <\/div>\r\n                <div class=\"sultin-accordion-item\">\r\n        <p class=\"sultin-accordion-title sultin-acc-tab-title\">Second medical opinion<span class=\"sultin-accordion__item-icon normal\"><i class=\"fa fa-chevron-down\"><\/i><\/span>\r\n\t\t\t\t<span class=\"sultin-accordion__item-icon active\"><i class=\"fa fa-chevron-up\"><\/i><\/span><\/p>\r\n            <div class=\"sultin-accordion-content\">\r\n            <p>In the event of a serious illness (cancer, cardiovascular disease, organ transplants or stroke, for example), the insurer obtains a second medical opinion on the diagnosis or treatment to be followed from specialists worldwide.<\/p>            <\/div>\r\n\r\n        <\/div>\r\n                <div class=\"sultin-accordion-item\">\r\n        <p class=\"sultin-accordion-title sultin-acc-tab-title\">International medical cover for serious illness<span class=\"sultin-accordion__item-icon normal\"><i class=\"fa fa-chevron-down\"><\/i><\/span>\r\n\t\t\t\t<span class=\"sultin-accordion__item-icon active\"><i class=\"fa fa-chevron-up\"><\/i><\/span><\/p>\r\n            <div class=\"sultin-accordion-content\">\r\n            <p>If the insured person with a serious illness chooses to be treated abroad, this cover pays the costs of hospital care, such as hospitalisation, surgical intervention, examinations and treatment, medicines or surgical prostheses.<\/p>            <\/div>\r\n\r\n        <\/div>\r\n            <\/div> \r\n\t\t\t\t<\/div>\n\t\t\t\t<\/div>\n\t\t\t\t\t<\/div>\n\t\t<\/div>\n\t\t\t\t\t<\/div>\n\t\t<\/section>\n\t\t\t\t\t<\/div>\n\t\t<\/div>\n\t\t\t\t\t<\/div>\n\t\t<\/section>\n\t\t\t\t<section class=\"elementor-section elementor-top-section elementor-element elementor-element-3b93ef3 elementor-section-boxed elementor-section-height-default elementor-section-height-default\" data-id=\"3b93ef3\" data-element_type=\"section\" data-e-type=\"section\">\n\t\t\t\t\t\t<div class=\"elementor-container elementor-column-gap-default\">\n\t\t\t\t\t<div class=\"elementor-column elementor-col-100 elementor-top-column elementor-element elementor-element-343e045\" data-id=\"343e045\" data-element_type=\"column\" data-e-type=\"column\">\n\t\t\t<div class=\"elementor-widget-wrap elementor-element-populated\">\n\t\t\t\t\t\t<div class=\"elementor-element elementor-element-c846886 elementor-widget elementor-widget-heading\" data-id=\"c846886\" data-element_type=\"widget\" data-e-type=\"widget\" data-widget_type=\"heading.default\">\n\t\t\t\t<div class=\"elementor-widget-container\">\n\t\t\t\t\t<h2 class=\"elementor-heading-title elementor-size-default\">Advantages<\/h2>\t\t\t\t<\/div>\n\t\t\t\t<\/div>\n\t\t\t\t<div class=\"elementor-element elementor-element-3bc76dd elementor-widget elementor-widget-text-editor\" data-id=\"3bc76dd\" data-element_type=\"widget\" data-e-type=\"widget\" data-widget_type=\"text-editor.default\">\n\t\t\t\t<div class=\"elementor-widget-container\">\n\t\t\t\t\t\t\t\t\t<section class=\"text\"><p>Advantages of health insurance \u00a0<\/p><\/section>\t\t\t\t\t\t\t\t<\/div>\n\t\t\t\t<\/div>\n\t\t\t\t<div class=\"elementor-element elementor-element-c8261f4 elementor-widget elementor-widget-text-editor\" data-id=\"c8261f4\" data-element_type=\"widget\" data-e-type=\"widget\" data-widget_type=\"text-editor.default\">\n\t\t\t\t<div class=\"elementor-widget-container\">\n\t\t\t\t\t\t\t\t\t<section class=\"text\"><ul><li>Speed - In the National Health Service, access to routine consultations and emergencies may not be immediate, health insurance allows you access to health care more quickly.<\/li><li>Freedom - How many times have you thought it would be better to change doctors? Health insurance allows you to choose the doctor that suits you best and in the place that is most favourable for you.\u00a0<\/li><li>Flexibility - Health insurance gives you the opportunity to use medical care through a network of providers. However, you can always go to a provider that is not part of the agreed network and, in this case, your health insurance will cover part of the health costs.   In this way, you always have access to the best medical care at very attractive prices, regardless of the time, place and practitioner.\u00a0<\/li><li>Always by your side - Health insurance is not only a resource in emergency situations.  Health insurance is a product that allows you to maintain the desired health, investing in prevention and in regular consultations that allow you to monitor your state of health providing the maintenance of a healthy lifestyle.\u00a0<\/li><li>For the whole family - Health insurance can be taken out for all family members, supporting and protecting your children from the first day of their life.<\/li><\/ul><\/section>\t\t\t\t\t\t\t\t<\/div>\n\t\t\t\t<\/div>\n\t\t\t\t\t<\/div>\n\t\t<\/div>\n\t\t\t\t\t<\/div>\n\t\t<\/section>\n\t\t\t\t<section class=\"elementor-section elementor-top-section elementor-element elementor-element-953ff2d elementor-section-stretched elementor-section-boxed elementor-section-height-default elementor-section-height-default\" data-id=\"953ff2d\" data-element_type=\"section\" data-e-type=\"section\" data-settings=\"{&quot;stretch_section&quot;:&quot;section-stretched&quot;,&quot;background_background&quot;:&quot;classic&quot;}\">\n\t\t\t\t\t\t<div class=\"elementor-container elementor-column-gap-default\">\n\t\t\t\t\t<div class=\"elementor-column elementor-col-100 elementor-top-column elementor-element elementor-element-c11df1d\" data-id=\"c11df1d\" data-element_type=\"column\" data-e-type=\"column\">\n\t\t\t<div class=\"elementor-widget-wrap elementor-element-populated\">\n\t\t\t\t\t\t<div class=\"elementor-element elementor-element-3b1ddf8 elementor-widget elementor-widget-heading\" data-id=\"3b1ddf8\" data-element_type=\"widget\" data-e-type=\"widget\" data-widget_type=\"heading.default\">\n\t\t\t\t<div class=\"elementor-widget-container\">\n\t\t\t\t\t<h2 class=\"elementor-heading-title elementor-size-default\">\nCare to be taken\n<\/h2>\t\t\t\t<\/div>\n\t\t\t\t<\/div>\n\t\t\t\t<div class=\"elementor-element elementor-element-fea9e12 elementor-widget elementor-widget-text-editor\" data-id=\"fea9e12\" data-element_type=\"widget\" data-e-type=\"widget\" data-widget_type=\"text-editor.default\">\n\t\t\t\t<div class=\"elementor-widget-container\">\n\t\t\t\t\t\t\t\t\t<section class=\"text\"><p>There are several aspects to take into account when choosing to take out a health insurance policy, here are some points that you should consider:<\/p><\/section>\t\t\t\t\t\t\t\t<\/div>\n\t\t\t\t<\/div>\n\t\t\t\t<div class=\"elementor-element elementor-element-f184745 elementor-widget elementor-widget-eael-adv-tabs\" data-id=\"f184745\" data-element_type=\"widget\" data-e-type=\"widget\" data-widget_type=\"eael-adv-tabs.default\">\n\t\t\t\t<div class=\"elementor-widget-container\">\n\t\t\t\t\t        <div data-scroll-on-click=\"no\" data-scroll-speed=\"300\" id=\"eael-advance-tabs-f184745\" class=\"eael-advance-tabs eael-tabs-horizontal eael-tab-auto-active\" data-tabid=\"f184745\">\n            <div class=\"eael-tabs-nav\">\n                <ul class=\"eael-tab-inline-icon\" role=\"tablist\">\n                                            <li id=\"doenas-pr-existentes\" class=\"inactive eael-tab-item-trigger eael-tab-nav-item\" aria-selected=\"true\" data-tab=\"1\" role=\"tab\" tabindex=\"0\" aria-controls=\"doenas-pr-existentes-tab\" aria-expanded=\"false\">\n                            \n                                                                                                                            \n                                                            <span class=\"eael-tab-title title-after-icon\" >Pre-existing diseases<\/span>                            \n                                                    <\/li>\n                                            <li id=\"excluses\" class=\"inactive eael-tab-item-trigger eael-tab-nav-item\" aria-selected=\"false\" data-tab=\"2\" role=\"tab\" tabindex=\"-1\" aria-controls=\"excluses-tab\" aria-expanded=\"false\">\n                            \n                                                                                                                            \n                                                            <span class=\"eael-tab-title title-after-icon\" >Exclusions<\/span>                            \n                                                    <\/li>\n                                            <li id=\"co-pagamentos\" class=\"inactive eael-tab-item-trigger eael-tab-nav-item\" aria-selected=\"false\" data-tab=\"3\" role=\"tab\" tabindex=\"-1\" aria-controls=\"co-pagamentos-tab\" aria-expanded=\"false\">\n                            \n                                                        \n                                                            <span class=\"eael-tab-title title-after-icon\" >Co-payments<\/span>                            \n                                                    <\/li>\n                                            <li id=\"perodos-de-carncia\" class=\"inactive eael-tab-item-trigger eael-tab-nav-item\" aria-selected=\"false\" data-tab=\"4\" role=\"tab\" tabindex=\"-1\" aria-controls=\"perodos-de-carncia-tab\" aria-expanded=\"false\">\n                            \n                                                        \n                                                            <span class=\"eael-tab-title title-after-icon\" >Waiting Periods<\/span>                            \n                                                    <\/li>\n                                            <li id=\"franquias\" class=\"inactive eael-tab-item-trigger eael-tab-nav-item\" aria-selected=\"false\" data-tab=\"5\" role=\"tab\" tabindex=\"-1\" aria-controls=\"franquias-tab\" aria-expanded=\"false\">\n                            \n                                                        \n                                                            <span class=\"eael-tab-title title-after-icon\" >Franchises<\/span>                            \n                                                    <\/li>\n                    \n                                  <\/ul>\n            <\/div>\n            \n            <div class=\"eael-tabs-content\">\n\t\t        \n                    <div id=\"doenas-pr-existentes-tab\" class=\"clearfix eael-tab-content-item inactive\" data-title-link=\"doenas-pr-existentes-tab\">\n\t\t\t\t        <ul><li>Illnesses existing at the time the insurance is taken out are, as a rule, always excluded<\/li><li>Pre-existing illnesses may not be manifested at the date of taking out insurance, which does not mean that they are covered.<\/li><\/ul>                    <\/div>\n\t\t        \n                    <div id=\"excluses-tab\" class=\"clearfix eael-tab-content-item inactive\" data-title-link=\"excluses-tab\">\n\t\t\t\t        <section class=\"text\"><section class=\"text\">Exclusions (in most insurances):<\/section><\/section><section><ul><li>occupational diseases and accidents at work<\/li><li>nervous disorders and psychiatric illnesses<\/li><li>accidents or illnesses resulting from participation in sporting competitions<\/li><li>aesthetic, plastic or reconstructive treatment or surgery and their consequences (unless they result from illness or accidents covered by the insurance)<\/li><li>weight loss treatments and\/or surgery<\/li><li>check ups and comprehensive health exams<\/li><li>organ or marrow transplantation<\/li><\/ul><\/section>                    <\/div>\n\t\t        \n                    <div id=\"co-pagamentos-tab\" class=\"clearfix eael-tab-content-item inactive\" data-title-link=\"co-pagamentos-tab\">\n\t\t\t\t        <p>Os designados &#8220;co-pagamentos&#8221;, ou seja, o valor que cabe a cada Pessoa Segura pagar quando recorre aos prestadores de cuidados de sa\u00fade aderentes \u00e0 rede convencionada, s\u00e3o estipulados por tipo de garantia e por cada utiliza\u00e7\u00e3o, podendo ser um valor fixo ou corresponder a uma percentagem do custo do ato m\u00e9dico.<\/p>                    <\/div>\n\t\t        \n                    <div id=\"perodos-de-carncia-tab\" class=\"clearfix eael-tab-content-item inactive\" data-title-link=\"perodos-de-carncia-tab\">\n\t\t\t\t        <p>Period from which the contracted guarantees start to take effect. For example, in the case of out-patient cover, the Insured Persons only start taking advantage of the insurance, normally after 90 days have elapsed. In the case of Childbirth the waiting period is normally 365 days. In case of an accident no waiting period normally applies.<\/p>                    <\/div>\n\t\t        \n                    <div id=\"franquias-tab\" class=\"clearfix eael-tab-content-item inactive\" data-title-link=\"franquias-tab\">\n\t\t\t\t        <p>Recently, in order not to increase insurance premiums, insurers have opted to introduce an annual excess for outpatient cover (consultations). They set an amount of expenses (usually between \u20ac25.00 and \u20ac50.00) up to which the insurance does not cover the expenses incurred. In practice, as a result of the existence of this deductible, the 1st consultation will have to be paid in full by the Insured Person<\/p>                    <\/div>\n\t\t                    <\/div>\n        <\/div>\n\t\t\t\t<\/div>\n\t\t\t\t<\/div>\n\t\t\t\t<div class=\"elementor-element elementor-element-a2f26c9 elementor-widget elementor-widget-text-editor\" data-id=\"a2f26c9\" data-element_type=\"widget\" data-e-type=\"widget\" data-widget_type=\"text-editor.default\">\n\t\t\t\t<div class=\"elementor-widget-container\">\n\t\t\t\t\t\t\t\t\t<section class=\"text\"><p><em>The information contained in this website is merely indicative. The rights and obligations of the parties are defined in the Proposals, Conditions\u00a0<\/em><em>Special and\u00a0<\/em><em>General applicable terms of the respective insurance policies contracted.<\/em><\/p><\/section>\t\t\t\t\t\t\t\t<\/div>\n\t\t\t\t<\/div>\n\t\t\t\t\t<\/div>\n\t\t<\/div>\n\t\t\t\t\t<\/div>\n\t\t<\/section>\n\t\t\t\t<\/div>","protected":false},"excerpt":{"rendered":"<p>Seguro de Sa\u00fade A sa\u00fade \u00e9 um bem precioso. Para si, que se preocupa com o seu bem-estar e quer, acima de tudo, um servi\u00e7o com qualidade no campo da assist\u00eancia m\u00e9dica, temos \u00e0 sua disposi\u00e7\u00e3o\u00a0especialistas\u00a0para o\u00a0esclarecer\u00a0sobre as solu\u00e7\u00f5es de\u00a0seguro\u00a0disponibilizadas pelas\u00a0Seguradoras. H\u00e1 dois tipos de Seguros de Sa\u00fade:\u00a0&#8211; Seguros por\u00a0Reembolso\u00a0\u2013 A pessoa segura paga as [&hellip;]<\/p>\n","protected":false},"author":1,"featured_media":0,"parent":5717,"menu_order":0,"comment_status":"closed","ping_status":"closed","template":"","meta":{"_acf_changed":false,"footnotes":""},"class_list":["post-6134","page","type-page","status-publish","hentry"],"acf":[],"_links":{"self":[{"href":"https:\/\/www.amplitudeseguros.com\/en\/wp-json\/wp\/v2\/pages\/6134","targetHints":{"allow":["GET"]}}],"collection":[{"href":"https:\/\/www.amplitudeseguros.com\/en\/wp-json\/wp\/v2\/pages"}],"about":[{"href":"https:\/\/www.amplitudeseguros.com\/en\/wp-json\/wp\/v2\/types\/page"}],"author":[{"embeddable":true,"href":"https:\/\/www.amplitudeseguros.com\/en\/wp-json\/wp\/v2\/users\/1"}],"replies":[{"embeddable":true,"href":"https:\/\/www.amplitudeseguros.com\/en\/wp-json\/wp\/v2\/comments?post=6134"}],"version-history":[{"count":19,"href":"https:\/\/www.amplitudeseguros.com\/en\/wp-json\/wp\/v2\/pages\/6134\/revisions"}],"predecessor-version":[{"id":7314,"href":"https:\/\/www.amplitudeseguros.com\/en\/wp-json\/wp\/v2\/pages\/6134\/revisions\/7314"}],"up":[{"embeddable":true,"href":"https:\/\/www.amplitudeseguros.com\/en\/wp-json\/wp\/v2\/pages\/5717"}],"wp:attachment":[{"href":"https:\/\/www.amplitudeseguros.com\/en\/wp-json\/wp\/v2\/media?parent=6134"}],"curies":[{"name":"wp","href":"https:\/\/api.w.org\/{rel}","templated":true}]}}