{"id":6149,"date":"2022-11-11T16:41:18","date_gmt":"2022-11-11T16:41:18","guid":{"rendered":"http:\/\/sitesempresas.com\/amplitude\/?page_id=6149"},"modified":"2022-12-19T16:33:25","modified_gmt":"2022-12-19T16:33:25","slug":"seguro-de-funeral-2","status":"publish","type":"page","link":"https:\/\/www.amplitudeseguros.com\/en\/seguros\/seguros-particulares\/seguro-de-funeral-2\/","title":{"rendered":"Funeral Insurance"},"content":{"rendered":"<div data-elementor-type=\"wp-page\" data-elementor-id=\"6149\" class=\"elementor elementor-6149\">\n\t\t\t\t\t\t<section class=\"elementor-section elementor-top-section elementor-element elementor-element-2d29be5 elementor-section-full_width service-details-page elementor-reverse-tablet elementor-reverse-mobile elementor-section-height-default elementor-section-height-default\" data-id=\"2d29be5\" data-element_type=\"section\" data-e-type=\"section\">\n\t\t\t\t\t\t<div class=\"elementor-container elementor-column-gap-default\">\n\t\t\t\t\t<div class=\"elementor-column elementor-col-100 elementor-top-column elementor-element elementor-element-0b640b9\" data-id=\"0b640b9\" data-element_type=\"column\" data-e-type=\"column\">\n\t\t\t<div class=\"elementor-widget-wrap elementor-element-populated\">\n\t\t\t\t\t\t<div class=\"elementor-element elementor-element-0d565fb service-details-thumbnail elementor-widget elementor-widget-image\" data-id=\"0d565fb\" data-element_type=\"widget\" data-e-type=\"widget\" data-widget_type=\"image.default\">\n\t\t\t\t<div class=\"elementor-widget-container\">\n\t\t\t\t\t\t\t\t\t\t\t\t\t\t\t<img fetchpriority=\"high\" decoding=\"async\" width=\"1470\" height=\"660\" src=\"https:\/\/www.amplitudeseguros.com\/wp-content\/uploads\/2022\/11\/seguro-de-funeral-1470x660.webp\" class=\"attachment-sultin-blog-standard size-sultin-blog-standard wp-image-5799\" alt=\"\" \/>\t\t\t\t\t\t\t\t\t\t\t\t\t\t\t<\/div>\n\t\t\t\t<\/div>\n\t\t\t\t<div class=\"elementor-element elementor-element-b3090d5 elementor-widget elementor-widget-heading\" data-id=\"b3090d5\" data-element_type=\"widget\" data-e-type=\"widget\" data-widget_type=\"heading.default\">\n\t\t\t\t<div class=\"elementor-widget-container\">\n\t\t\t\t\t<h2 class=\"elementor-heading-title elementor-size-default\">Funeral Insurance<\/h2>\t\t\t\t<\/div>\n\t\t\t\t<\/div>\n\t\t\t\t<div class=\"elementor-element elementor-element-0b65cba elementor-widget elementor-widget-text-editor\" data-id=\"0b65cba\" data-element_type=\"widget\" data-e-type=\"widget\" data-widget_type=\"text-editor.default\">\n\t\t\t\t<div class=\"elementor-widget-container\">\n\t\t\t\t\t\t\t\t\t<p>Insurance that provides support at a difficult time, by guaranteeing, in the event of the death of the Insured Person, the organisation and cost of the funeral service.<\/p>\t\t\t\t\t\t\t\t<\/div>\n\t\t\t\t<\/div>\n\t\t\t\t\t<\/div>\n\t\t<\/div>\n\t\t\t\t\t<\/div>\n\t\t<\/section>\n\t\t\t\t<section class=\"elementor-section elementor-top-section elementor-element elementor-element-d68a177 elementor-section-stretched elementor-section-boxed elementor-section-height-default elementor-section-height-default\" data-id=\"d68a177\" data-element_type=\"section\" data-e-type=\"section\" data-settings=\"{&quot;stretch_section&quot;:&quot;section-stretched&quot;,&quot;background_background&quot;:&quot;classic&quot;}\">\n\t\t\t\t\t\t<div class=\"elementor-container elementor-column-gap-default\">\n\t\t\t\t\t<div class=\"elementor-column elementor-col-100 elementor-top-column elementor-element elementor-element-105a0a5\" data-id=\"105a0a5\" data-element_type=\"column\" data-e-type=\"column\">\n\t\t\t<div class=\"elementor-widget-wrap elementor-element-populated\">\n\t\t\t\t\t\t<div class=\"elementor-element elementor-element-7ab624b elementor-widget elementor-widget-heading\" data-id=\"7ab624b\" data-element_type=\"widget\" data-e-type=\"widget\" data-widget_type=\"heading.default\">\n\t\t\t\t<div class=\"elementor-widget-container\">\n\t\t\t\t\t<h2 class=\"elementor-heading-title elementor-size-default\">Advantages<\/h2>\t\t\t\t<\/div>\n\t\t\t\t<\/div>\n\t\t\t\t<div class=\"elementor-element elementor-element-c8261f4 elementor-widget elementor-widget-text-editor\" data-id=\"c8261f4\" data-element_type=\"widget\" data-e-type=\"widget\" data-widget_type=\"text-editor.default\">\n\t\t\t\t<div class=\"elementor-widget-container\">\n\t\t\t\t\t\t\t\t\t<p>It is an insurance that prevents high expenses in the future<br \/>So that those left behind, whether family or friends, are not burdened with funeral expenses.<\/p><p>Simplicity of contracting<br \/>No clinical questionnaire is required (as a rule).<\/p><p>Provision of administrative and psychological support to the family<br \/>These insurances, as a rule, have complementary covers that ensure this type of service.<\/p><p>Reduced premiums<br \/>Reduced monthly fee.<\/p>\t\t\t\t\t\t\t\t<\/div>\n\t\t\t\t<\/div>\n\t\t\t\t\t<\/div>\n\t\t<\/div>\n\t\t\t\t\t<\/div>\n\t\t<\/section>\n\t\t\t\t<section class=\"elementor-section elementor-top-section elementor-element elementor-element-3b93ef3 elementor-section-boxed elementor-section-height-default elementor-section-height-default\" data-id=\"3b93ef3\" data-element_type=\"section\" data-e-type=\"section\">\n\t\t\t\t\t\t<div class=\"elementor-container elementor-column-gap-default\">\n\t\t\t\t\t<div class=\"elementor-column elementor-col-100 elementor-top-column elementor-element elementor-element-343e045\" data-id=\"343e045\" data-element_type=\"column\" data-e-type=\"column\">\n\t\t\t<div class=\"elementor-widget-wrap elementor-element-populated\">\n\t\t\t\t\t\t<div class=\"elementor-element elementor-element-c846886 elementor-widget elementor-widget-heading\" data-id=\"c846886\" data-element_type=\"widget\" data-e-type=\"widget\" data-widget_type=\"heading.default\">\n\t\t\t\t<div class=\"elementor-widget-container\">\n\t\t\t\t\t<h2 class=\"elementor-heading-title elementor-size-default\">Coverage<\/h2>\t\t\t\t<\/div>\n\t\t\t\t<\/div>\n\t\t\t\t<section class=\"elementor-section elementor-inner-section elementor-element elementor-element-8c50b4a elementor-section-boxed elementor-section-height-default elementor-section-height-default\" data-id=\"8c50b4a\" data-element_type=\"section\" data-e-type=\"section\">\n\t\t\t\t\t\t<div class=\"elementor-container elementor-column-gap-default\">\n\t\t\t\t\t<div class=\"elementor-column elementor-col-50 elementor-inner-column elementor-element elementor-element-c12ee31\" data-id=\"c12ee31\" data-element_type=\"column\" data-e-type=\"column\">\n\t\t\t<div class=\"elementor-widget-wrap elementor-element-populated\">\n\t\t\t\t\t\t<div class=\"elementor-element elementor-element-281b875 elementor-widget elementor-widget-text-editor\" data-id=\"281b875\" data-element_type=\"widget\" data-e-type=\"widget\" data-widget_type=\"text-editor.default\">\n\t\t\t\t<div class=\"elementor-widget-container\">\n\t\t\t\t\t\t\t\t\t<p>Base Covers<\/p><ul><li>Organisation and costs of the Funeral Service in Portugal<\/li><\/ul>\t\t\t\t\t\t\t\t<\/div>\n\t\t\t\t<\/div>\n\t\t\t\t\t<\/div>\n\t\t<\/div>\n\t\t\t\t<div class=\"elementor-column elementor-col-50 elementor-inner-column elementor-element elementor-element-1a947bc\" data-id=\"1a947bc\" data-element_type=\"column\" data-e-type=\"column\">\n\t\t\t<div class=\"elementor-widget-wrap elementor-element-populated\">\n\t\t\t\t\t\t<div class=\"elementor-element elementor-element-c7748e7 elementor-widget elementor-widget-text-editor\" data-id=\"c7748e7\" data-element_type=\"widget\" data-e-type=\"widget\" data-widget_type=\"text-editor.default\">\n\t\t\t\t<div class=\"elementor-widget-container\">\n\t\t\t\t\t\t\t\t\t<p>Complementary Covers<\/p><ul><li>Translocation<\/li><li>Psychological support<\/li><li>Child Custody<\/li><li>Capital for Flat, Open Grave or Perpetual Burial<\/li><li>Repatriation of the Insured in case of Death abroad<\/li><\/ul>\t\t\t\t\t\t\t\t<\/div>\n\t\t\t\t<\/div>\n\t\t\t\t\t<\/div>\n\t\t<\/div>\n\t\t\t\t\t<\/div>\n\t\t<\/section>\n\t\t\t\t<div class=\"elementor-element elementor-element-2784320 elementor-widget elementor-widget-text-editor\" data-id=\"2784320\" data-element_type=\"widget\" data-e-type=\"widget\" data-widget_type=\"text-editor.default\">\n\t\t\t\t<div class=\"elementor-widget-container\">\n\t\t\t\t\t\t\t\t\t<section class=\"text\"><p><em>The information contained in this website is merely indicative. The rights and obligations of the parties are defined in the Proposals, Conditions\u00a0<\/em><em>Special and\u00a0<\/em><em>General applicable terms of the respective insurance policies contracted.<\/em><\/p><\/section>\t\t\t\t\t\t\t\t<\/div>\n\t\t\t\t<\/div>\n\t\t\t\t\t<\/div>\n\t\t<\/div>\n\t\t\t\t\t<\/div>\n\t\t<\/section>\n\t\t\t\t<\/div>","protected":false},"excerpt":{"rendered":"<p>Seguro de Funeral Seguros que prestam apoio num momento dif\u00edcil, ao garantir, em caso de Morte da Pessoa Segura, a organiza\u00e7\u00e3o do servi\u00e7o f\u00fanebre e respetivo custo. Vantagens \u00c9 um seguro que evita despesas elevadas no futuroPara que quem fica, sejam familiares ou amigos, n\u00e3o tenham encargos com as despesas de funeral. Simplicidade de contrata\u00e7\u00e3oN\u00e3o [&hellip;]<\/p>\n","protected":false},"author":1,"featured_media":0,"parent":5717,"menu_order":0,"comment_status":"closed","ping_status":"closed","template":"","meta":{"_acf_changed":false,"footnotes":""},"class_list":["post-6149","page","type-page","status-publish","hentry"],"acf":[],"_links":{"self":[{"href":"https:\/\/www.amplitudeseguros.com\/en\/wp-json\/wp\/v2\/pages\/6149","targetHints":{"allow":["GET"]}}],"collection":[{"href":"https:\/\/www.amplitudeseguros.com\/en\/wp-json\/wp\/v2\/pages"}],"about":[{"href":"https:\/\/www.amplitudeseguros.com\/en\/wp-json\/wp\/v2\/types\/page"}],"author":[{"embeddable":true,"href":"https:\/\/www.amplitudeseguros.com\/en\/wp-json\/wp\/v2\/users\/1"}],"replies":[{"embeddable":true,"href":"https:\/\/www.amplitudeseguros.com\/en\/wp-json\/wp\/v2\/comments?post=6149"}],"version-history":[{"count":10,"href":"https:\/\/www.amplitudeseguros.com\/en\/wp-json\/wp\/v2\/pages\/6149\/revisions"}],"predecessor-version":[{"id":6996,"href":"https:\/\/www.amplitudeseguros.com\/en\/wp-json\/wp\/v2\/pages\/6149\/revisions\/6996"}],"up":[{"embeddable":true,"href":"https:\/\/www.amplitudeseguros.com\/en\/wp-json\/wp\/v2\/pages\/5717"}],"wp:attachment":[{"href":"https:\/\/www.amplitudeseguros.com\/en\/wp-json\/wp\/v2\/media?parent=6149"}],"curies":[{"name":"wp","href":"https:\/\/api.w.org\/{rel}","templated":true}]}}