{"id":6162,"date":"2022-11-11T16:45:34","date_gmt":"2022-11-11T16:45:34","guid":{"rendered":"http:\/\/sitesempresas.com\/amplitude\/?page_id=6162"},"modified":"2022-12-15T15:02:40","modified_gmt":"2022-12-15T15:02:40","slug":"acidentes-de-trabalho-empregados-domesticos-2","status":"publish","type":"page","link":"https:\/\/www.amplitudeseguros.com\/en\/seguros\/seguros-particulares\/acidentes-de-trabalho-empregados-domesticos-2\/","title":{"rendered":"Accidents at Work - Domestic Employees"},"content":{"rendered":"<div data-elementor-type=\"wp-page\" data-elementor-id=\"6162\" class=\"elementor elementor-6162\">\n\t\t\t\t\t\t<section class=\"elementor-section elementor-top-section elementor-element elementor-element-2d29be5 elementor-section-full_width service-details-page elementor-reverse-tablet elementor-reverse-mobile elementor-section-height-default elementor-section-height-default\" data-id=\"2d29be5\" data-element_type=\"section\" data-e-type=\"section\">\n\t\t\t\t\t\t<div class=\"elementor-container elementor-column-gap-default\">\n\t\t\t\t\t<div class=\"elementor-column elementor-col-100 elementor-top-column elementor-element elementor-element-0b640b9\" data-id=\"0b640b9\" data-element_type=\"column\" data-e-type=\"column\">\n\t\t\t<div class=\"elementor-widget-wrap elementor-element-populated\">\n\t\t\t\t\t\t<div class=\"elementor-element elementor-element-0d565fb service-details-thumbnail elementor-widget elementor-widget-image\" data-id=\"0d565fb\" data-element_type=\"widget\" data-e-type=\"widget\" data-widget_type=\"image.default\">\n\t\t\t\t<div class=\"elementor-widget-container\">\n\t\t\t\t\t\t\t\t\t\t\t\t\t\t\t<img fetchpriority=\"high\" decoding=\"async\" width=\"1470\" height=\"660\" src=\"https:\/\/www.amplitudeseguros.com\/wp-content\/uploads\/2022\/11\/Acidentes-de-Trabalho-Empregados-Domesticos-1470x660.webp\" class=\"attachment-sultin-blog-standard size-sultin-blog-standard wp-image-5801\" alt=\"\" \/>\t\t\t\t\t\t\t\t\t\t\t\t\t\t\t<\/div>\n\t\t\t\t<\/div>\n\t\t\t\t<div class=\"elementor-element elementor-element-b3090d5 elementor-widget elementor-widget-heading\" data-id=\"b3090d5\" data-element_type=\"widget\" data-e-type=\"widget\" data-widget_type=\"heading.default\">\n\t\t\t\t<div class=\"elementor-widget-container\">\n\t\t\t\t\t<h2 class=\"elementor-heading-title elementor-size-default\">Accidents at Work - Domestic Employees<\/h2>\t\t\t\t<\/div>\n\t\t\t\t<\/div>\n\t\t\t\t<div class=\"elementor-element elementor-element-0b65cba elementor-widget elementor-widget-text-editor\" data-id=\"0b65cba\" data-element_type=\"widget\" data-e-type=\"widget\" data-widget_type=\"text-editor.default\">\n\t\t\t\t<div class=\"elementor-widget-container\">\n\t\t\t\t\t\t\t\t\t<p>Because we know that accidents can happen to people who work in your home, we present you with a solution that guarantees the protection of those who provide services to your home, such as the maid, the gardener or even the driver.<\/p><p>With Workmen's Compensation Insurance you protect those who look after your home. By law it is compulsory for your domestic staff to be insured against accidents at work. The insurance allows you to comply with this legal obligation, while at the same time providing you with a respite, turning this obligation into an advantage.<\/p><p>Your responsibilities become the Insurer, in the event of an accident occurring on your service or on the way to your residence and vice-versa, the Insurer assumes the indemnities and pensions, established by law, arising from that same accident. This insurance does not require the indication of the name of the Insured Person.<\/p>\t\t\t\t\t\t\t\t<\/div>\n\t\t\t\t<\/div>\n\t\t\t\t\t<\/div>\n\t\t<\/div>\n\t\t\t\t\t<\/div>\n\t\t<\/section>\n\t\t\t\t<section class=\"elementor-section elementor-top-section elementor-element elementor-element-d68a177 elementor-section-stretched elementor-section-boxed elementor-section-height-default elementor-section-height-default\" data-id=\"d68a177\" data-element_type=\"section\" data-e-type=\"section\" data-settings=\"{&quot;stretch_section&quot;:&quot;section-stretched&quot;,&quot;background_background&quot;:&quot;classic&quot;}\">\n\t\t\t\t\t\t<div class=\"elementor-container elementor-column-gap-default\">\n\t\t\t\t\t<div class=\"elementor-column elementor-col-100 elementor-top-column elementor-element elementor-element-105a0a5\" data-id=\"105a0a5\" data-element_type=\"column\" data-e-type=\"column\">\n\t\t\t<div class=\"elementor-widget-wrap elementor-element-populated\">\n\t\t\t\t\t\t<div class=\"elementor-element elementor-element-7ab624b elementor-widget elementor-widget-heading\" data-id=\"7ab624b\" data-element_type=\"widget\" data-e-type=\"widget\" data-widget_type=\"heading.default\">\n\t\t\t\t<div class=\"elementor-widget-container\">\n\t\t\t\t\t<h2 class=\"elementor-heading-title elementor-size-default\">Coverage<\/h2>\t\t\t\t<\/div>\n\t\t\t\t<\/div>\n\t\t\t\t<div class=\"elementor-element elementor-element-c8261f4 elementor-widget elementor-widget-text-editor\" data-id=\"c8261f4\" data-element_type=\"widget\" data-e-type=\"widget\" data-widget_type=\"text-editor.default\">\n\t\t\t\t<div class=\"elementor-widget-container\">\n\t\t\t\t\t\t\t\t\t<p>Base Covers<\/p><p>Payment of all benefits defined by law for the recovery of the insured person (medical, surgical, pharmaceutical and hospital assistance) or funeral expenses, in the event of an accident at the place of work or on the way from home to work. It is an occupational accident insurance that is compulsory by law.<\/p><ul><li>Medical, surgical, pharmaceutical and hospital care;<\/li><li>Compensation for Temporary Disability (Absolute or Partial);<\/li><li>Compensation for Permanent Disability (Absolute or Partial);<\/li><li>Compensation in the event of Death;<\/li><li>The payment of other expenses and compensation as a result of an accident.<\/li><\/ul>\t\t\t\t\t\t\t\t<\/div>\n\t\t\t\t<\/div>\n\t\t\t\t\t<\/div>\n\t\t<\/div>\n\t\t\t\t\t<\/div>\n\t\t<\/section>\n\t\t\t\t<section class=\"elementor-section elementor-top-section elementor-element elementor-element-3b93ef3 elementor-section-boxed elementor-section-height-default elementor-section-height-default\" data-id=\"3b93ef3\" data-element_type=\"section\" data-e-type=\"section\">\n\t\t\t\t\t\t<div class=\"elementor-container elementor-column-gap-default\">\n\t\t\t\t\t<div class=\"elementor-column elementor-col-100 elementor-top-column elementor-element elementor-element-343e045\" data-id=\"343e045\" data-element_type=\"column\" data-e-type=\"column\">\n\t\t\t<div class=\"elementor-widget-wrap elementor-element-populated\">\n\t\t\t\t\t\t<div class=\"elementor-element elementor-element-c846886 elementor-widget elementor-widget-heading\" data-id=\"c846886\" data-element_type=\"widget\" data-e-type=\"widget\" data-widget_type=\"heading.default\">\n\t\t\t\t<div class=\"elementor-widget-container\">\n\t\t\t\t\t<h2 class=\"elementor-heading-title elementor-size-default\">Care to be taken<\/h2>\t\t\t\t<\/div>\n\t\t\t\t<\/div>\n\t\t\t\t<div class=\"elementor-element elementor-element-281b875 elementor-widget elementor-widget-text-editor\" data-id=\"281b875\" data-element_type=\"widget\" data-e-type=\"widget\" data-widget_type=\"text-editor.default\">\n\t\t\t\t<div class=\"elementor-widget-container\">\n\t\t\t\t\t\t\t\t\t<p>What wage should be insured: the employer is always responsible for determining the wage to be insured, but it cannot be less than the value of the Guaranteed Minimum Monthly Wage (RMMG). Every year a law is published, which updates the RMMG for the following year.  The insured salary must correspond to everything that the law considers to be an integral part of the salary, including the value of food and housing, as well as other regular benefits in kind or in cash, and also holiday and Christmas bonuses.<\/p><p>In the case of part-time employees \"woman by days\" the calculation of the capital to be insured is obtained through the formula (example):\u00a0<\/p><ul><li>Wage\/hour x 8 hours per week x 52 weeks per year \/ 12 months x 14 months\u00a0<\/li><\/ul>\t\t\t\t\t\t\t\t<\/div>\n\t\t\t\t<\/div>\n\t\t\t\t<div class=\"elementor-element elementor-element-a4f9339 elementor-widget elementor-widget-text-editor\" data-id=\"a4f9339\" data-element_type=\"widget\" data-e-type=\"widget\" data-widget_type=\"text-editor.default\">\n\t\t\t\t<div class=\"elementor-widget-container\">\n\t\t\t\t\t\t\t\t\t<p>Legal obligation to insure: failure to take out this compulsory insurance constitutes an administrative offence punishable by a fine of \u20ac500 to \u20ac3,750 or \u20ac25,000, depending on whether the employer is a natural or legal person (Article 67 of Decree-Law 143\/99 of 30 April).<\/p><p><strong>\u00a0<\/strong><\/p>\t\t\t\t\t\t\t\t<\/div>\n\t\t\t\t<\/div>\n\t\t\t\t<div class=\"elementor-element elementor-element-2784320 elementor-widget elementor-widget-text-editor\" data-id=\"2784320\" data-element_type=\"widget\" data-e-type=\"widget\" data-widget_type=\"text-editor.default\">\n\t\t\t\t<div class=\"elementor-widget-container\">\n\t\t\t\t\t\t\t\t\t<section class=\"text\"><p><em>The information contained in this website is merely indicative. The rights and obligations of the parties are defined in the Proposals, Conditions\u00a0<\/em><em>Special and\u00a0<\/em><em>General applicable terms of the respective insurance policies contracted.<\/em><\/p><\/section>\t\t\t\t\t\t\t\t<\/div>\n\t\t\t\t<\/div>\n\t\t\t\t\t<\/div>\n\t\t<\/div>\n\t\t\t\t\t<\/div>\n\t\t<\/section>\n\t\t\t\t<\/div>","protected":false},"excerpt":{"rendered":"<p>Acidentes de Trabalho &#8211; Empregados Dom\u00e9sticos Porque sabemos que os acidentes podem acontecer com as pessoas que trabalham em sua casa, apresentamos-lhe a solu\u00e7\u00e3o que lhe garante a prote\u00e7\u00e3o daqueles que prestam servi\u00e7os ao seu lar, tais como, empregada dom\u00e9stica, o jardineiro ou at\u00e9 o motorista. Com o Seguro Acidentes Trabalho\u00a0est\u00e1 a proteger quem cuida [&hellip;]<\/p>\n","protected":false},"author":1,"featured_media":0,"parent":5717,"menu_order":0,"comment_status":"closed","ping_status":"closed","template":"","meta":{"_acf_changed":false,"footnotes":""},"class_list":["post-6162","page","type-page","status-publish","hentry"],"acf":[],"_links":{"self":[{"href":"https:\/\/www.amplitudeseguros.com\/en\/wp-json\/wp\/v2\/pages\/6162","targetHints":{"allow":["GET"]}}],"collection":[{"href":"https:\/\/www.amplitudeseguros.com\/en\/wp-json\/wp\/v2\/pages"}],"about":[{"href":"https:\/\/www.amplitudeseguros.com\/en\/wp-json\/wp\/v2\/types\/page"}],"author":[{"embeddable":true,"href":"https:\/\/www.amplitudeseguros.com\/en\/wp-json\/wp\/v2\/users\/1"}],"replies":[{"embeddable":true,"href":"https:\/\/www.amplitudeseguros.com\/en\/wp-json\/wp\/v2\/comments?post=6162"}],"version-history":[{"count":10,"href":"https:\/\/www.amplitudeseguros.com\/en\/wp-json\/wp\/v2\/pages\/6162\/revisions"}],"predecessor-version":[{"id":6897,"href":"https:\/\/www.amplitudeseguros.com\/en\/wp-json\/wp\/v2\/pages\/6162\/revisions\/6897"}],"up":[{"embeddable":true,"href":"https:\/\/www.amplitudeseguros.com\/en\/wp-json\/wp\/v2\/pages\/5717"}],"wp:attachment":[{"href":"https:\/\/www.amplitudeseguros.com\/en\/wp-json\/wp\/v2\/media?parent=6162"}],"curies":[{"name":"wp","href":"https:\/\/api.w.org\/{rel}","templated":true}]}}