{"id":6210,"date":"2022-11-14T14:14:12","date_gmt":"2022-11-14T14:14:12","guid":{"rendered":"http:\/\/sitesempresas.com\/amplitude\/?page_id=6210"},"modified":"2023-02-03T17:23:34","modified_gmt":"2023-02-03T17:23:34","slug":"proposta-de-valor","status":"publish","type":"page","link":"https:\/\/www.amplitudeseguros.com\/en\/seguros\/affinities\/proposta-de-valor\/","title":{"rendered":"Value Proposition"},"content":{"rendered":"<div data-elementor-type=\"wp-page\" data-elementor-id=\"6210\" class=\"elementor elementor-6210\">\n\t\t\t\t\t\t<section class=\"elementor-section elementor-top-section elementor-element elementor-element-2d29be5 elementor-section-full_width service-details-page elementor-reverse-tablet elementor-reverse-mobile elementor-section-height-default elementor-section-height-default\" data-id=\"2d29be5\" data-element_type=\"section\" data-e-type=\"section\">\n\t\t\t\t\t\t<div class=\"elementor-container elementor-column-gap-default\">\n\t\t\t\t\t<div class=\"elementor-column elementor-col-100 elementor-top-column elementor-element elementor-element-0b640b9\" data-id=\"0b640b9\" data-element_type=\"column\" data-e-type=\"column\">\n\t\t\t<div class=\"elementor-widget-wrap elementor-element-populated\">\n\t\t\t\t\t\t<div class=\"elementor-element elementor-element-0d565fb service-details-thumbnail elementor-widget elementor-widget-image\" data-id=\"0d565fb\" data-element_type=\"widget\" data-e-type=\"widget\" data-widget_type=\"image.default\">\n\t\t\t\t<div class=\"elementor-widget-container\">\n\t\t\t\t\t\t\t\t\t\t\t\t\t\t\t<img fetchpriority=\"high\" decoding=\"async\" width=\"1470\" height=\"660\" src=\"https:\/\/www.amplitudeseguros.com\/wp-content\/uploads\/2022\/11\/Proposta-de-Valor-1470x660.webp\" class=\"attachment-sultin-blog-standard size-sultin-blog-standard wp-image-6212\" alt=\"\" \/>\t\t\t\t\t\t\t\t\t\t\t\t\t\t\t<\/div>\n\t\t\t\t<\/div>\n\t\t\t\t<div class=\"elementor-element elementor-element-b3090d5 elementor-widget elementor-widget-heading\" data-id=\"b3090d5\" data-element_type=\"widget\" data-e-type=\"widget\" data-widget_type=\"heading.default\">\n\t\t\t\t<div class=\"elementor-widget-container\">\n\t\t\t\t\t<h2 class=\"elementor-heading-title elementor-size-default\">Value Proposition<\/h2>\t\t\t\t<\/div>\n\t\t\t\t<\/div>\n\t\t\t\t<div class=\"elementor-element elementor-element-ef33357 elementor-widget elementor-widget-text-editor\" data-id=\"ef33357\" data-element_type=\"widget\" data-e-type=\"widget\" data-widget_type=\"text-editor.default\">\n\t\t\t\t<div class=\"elementor-widget-container\">\n\t\t\t\t\t\t\t\t\t<p>More than a traditional broker, Amplitude creates and develops Affinity Programmes, insurance solutions complementary to the business of its partner companies, aimed at improving and enriching the offer for final customers.<\/p><p>We offer simple and innovative solutions, designed in conjunction with Companies, Brands, Clubs, Associations,..., that is, groups with a certain affinity, which allows them:\u00a0<\/p>\t\t\t\t\t\t\t\t<\/div>\n\t\t\t\t<\/div>\n\t\t\t\t<section class=\"elementor-section elementor-inner-section elementor-element elementor-element-8b3534f elementor-section-boxed elementor-section-height-default elementor-section-height-default\" data-id=\"8b3534f\" data-element_type=\"section\" data-e-type=\"section\">\n\t\t\t\t\t\t<div class=\"elementor-container elementor-column-gap-extended\">\n\t\t\t\t\t<div class=\"elementor-column elementor-col-33 elementor-inner-column elementor-element elementor-element-e78c9ba\" data-id=\"e78c9ba\" data-element_type=\"column\" data-e-type=\"column\">\n\t\t\t<div class=\"elementor-widget-wrap elementor-element-populated\">\n\t\t\t\t\t\t<div class=\"elementor-element elementor-element-38d3d3a elementor-widget elementor-widget-sultin_stories_area\" data-id=\"38d3d3a\" data-element_type=\"widget\" data-e-type=\"widget\" data-widget_type=\"sultin_stories_area.default\">\n\t\t\t\t<div class=\"elementor-widget-container\">\n\t\t\t\t\t        <div class=\"case-stories__single\">\r\n            <div class=\"img-box\">\r\n                <img decoding=\"async\" width=\"570\" height=\"505\" src=\"https:\/\/www.amplitudeseguros.com\/wp-content\/uploads\/2022\/12\/innovative-and-experienced-2021-08-27-14-10-46-utc.webp\" class=\"attachment-full size-full\" alt=\"\" srcset=\"https:\/\/www.amplitudeseguros.com\/wp-content\/uploads\/2022\/12\/innovative-and-experienced-2021-08-27-14-10-46-utc.webp 570w, https:\/\/www.amplitudeseguros.com\/wp-content\/uploads\/2022\/12\/innovative-and-experienced-2021-08-27-14-10-46-utc-300x266.webp 300w\" sizes=\"(max-width: 570px) 100vw, 570px\" \/>            <\/div>\r\n\t\t\t<a href=\"\"  >\r\n            <div class=\"content-box\">\r\n                <div class=\"top-text\">\r\n                    <h2>Innovate face<\/br> to Competition<\/h2>\r\n                    <div class=\"line\"><\/div>\r\n                <\/div>\r\n                <div class=\"bottom-text\">\r\n                    <div class=\"text\">\r\n                        <p>                        <\/p>\r\n                    <\/div>\r\n                    <div class=\"icon\"><span class=\"icon-right-arrow\"><\/span>\r\n                    <\/div>\r\n                <\/div>\r\n            <\/div><\/a>\r\n        <\/div>\r\n\t\t\t\t<\/div>\n\t\t\t\t<\/div>\n\t\t\t\t\t<\/div>\n\t\t<\/div>\n\t\t\t\t<div class=\"elementor-column elementor-col-33 elementor-inner-column elementor-element elementor-element-e9c3f10\" data-id=\"e9c3f10\" data-element_type=\"column\" data-e-type=\"column\">\n\t\t\t<div class=\"elementor-widget-wrap\">\n\t\t\t\t\t\t\t<\/div>\n\t\t<\/div>\n\t\t\t\t<div class=\"elementor-column elementor-col-33 elementor-inner-column elementor-element elementor-element-0f67c04\" data-id=\"0f67c04\" data-element_type=\"column\" data-e-type=\"column\">\n\t\t\t<div class=\"elementor-widget-wrap elementor-element-populated\">\n\t\t\t\t\t\t<div class=\"elementor-element elementor-element-ac66627 elementor-widget elementor-widget-sultin_stories_area\" data-id=\"ac66627\" data-element_type=\"widget\" data-e-type=\"widget\" data-widget_type=\"sultin_stories_area.default\">\n\t\t\t\t<div class=\"elementor-widget-container\">\n\t\t\t\t\t        <div class=\"case-stories__single\">\r\n            <div class=\"img-box\">\r\n                <img decoding=\"async\" width=\"570\" height=\"505\" src=\"https:\/\/www.amplitudeseguros.com\/wp-content\/uploads\/2022\/12\/business-shaking-hand-with-a-client-2021-08-29-09-54-38-utc.webp\" class=\"attachment-full size-full\" alt=\"\" srcset=\"https:\/\/www.amplitudeseguros.com\/wp-content\/uploads\/2022\/12\/business-shaking-hand-with-a-client-2021-08-29-09-54-38-utc.webp 570w, https:\/\/www.amplitudeseguros.com\/wp-content\/uploads\/2022\/12\/business-shaking-hand-with-a-client-2021-08-29-09-54-38-utc-300x266.webp 300w\" sizes=\"(max-width: 570px) 100vw, 570px\" \/>            <\/div>\r\n\t\t\t<a href=\"\"  >\r\n            <div class=\"content-box\">\r\n                <div class=\"top-text\">\r\n                    <h2>Increase Loyalty<\/br> of Customers<\/h2>\r\n                    <div class=\"line\"><\/div>\r\n                <\/div>\r\n                <div class=\"bottom-text\">\r\n                    <div class=\"text\">\r\n                        <p>                        <\/p>\r\n                    <\/div>\r\n                    <div class=\"icon\"><span class=\"icon-right-arrow\"><\/span>\r\n                    <\/div>\r\n                <\/div>\r\n            <\/div><\/a>\r\n        <\/div>\r\n\t\t\t\t<\/div>\n\t\t\t\t<\/div>\n\t\t\t\t\t<\/div>\n\t\t<\/div>\n\t\t\t\t\t<\/div>\n\t\t<\/section>\n\t\t\t\t<section class=\"elementor-section elementor-inner-section elementor-element elementor-element-147ad3a elementor-section-boxed elementor-section-height-default elementor-section-height-default\" data-id=\"147ad3a\" data-element_type=\"section\" data-e-type=\"section\">\n\t\t\t\t\t\t<div class=\"elementor-container elementor-column-gap-extended\">\n\t\t\t\t\t<div class=\"elementor-column elementor-col-33 elementor-inner-column elementor-element elementor-element-d7237d8\" data-id=\"d7237d8\" data-element_type=\"column\" data-e-type=\"column\">\n\t\t\t<div class=\"elementor-widget-wrap\">\n\t\t\t\t\t\t\t<\/div>\n\t\t<\/div>\n\t\t\t\t<div class=\"elementor-column elementor-col-33 elementor-inner-column elementor-element elementor-element-953aa31\" data-id=\"953aa31\" data-element_type=\"column\" data-e-type=\"column\">\n\t\t\t<div class=\"elementor-widget-wrap elementor-element-populated\">\n\t\t\t\t\t\t<div class=\"elementor-element elementor-element-86c0042 elementor-widget elementor-widget-sultin_stories_area\" data-id=\"86c0042\" data-element_type=\"widget\" data-e-type=\"widget\" data-widget_type=\"sultin_stories_area.default\">\n\t\t\t\t<div class=\"elementor-widget-container\">\n\t\t\t\t\t        <div class=\"case-stories__single\">\r\n            <div class=\"img-box\">\r\n                <img loading=\"lazy\" decoding=\"async\" width=\"570\" height=\"505\" src=\"https:\/\/www.amplitudeseguros.com\/wp-content\/uploads\/2022\/12\/team-of-innovators-2022-10-28-05-16-23-utc.webp\" class=\"attachment-full size-full\" alt=\"\" srcset=\"https:\/\/www.amplitudeseguros.com\/wp-content\/uploads\/2022\/12\/team-of-innovators-2022-10-28-05-16-23-utc.webp 570w, https:\/\/www.amplitudeseguros.com\/wp-content\/uploads\/2022\/12\/team-of-innovators-2022-10-28-05-16-23-utc-300x266.webp 300w\" sizes=\"(max-width: 570px) 100vw, 570px\" \/>            <\/div>\r\n\t\t\t<a href=\"\"  >\r\n            <div class=\"content-box\">\r\n                <div class=\"top-text\">\r\n                    <h2>Increasing <br>Brand Value<\/h2>\r\n                    <div class=\"line\"><\/div>\r\n                <\/div>\r\n                <div class=\"bottom-text\">\r\n                    <div class=\"text\">\r\n                        <p>                        <\/p>\r\n                    <\/div>\r\n                    <div class=\"icon\"><span class=\"icon-right-arrow\"><\/span>\r\n                    <\/div>\r\n                <\/div>\r\n            <\/div><\/a>\r\n        <\/div>\r\n\t\t\t\t<\/div>\n\t\t\t\t<\/div>\n\t\t\t\t\t<\/div>\n\t\t<\/div>\n\t\t\t\t<div class=\"elementor-column elementor-col-33 elementor-inner-column elementor-element elementor-element-9d4c15d\" data-id=\"9d4c15d\" data-element_type=\"column\" data-e-type=\"column\">\n\t\t\t<div class=\"elementor-widget-wrap\">\n\t\t\t\t\t\t\t<\/div>\n\t\t<\/div>\n\t\t\t\t\t<\/div>\n\t\t<\/section>\n\t\t\t\t<section class=\"elementor-section elementor-inner-section elementor-element elementor-element-adafc2c elementor-section-boxed elementor-section-height-default elementor-section-height-default\" data-id=\"adafc2c\" data-element_type=\"section\" data-e-type=\"section\">\n\t\t\t\t\t\t<div class=\"elementor-container elementor-column-gap-extended\">\n\t\t\t\t\t<div class=\"elementor-column elementor-col-33 elementor-inner-column elementor-element elementor-element-f61d750\" data-id=\"f61d750\" data-element_type=\"column\" data-e-type=\"column\">\n\t\t\t<div class=\"elementor-widget-wrap elementor-element-populated\">\n\t\t\t\t\t\t<div class=\"elementor-element elementor-element-7b8b0aa elementor-widget elementor-widget-sultin_stories_area\" data-id=\"7b8b0aa\" data-element_type=\"widget\" data-e-type=\"widget\" data-widget_type=\"sultin_stories_area.default\">\n\t\t\t\t<div class=\"elementor-widget-container\">\n\t\t\t\t\t        <div class=\"case-stories__single\">\r\n            <div class=\"img-box\">\r\n                <img loading=\"lazy\" decoding=\"async\" width=\"570\" height=\"505\" src=\"https:\/\/www.amplitudeseguros.com\/wp-content\/uploads\/2022\/12\/team-of-innovators-2022-10-28-05-45-17-utc.webp\" class=\"attachment-full size-full\" alt=\"\" srcset=\"https:\/\/www.amplitudeseguros.com\/wp-content\/uploads\/2022\/12\/team-of-innovators-2022-10-28-05-45-17-utc.webp 570w, https:\/\/www.amplitudeseguros.com\/wp-content\/uploads\/2022\/12\/team-of-innovators-2022-10-28-05-45-17-utc-300x266.webp 300w\" sizes=\"(max-width: 570px) 100vw, 570px\" \/>            <\/div>\r\n\t\t\t<a href=\"\"  >\r\n            <div class=\"content-box\">\r\n                <div class=\"top-text\">\r\n                    <h2>Diversify Product Range<\/h2>\r\n                    <div class=\"line\"><\/div>\r\n                <\/div>\r\n                <div class=\"bottom-text\">\r\n                    <div class=\"text\">\r\n                        <p>                        <\/p>\r\n                    <\/div>\r\n                    <div class=\"icon\"><span class=\"icon-right-arrow\"><\/span>\r\n                    <\/div>\r\n                <\/div>\r\n            <\/div><\/a>\r\n        <\/div>\r\n\t\t\t\t<\/div>\n\t\t\t\t<\/div>\n\t\t\t\t\t<\/div>\n\t\t<\/div>\n\t\t\t\t<div class=\"elementor-column elementor-col-33 elementor-inner-column elementor-element elementor-element-3e51942\" data-id=\"3e51942\" data-element_type=\"column\" data-e-type=\"column\">\n\t\t\t<div class=\"elementor-widget-wrap\">\n\t\t\t\t\t\t\t<\/div>\n\t\t<\/div>\n\t\t\t\t<div class=\"elementor-column elementor-col-33 elementor-inner-column elementor-element elementor-element-8918fda\" data-id=\"8918fda\" data-element_type=\"column\" data-e-type=\"column\">\n\t\t\t<div class=\"elementor-widget-wrap elementor-element-populated\">\n\t\t\t\t\t\t<div class=\"elementor-element elementor-element-9c0f3c8 elementor-widget elementor-widget-sultin_stories_area\" data-id=\"9c0f3c8\" data-element_type=\"widget\" data-e-type=\"widget\" data-widget_type=\"sultin_stories_area.default\">\n\t\t\t\t<div class=\"elementor-widget-container\">\n\t\t\t\t\t        <div class=\"case-stories__single\">\r\n            <div class=\"img-box\">\r\n                <img loading=\"lazy\" decoding=\"async\" width=\"570\" height=\"505\" src=\"https:\/\/www.amplitudeseguros.com\/wp-content\/uploads\/2022\/12\/young-investor-businessmen-meeting-to-analysis-ris-2022-11-18-20-09-04-utc.webp\" class=\"attachment-full size-full\" alt=\"\" srcset=\"https:\/\/www.amplitudeseguros.com\/wp-content\/uploads\/2022\/12\/young-investor-businessmen-meeting-to-analysis-ris-2022-11-18-20-09-04-utc.webp 570w, https:\/\/www.amplitudeseguros.com\/wp-content\/uploads\/2022\/12\/young-investor-businessmen-meeting-to-analysis-ris-2022-11-18-20-09-04-utc-300x266.webp 300w\" sizes=\"(max-width: 570px) 100vw, 570px\" \/>            <\/div>\r\n\t\t\t<a href=\"\"  >\r\n            <div class=\"content-box\">\r\n                <div class=\"top-text\">\r\n                    <h2>Create Centre for<br> Additional Profit<\/h2>\r\n                    <div class=\"line\"><\/div>\r\n                <\/div>\r\n                <div class=\"bottom-text\">\r\n                    <div class=\"text\">\r\n                        <p>                        <\/p>\r\n                    <\/div>\r\n                    <div class=\"icon\"><span class=\"icon-right-arrow\"><\/span>\r\n                    <\/div>\r\n                <\/div>\r\n            <\/div><\/a>\r\n        <\/div>\r\n\t\t\t\t<\/div>\n\t\t\t\t<\/div>\n\t\t\t\t\t<\/div>\n\t\t<\/div>\n\t\t\t\t\t<\/div>\n\t\t<\/section>\n\t\t\t\t\t<\/div>\n\t\t<\/div>\n\t\t\t\t\t<\/div>\n\t\t<\/section>\n\t\t\t\t<section class=\"elementor-section elementor-top-section elementor-element elementor-element-d68a177 elementor-section-stretched elementor-section-boxed elementor-section-height-default elementor-section-height-default\" data-id=\"d68a177\" data-element_type=\"section\" data-e-type=\"section\" data-settings=\"{&quot;stretch_section&quot;:&quot;section-stretched&quot;,&quot;background_background&quot;:&quot;classic&quot;}\">\n\t\t\t\t\t\t<div class=\"elementor-container elementor-column-gap-default\">\n\t\t\t\t\t<div class=\"elementor-column elementor-col-100 elementor-top-column elementor-element elementor-element-105a0a5\" data-id=\"105a0a5\" data-element_type=\"column\" data-e-type=\"column\">\n\t\t\t<div class=\"elementor-widget-wrap elementor-element-populated\">\n\t\t\t\t\t\t<div class=\"elementor-element elementor-element-7ab624b elementor-widget elementor-widget-heading\" data-id=\"7ab624b\" data-element_type=\"widget\" data-e-type=\"widget\" data-widget_type=\"heading.default\">\n\t\t\t\t<div class=\"elementor-widget-container\">\n\t\t\t\t\t<h2 class=\"elementor-heading-title elementor-size-default\">Areas of Expertise<\/h2>\t\t\t\t<\/div>\n\t\t\t\t<\/div>\n\t\t\t\t<section class=\"elementor-section elementor-inner-section elementor-element elementor-element-fd04a30 elementor-section-boxed elementor-section-height-default elementor-section-height-default\" data-id=\"fd04a30\" data-element_type=\"section\" data-e-type=\"section\">\n\t\t\t\t\t\t<div class=\"elementor-container elementor-column-gap-default\">\n\t\t\t\t\t<div class=\"elementor-column elementor-col-50 elementor-inner-column elementor-element elementor-element-c47e12f\" data-id=\"c47e12f\" data-element_type=\"column\" data-e-type=\"column\">\n\t\t\t<div class=\"elementor-widget-wrap elementor-element-populated\">\n\t\t\t\t\t\t<div class=\"elementor-element elementor-element-0aa1e6c elementor-widget elementor-widget-text-editor\" data-id=\"0aa1e6c\" data-element_type=\"widget\" data-e-type=\"widget\" data-widget_type=\"text-editor.default\">\n\t\t\t\t<div class=\"elementor-widget-container\">\n\t\t\t\t\t\t\t\t\t<p>Retail - Computers and Electrical Appliances<\/p><ul><li>Electronic Equipment Insurance\u00a0<\/li><li>Extended Warranty<\/li><li>Best Price<\/li><li>Help Desk<\/li><\/ul><p>Car Finance<\/p><ul><li>Renewal guarantee (0% interest)<\/li><li>Finance GAP (differential of total loss value versus outstanding value)<\/li><li>Deductible reimbursement<\/li><li>SOS Auto (breakdown)<\/li><\/ul><p>Car Importers and Dealers<\/p><ul><li>Warranty Extensions<\/li><li>Upgrade Guarantee<\/li><li>Tyre Warranty<\/li><li>Reimbursement excess<\/li><li>\"Happy Events\" (Award in case of baby birth, wedding, etc.)<\/li><li>Car Insurance<\/li><li>Life insurance<\/li><li>Personal Accidents<\/li><\/ul>\t\t\t\t\t\t\t\t<\/div>\n\t\t\t\t<\/div>\n\t\t\t\t\t<\/div>\n\t\t<\/div>\n\t\t\t\t<div class=\"elementor-column elementor-col-50 elementor-inner-column elementor-element elementor-element-0028878\" data-id=\"0028878\" data-element_type=\"column\" data-e-type=\"column\">\n\t\t\t<div class=\"elementor-widget-wrap elementor-element-populated\">\n\t\t\t\t\t\t<div class=\"elementor-element elementor-element-d2f9d12 elementor-widget elementor-widget-text-editor\" data-id=\"d2f9d12\" data-element_type=\"widget\" data-e-type=\"widget\" data-widget_type=\"text-editor.default\">\n\t\t\t\t<div class=\"elementor-widget-container\">\n\t\t\t\t\t\t\t\t\t<p>Credit Cards \/ Consumer Credit<\/p><ul><li>Personal Accidents<\/li><li>Weather Insurance<\/li><li>Happy events\" (Award in case of baby birth, wedding, etc)<\/li><li>Shopping Protection<\/li><li>Credit Protection<\/li><li>Travel Agencies<\/li><\/ul><ul><li>Travel Insurance<\/li><li>Weather Insurance<\/li><\/ul><p>Other sectors of activity<\/p><ul><li>Personal accident and theft bike insurance (bike shops)<\/li><li>Insurance for spectacles (spectacle shops)<\/li><li>Insurance for musical instruments (music shops)<\/li><\/ul>\t\t\t\t\t\t\t\t<\/div>\n\t\t\t\t<\/div>\n\t\t\t\t\t<\/div>\n\t\t<\/div>\n\t\t\t\t\t<\/div>\n\t\t<\/section>\n\t\t\t\t\t<\/div>\n\t\t<\/div>\n\t\t\t\t\t<\/div>\n\t\t<\/section>\n\t\t\t\t<section class=\"elementor-section elementor-top-section elementor-element elementor-element-beb2f0f elementor-section-boxed elementor-section-height-default elementor-section-height-default\" data-id=\"beb2f0f\" data-element_type=\"section\" data-e-type=\"section\">\n\t\t\t\t\t\t<div class=\"elementor-container elementor-column-gap-default\">\n\t\t\t\t\t<div class=\"elementor-column elementor-col-100 elementor-top-column elementor-element elementor-element-5396f6a\" data-id=\"5396f6a\" data-element_type=\"column\" data-e-type=\"column\">\n\t\t\t<div class=\"elementor-widget-wrap elementor-element-populated\">\n\t\t\t\t\t\t<div class=\"elementor-element elementor-element-9fca0a6 elementor-widget elementor-widget-heading\" data-id=\"9fca0a6\" data-element_type=\"widget\" data-e-type=\"widget\" data-widget_type=\"heading.default\">\n\t\t\t\t<div class=\"elementor-widget-container\">\n\t\t\t\t\t<h2 class=\"elementor-heading-title elementor-size-default\">Amplitude Service<\/h2>\t\t\t\t<\/div>\n\t\t\t\t<\/div>\n\t\t\t\t<div class=\"elementor-element elementor-element-42de73c elementor-widget elementor-widget-text-editor\" data-id=\"42de73c\" data-element_type=\"widget\" data-e-type=\"widget\" data-widget_type=\"text-editor.default\">\n\t\t\t\t<div class=\"elementor-widget-container\">\n\t\t\t\t\t\t\t\t\t<p>In a process of continuous assistance, Amplitude guarantees:<\/p><ul><li>Search for innovative covers and services \u00a0<\/li><li>National and international search for insurers who accept the risks in question<\/li><li>Setting up, negotiating\/contracting a call centre for the management of claims 24\/24 hours \u00a0<\/li><li>Elaboration\/advice on all procedural schemes and draft agreements\/contracts with all entities involved<\/li><li>Training and support of the marketing \/ service team \u00a0<\/li><li>Handling of the entire administrative accession process \u00a0<\/li><li>Quality control to claims management and statistics \u00a0<\/li><li>Reporting to partners<\/li><\/ul>\t\t\t\t\t\t\t\t<\/div>\n\t\t\t\t<\/div>\n\t\t\t\t\t<\/div>\n\t\t<\/div>\n\t\t\t\t\t<\/div>\n\t\t<\/section>\n\t\t\t\t<section class=\"elementor-section elementor-top-section elementor-element elementor-element-613fe6a elementor-section-stretched elementor-section-boxed elementor-section-height-default elementor-section-height-default\" data-id=\"613fe6a\" data-element_type=\"section\" data-e-type=\"section\" data-settings=\"{&quot;stretch_section&quot;:&quot;section-stretched&quot;,&quot;background_background&quot;:&quot;classic&quot;}\">\n\t\t\t\t\t\t<div class=\"elementor-container elementor-column-gap-default\">\n\t\t\t\t\t<div class=\"elementor-column elementor-col-100 elementor-top-column elementor-element elementor-element-c2b8937\" data-id=\"c2b8937\" data-element_type=\"column\" data-e-type=\"column\">\n\t\t\t<div class=\"elementor-widget-wrap elementor-element-populated\">\n\t\t\t\t\t\t<div class=\"elementor-element elementor-element-a10e878 elementor-widget elementor-widget-heading\" data-id=\"a10e878\" data-element_type=\"widget\" data-e-type=\"widget\" data-widget_type=\"heading.default\">\n\t\t\t\t<div class=\"elementor-widget-container\">\n\t\t\t\t\t<h2 class=\"elementor-heading-title elementor-size-default\">Care to be taken<\/h2>\t\t\t\t<\/div>\n\t\t\t\t<\/div>\n\t\t\t\t<div class=\"elementor-element elementor-element-4db5793 elementor-widget elementor-widget-text-editor\" data-id=\"4db5793\" data-element_type=\"widget\" data-e-type=\"widget\" data-widget_type=\"text-editor.default\">\n\t\t\t\t<div class=\"elementor-widget-container\">\n\t\t\t\t\t\t\t\t\t<ul><li style=\"text-align: left;\">Total Simplicity in the Subscription through the Portal made available by Amplitude and especially conceived for this purpose.<\/li><li style=\"text-align: left;\">Possibility of Insurance being marketed by Optional Membership (through a proposal to the customer at the time of purchase of the equipment) or by Inclusion (\"offer\" to all customers, for example, in a promotional campaign, as a differentiation and innovation factor\/marketing tool).<\/li><li style=\"text-align: left;\">When marketed through Optional Membership, significant profit margins are envisaged for the Client.<\/li><li style=\"text-align: left;\">Specialised Call-center: 24\/24 hours assistance, every day of the year, to clarify doubts and to report claims.<\/li><\/ul>\t\t\t\t\t\t\t\t<\/div>\n\t\t\t\t<\/div>\n\t\t\t\t\t<\/div>\n\t\t<\/div>\n\t\t\t\t\t<\/div>\n\t\t<\/section>\n\t\t\t\t<\/div>","protected":false},"excerpt":{"rendered":"<p>Proposta de Valor Mais do que um corretor tradicional a Amplitude cria e desenvolve Programas de Afinidade, solu\u00e7\u00f5es de seguros complementares ao neg\u00f3cio\u00a0das suas Empresas parceiras, destinados a melhorar e enriquecer a oferta para os clientes finais. Oferecemos solu\u00e7\u00f5es simples e inovadoras, desenhadas em conjunto com Empresas, Marcas, Clubes, Associa\u00e7\u00f5es,\u2026, isto \u00e9, grupos com uma [&hellip;]<\/p>\n","protected":false},"author":1,"featured_media":0,"parent":5719,"menu_order":0,"comment_status":"closed","ping_status":"closed","template":"","meta":{"_acf_changed":false,"footnotes":""},"class_list":["post-6210","page","type-page","status-publish","hentry"],"acf":[],"_links":{"self":[{"href":"https:\/\/www.amplitudeseguros.com\/en\/wp-json\/wp\/v2\/pages\/6210","targetHints":{"allow":["GET"]}}],"collection":[{"href":"https:\/\/www.amplitudeseguros.com\/en\/wp-json\/wp\/v2\/pages"}],"about":[{"href":"https:\/\/www.amplitudeseguros.com\/en\/wp-json\/wp\/v2\/types\/page"}],"author":[{"embeddable":true,"href":"https:\/\/www.amplitudeseguros.com\/en\/wp-json\/wp\/v2\/users\/1"}],"replies":[{"embeddable":true,"href":"https:\/\/www.amplitudeseguros.com\/en\/wp-json\/wp\/v2\/comments?post=6210"}],"version-history":[{"count":43,"href":"https:\/\/www.amplitudeseguros.com\/en\/wp-json\/wp\/v2\/pages\/6210\/revisions"}],"predecessor-version":[{"id":7344,"href":"https:\/\/www.amplitudeseguros.com\/en\/wp-json\/wp\/v2\/pages\/6210\/revisions\/7344"}],"up":[{"embeddable":true,"href":"https:\/\/www.amplitudeseguros.com\/en\/wp-json\/wp\/v2\/pages\/5719"}],"wp:attachment":[{"href":"https:\/\/www.amplitudeseguros.com\/en\/wp-json\/wp\/v2\/media?parent=6210"}],"curies":[{"name":"wp","href":"https:\/\/api.w.org\/{rel}","templated":true}]}}