{"id":6790,"date":"2022-12-07T14:02:22","date_gmt":"2022-12-07T14:02:22","guid":{"rendered":"http:\/\/sitesempresas.com\/amplitude\/?page_id=6790"},"modified":"2023-03-10T11:13:16","modified_gmt":"2023-03-10T11:13:16","slug":"politica-de-cookies","status":"publish","type":"page","link":"https:\/\/www.amplitudeseguros.com\/en\/politica-de-cookies\/","title":{"rendered":"Cookies Policy"},"content":{"rendered":"<div data-elementor-type=\"wp-page\" data-elementor-id=\"6790\" class=\"elementor elementor-6790\">\n\t\t\t\t\t\t<section class=\"elementor-section elementor-top-section elementor-element elementor-element-6a2422b7 elementor-section-boxed elementor-section-height-default elementor-section-height-default\" data-id=\"6a2422b7\" data-element_type=\"section\" data-e-type=\"section\">\n\t\t\t\t\t\t<div class=\"elementor-container elementor-column-gap-default\">\n\t\t\t\t\t<div class=\"elementor-column elementor-col-100 elementor-top-column elementor-element elementor-element-1af8d912\" data-id=\"1af8d912\" data-element_type=\"column\" data-e-type=\"column\">\n\t\t\t<div class=\"elementor-widget-wrap elementor-element-populated\">\n\t\t\t\t\t\t<div class=\"elementor-element elementor-element-10dd626f elementor-widget elementor-widget-text-editor\" data-id=\"10dd626f\" data-element_type=\"widget\" data-e-type=\"widget\" data-widget_type=\"text-editor.default\">\n\t\t\t\t<div class=\"elementor-widget-container\">\n\t\t\t\t\t\t\t\t\t<div class=\"k-content\"><section class=\"wpb-content-wrapper\"><div class=\"vc_row wpb_row vc_row-fluid vc_custom_1627404685397\"><div class=\"wpb_column vc_column_container vc_col-sm-12\"><div class=\"vc_column-inner\"><div class=\"wpb_wrapper\"><div class=\"wpb_text_column wpb_content_element\"><div class=\"wpb_wrapper\"><p><strong>P<\/strong><strong>Cookie Policy of Amplitude- Corretores de Seguros S.A<\/strong><\/p><p><strong>Previous Note<\/strong><\/p><ol><li><strong>a)<\/strong> The Amplitude- Corretores de Seguros S.A. website uses cookies, also called connection cookies.<\/li><li><strong>b)<\/strong> With the exception of the category of essential cookies, which allow our website to function, we need your consent for other categories of cookies, detailed in this Cookie Policy.<\/li><li><strong>c)<\/strong> The consent given can be subsequently managed through the cookie settings, by removing or changing it in an easy way, through the icon we provide you in the bottom left corner of the website.<\/li><\/ol><p><strong>\u00a0<\/strong><\/p><ol><li><strong> Introduction\u00a0<\/strong><\/li><\/ol><p><strong>1.1.<\/strong>\u00a0Amplitude Insurance is fully committed to ensuring your privacy and your rights.<\/p><p><strong>1.2<\/strong>This Cookies Policy, having autonomy, is part of our Privacy Policy, which you can see <a href=\"https:\/\/www.amplitudeseguros.com\/wp-content\/uploads\/2022\/12\/Politica-Privacidade-RGPD-Amplitude-1.docx.pdf\">here.<\/a><\/p><ol start=\"2\"><li><strong> Objectives\u00a0<\/strong><\/li><\/ol><p><strong>2.1<\/strong>Our Cookies Policy is intended, in a fully transparent and responsible manner, to provide you with information about which cookies we use, for how long, for what purpose and how you can manage them.<\/p><p><strong>2.2 <\/strong>We believe that transparency and responsibility are factors of trust, which structure lasting relationships, which we promote in everything we do and in the way we communicate.<\/p><ol start=\"3\"><li><strong> What are cookies and what are they used for<\/strong><\/li><\/ol><p><strong>3.1<\/strong>Cookies are small text files sent to your computer or mobile device, mobile phone or tablet, whenever you visit our website.<\/p><p><strong>\u00a0<\/strong><\/p><p><strong>3.2<\/strong>Cookies serve, for example, to help us determine the usefulness, interest in and number of visits to our website, and allow you, as our user, to navigate more quickly and efficiently, for example by eliminating the need to repeatedly enter the same information, and by facilitating and personalising navigation according to your preferences.<\/p><ol start=\"4\"><li><strong> Cookie Categories\u00a0<\/strong><\/li><\/ol><p><strong>4.1 <\/strong>There are two categories of cookies that can be used:<\/p><ol><li><strong>a) Session cookies<\/strong> - are temporary cookies that remain in the cookie file of the browser\/browser until you close it and leave our website and the information obtained by these cookies serves to analyse traffic patterns on our website, allowing us to identify problems and provide a better browsing experience.<\/li><li><strong>b) Permanent cookies<\/strong> - are cookies that are stored in the browser\/browser in the access equipment (PC, mobile and tablet) and are used whenever you visit our site again, allowing us to provide a more personalised service.<\/li><\/ol><ol start=\"5\"><li><strong> Nature of cookies and their purpose<\/strong><\/li><\/ol><p><strong>5.1 <\/strong>Cookies can be used for various purposes, depending on their nature.<\/p><p><strong>5.2 <\/strong>On our website we use the following cookies:<\/p><ol><li><strong>a)<\/strong> <strong>Essential cookies<\/strong> - They allow navigation on the website and use of the applications, as well as access to secure areas of the website. Without these cookies, the required services cannot be provided.<\/li><li><strong>b)<\/strong> <strong>Functionality cookies<\/strong> - They save your preferences regarding the use of the site, so that you do not need to re-configure the site each time you visit.<\/li><li><strong>c)<\/strong> <strong>Analytical Cookies<\/strong> - They are used anonymously for the purposes of creating and analysing statistics in order to improve the functioning of the website.<\/li><li><strong>d)<\/strong> <strong>Advertising Cookies<\/strong> - They target advertising according to the interests of each user, so as to target advertising campaigns taking into account the user's tastes, and they also limit the number of times the advertisement is seen,<\/li><\/ol><p>helping to measure the effectiveness of advertising and the success of our website. user data.<\/p><p><strong>5.3 <\/strong>The cookies we use on our website are as follows:<\/p><p>\u00a0<\/p><style>\ntable {<br \/>\n  border-collapse: separate;<br \/>\n  border-spacing: 0;<br \/>\n  margin-left: 0;<br \/>\n}<\/p>\n<p>th,<br \/>\ntd {<br \/>\n  text-align: left;<br \/>\n  padding: 8px;<br \/>\n  border-style: solid;<br \/>\n  border-width: 0px 0px 1px 0px;<br \/>\n  border-color: white;<br \/>\n  background-color: transparent;<br \/>\n  color: white;<br \/>\n  font-weight: normal;<br \/>\n}<\/p>\n<p>th {<br \/>\n  background-color: transparent;<br \/>\n}<\/p>\n<p>tr:first-child th {<br \/>\n  background-color: transparent;<br \/>\n}<\/p>\n<p>tr:nth-child(even) {<br \/>\n  background-color: transparent;<br \/>\n}<\/p>\n<p>tr:first-child {<br \/>\n  background-color: transparent;<br \/>\n}<br \/>\n<\/style><table><tbody><tr><th>Cookie Name<\/th><th>Category<\/th><th>Function<\/th><th>Duration<\/th><th>Accessible by Third Parties? Y\/N<\/th><\/tr><tr><td>FormCraft<\/td><td>Essential<\/td><td>Contact via website<\/td><td>30 Days<\/td><td>No<\/td><\/tr><tr><td>Google Site Kit<\/td><td>Analytics<\/td><td>Visit analysis<\/td><td>3 Months<\/td><td>No<\/td><\/tr><tr><td>\u00a0<\/td><td>\u00a0<\/td><td>\u00a0<\/td><td>\u00a0<\/td><td>\u00a0<\/td><\/tr><tr><td>\u00a0<\/td><td>\u00a0<\/td><td>\u00a0<\/td><td>\u00a0<\/td><td>\u00a0<\/td><\/tr><\/tbody><\/table><p>\u00a0<\/p><p><strong>6.Additional information on analytical cookies<\/strong><\/p><p><strong>6.1<\/strong>Google Analytics (collects user interactions on our website, for example time of visit, whether the user has been to the website before, what site the user was recommended to visit, IP address.<\/p><p><strong>6.2<\/strong>Google Analytics only provides consistent statistical information on visits, for example:<\/p><ol><li><strong>a)<\/strong> the average length of the visit;<\/li><li><strong>b)<\/strong> number of pages viewed, page\/view;<\/li><li><strong>c)<\/strong> what is the percentage of returns and new visits;<\/li><li><strong>d)<\/strong> which visitors are new and recurrent;<\/li><li><strong>e)<\/strong> frequency and recent visits, interactions, pages visited);<\/li><li><strong>f)<\/strong> demographic data (language, country\/territory, city);<\/li><li><strong>g)<\/strong> system (browser, operating system, Internet access provider, device category).<\/li><\/ol><p><strong>6.3<\/strong>Google Analytics is covered by Google's terms of use, which can be found at <a href=\"https:\/\/marketingplatform.google.com\/about\/analytics\/terms\/pt\/\">here<\/a>.<\/p><p><strong>6.4<\/strong>You can also consult Google's privacy notice, which you are solely responsible for, by going to <a href=\"https:\/\/policies.google.com\/privacy?hl=pt-PT\">here<\/a>.<\/p><p><strong>\u00a0<\/strong><\/p><p><strong>6.5<\/strong>To provide visitors with more choice about how their data is collected by Google Analytics, Google has developed the \"Google Analytics Opt-out Browser\" Add-on, which communicates with the Google Analytics JavaScript (ga.js) to indicate that information about the site visit should not be sent to Google Analytics.<\/p><p><strong>6.6<\/strong>The extra \"Google Analytics Browser Opt-out\" does not prevent information being sent to the site itself or to other web analytics services.<\/p><p><strong>6.7<\/strong>The \"Google Analytics Opt-out Browser\" can be accessed by <a href=\"https:\/\/tools.google.com\/dlpage\/gaoptout\">here<\/a>.<\/p><ol start=\"7\"><li><strong> Disabling cookies<\/strong><\/li><\/ol><p><strong>7.1<\/strong>\u00a0Most browsers\/browsers are configured in such a way that you can allow, block or delete cookies installed on your device.<\/p><p><strong>7.2\u00a0<\/strong>However, disabling cookies could have an impact on navigation, namely by limiting it and making it non-personalised.<\/p><p><strong>7.3\u00a0<\/strong>If you use multiple devices (phone, tablet or personal computer) to access our website you should note that each browser on each device is set according to your cookie preferences.<\/p><p><strong>7.4\u00a0<\/strong>Below you will find the most commonly used internet browsers, and you can obtain more information on disabling cookies by clicking on each one (ctrl+click):<\/p><p><a href=\"https:\/\/support.microsoft.com\/pt-pt\/windows\/microsoft-edge-dados-de-navega%C3%83%C2%A7%C3%83%C2%A3o-e-privacidade-bb8174ba-9d73-dcf2-9b4a-c582b4e640dd\" target=\"_blank\" rel=\"noopener\">Microsoft Edge<\/a><br \/><a href=\"https:\/\/support.mozilla.org\/pt-PT\/kb\/limpar-cookies-e-dados-de-site-no-firefox\" target=\"_blank\" rel=\"noopener\">Mozilla Firefox<\/a><br \/><a href=\"https:\/\/support.google.com\/chrome\/answer\/95647?hl=pt\" target=\"_blank\" rel=\"noopener\">Google Chrome<\/a><br \/><a href=\"https:\/\/support.apple.com\/pt-br\/HT201265#:~:text=Limpar%20o%20hist%C3%83%C6%92%C3%82%C2%B3rico%20e%20os%20cookies%20do%20Safari,acessado%20novamente.%203%20Usar%20bloqueadores%20de%20conte%C3%83%C6%92%C3%82%C2%BAdo.\" target=\"_blank\" rel=\"noopener\">Apple Safari<\/a><br \/><a href=\"https:\/\/help.opera.com\/en\/latest\/web-preferences\/#cookies\" target=\"_blank\" rel=\"noopener\">Opera<\/a> (English only)<br \/><a href=\"https:\/\/support.microsoft.com\/pt-pt\/topic\/como-eliminar-ficheiros-de-cookies-no-internet-explorer-bca9446f-d873-78de-77ba-d42645fa52fc#:~:text=Saia%20do%20Internet%20Explorer%206%20e,%20em%20seguida,,Internet%20da%20caixa%20de%20di%C3%83%C6%92%C3%82%C2%A1logo%20Propriedades%20da%20Internet.\" target=\"_blank\" rel=\"noopener\">Internet Explorer<\/a> *<\/p><p>*internet explorer has been phased out by Microsoft on 15\/06\/2022<\/p><p>\u00a0<\/p><p><strong>7.5<\/strong>If you would like more information about cookies please see <a href=\"https:\/\/allaboutcookies.org\/\">here<\/a>\u00a0the All About Cookies website (English only).<\/p><ol start=\"8\"><li><strong> Questions\u00a0<\/strong><\/li><\/ol><p>If you have any questions about the inclusion or management of cookies on our website or any other cookie-related information you can contact us at <a href=\"mailto:dadospessoais@amplitudeseguros.com\">dadospessoais@amplitudeseguros.com<\/a> .<\/p><ol start=\"9\"><li><strong> Review <\/strong><\/li><\/ol><p><strong>9.1 <\/strong>The Amplitude Cookies Policy may be reviewed and changed unilaterally without prior notice, whenever justified.<\/p><p><strong>9.2<\/strong>If we make any changes, the version will be updated and these changes will become an integral part of this Policy.<\/p><ol start=\"10\"><li><strong> Approval<\/strong><\/li><\/ol><p>The present cookie policy has been approved by the administration of Amplitude Seguros.<\/p><ol start=\"11\"><li><strong> Versions<\/strong><\/li><\/ol><p>March 2023<\/p><\/div><\/div><\/div><\/div><\/div><\/div><\/section><\/div>\t\t\t\t\t\t\t\t<\/div>\n\t\t\t\t<\/div>\n\t\t\t\t\t<\/div>\n\t\t<\/div>\n\t\t\t\t\t<\/div>\n\t\t<\/section>\n\t\t\t\t<\/div>","protected":false},"excerpt":{"rendered":"<p>Pol\u00edtica de Cookies da Amplitude- Corretores de Seguros S.A Nota Pr\u00e9via a) O website da Amplitude- Corretores de Seguros S.A utiliza cookies, tamb\u00e9m denominados por testemunhos de conex\u00e3o. b) Com exce\u00e7\u00e3o da categoria dos cookies essenciais, que permitem que o nosso website funcione, precisamos do seu consentimento para outras categorias de cookies, detalhadas nesta Pol\u00edtica [&hellip;]<\/p>\n","protected":false},"author":1,"featured_media":0,"parent":0,"menu_order":0,"comment_status":"closed","ping_status":"closed","template":"","meta":{"_acf_changed":false,"footnotes":""},"class_list":["post-6790","page","type-page","status-publish","hentry"],"acf":[],"_links":{"self":[{"href":"https:\/\/www.amplitudeseguros.com\/en\/wp-json\/wp\/v2\/pages\/6790","targetHints":{"allow":["GET"]}}],"collection":[{"href":"https:\/\/www.amplitudeseguros.com\/en\/wp-json\/wp\/v2\/pages"}],"about":[{"href":"https:\/\/www.amplitudeseguros.com\/en\/wp-json\/wp\/v2\/types\/page"}],"author":[{"embeddable":true,"href":"https:\/\/www.amplitudeseguros.com\/en\/wp-json\/wp\/v2\/users\/1"}],"replies":[{"embeddable":true,"href":"https:\/\/www.amplitudeseguros.com\/en\/wp-json\/wp\/v2\/comments?post=6790"}],"version-history":[{"count":25,"href":"https:\/\/www.amplitudeseguros.com\/en\/wp-json\/wp\/v2\/pages\/6790\/revisions"}],"predecessor-version":[{"id":7596,"href":"https:\/\/www.amplitudeseguros.com\/en\/wp-json\/wp\/v2\/pages\/6790\/revisions\/7596"}],"wp:attachment":[{"href":"https:\/\/www.amplitudeseguros.com\/en\/wp-json\/wp\/v2\/media?parent=6790"}],"curies":[{"name":"wp","href":"https:\/\/api.w.org\/{rel}","templated":true}]}}