{"id":5871,"date":"2022-11-10T13:13:36","date_gmt":"2022-11-10T13:13:36","guid":{"rendered":"http:\/\/sitesempresas.com\/amplitude\/?page_id=5871"},"modified":"2023-02-06T10:43:51","modified_gmt":"2023-02-06T10:43:51","slug":"acidentes-pessoais-2","status":"publish","type":"page","link":"https:\/\/www.amplitudeseguros.com\/fr\/seguros\/seguros-empresas\/acidentes-pessoais-2\/","title":{"rendered":"Accidents personnels"},"content":{"rendered":"<div data-elementor-type=\"wp-page\" data-elementor-id=\"5871\" class=\"elementor elementor-5871\">\n\t\t\t\t\t\t<section class=\"elementor-section elementor-top-section elementor-element elementor-element-2d29be5 elementor-section-full_width service-details-page elementor-reverse-tablet elementor-reverse-mobile elementor-section-height-default elementor-section-height-default\" data-id=\"2d29be5\" data-element_type=\"section\" data-e-type=\"section\">\n\t\t\t\t\t\t<div class=\"elementor-container elementor-column-gap-default\">\n\t\t\t\t\t<div class=\"elementor-column elementor-col-100 elementor-top-column elementor-element elementor-element-0b640b9\" data-id=\"0b640b9\" data-element_type=\"column\" data-e-type=\"column\">\n\t\t\t<div class=\"elementor-widget-wrap elementor-element-populated\">\n\t\t\t\t\t\t<div class=\"elementor-element elementor-element-0d565fb service-details-thumbnail elementor-widget elementor-widget-image\" data-id=\"0d565fb\" data-element_type=\"widget\" data-e-type=\"widget\" data-widget_type=\"image.default\">\n\t\t\t\t<div class=\"elementor-widget-container\">\n\t\t\t\t\t\t\t\t\t\t\t\t\t\t\t<img fetchpriority=\"high\" decoding=\"async\" width=\"1470\" height=\"660\" src=\"https:\/\/www.amplitudeseguros.com\/wp-content\/uploads\/2022\/11\/Acidentes-Pessoais-particular-1470x660.webp\" class=\"attachment-sultin-blog-standard size-sultin-blog-standard wp-image-5795\" alt=\"\" \/>\t\t\t\t\t\t\t\t\t\t\t\t\t\t\t<\/div>\n\t\t\t\t<\/div>\n\t\t\t\t<div class=\"elementor-element elementor-element-b3090d5 elementor-widget elementor-widget-heading\" data-id=\"b3090d5\" data-element_type=\"widget\" data-e-type=\"widget\" data-widget_type=\"heading.default\">\n\t\t\t\t<div class=\"elementor-widget-container\">\n\t\t\t\t\t<h2 class=\"elementor-heading-title elementor-size-default\">Accidents personnels<\/h2>\t\t\t\t<\/div>\n\t\t\t\t<\/div>\n\t\t\t\t<div class=\"elementor-element elementor-element-0b65cba elementor-widget elementor-widget-text-editor\" data-id=\"0b65cba\" data-element_type=\"widget\" data-e-type=\"widget\" data-widget_type=\"text-editor.default\">\n\t\t\t\t<div class=\"elementor-widget-container\">\n\t\t\t\t\t\t\t\t\t<section class=\"text\"><p>L'assurance accidents personnels peut couvrir les accidents r\u00e9sultant de risques professionnels, en garantissant exclusivement les accidents survenus dans le cadre de l'activit\u00e9 professionnelle, ou elle peut \u00e9galement couvrir les risques extra-professionnels, en garantissant la couverture des accidents r\u00e9sultant d'activit\u00e9s qui ne peuvent pas \u00eatre couvertes par les accidents du travail, comme ceux qui surviennent pendant ce que l'on appelle le \"temps libre\", couvrant ainsi la p\u00e9riode de 24 heures de la journ\u00e9e.<\/p><p>En ce qui concerne les entreprises, cette assurance rel\u00e8ve du domaine des prestations sociales (employee benefits), car elle n'est pas obligatoire mais offre une protection compl\u00e9mentaire et cumulative \u00e0 l'assurance contre les accidents du travail.<\/p><\/section>\t\t\t\t\t\t\t\t<\/div>\n\t\t\t\t<\/div>\n\t\t\t\t\t<\/div>\n\t\t<\/div>\n\t\t\t\t\t<\/div>\n\t\t<\/section>\n\t\t\t\t<section class=\"elementor-section elementor-top-section elementor-element elementor-element-d68a177 elementor-section-stretched elementor-section-boxed elementor-section-height-default elementor-section-height-default\" data-id=\"d68a177\" data-element_type=\"section\" data-e-type=\"section\" data-settings=\"{&quot;stretch_section&quot;:&quot;section-stretched&quot;,&quot;background_background&quot;:&quot;classic&quot;}\">\n\t\t\t\t\t\t<div class=\"elementor-container elementor-column-gap-default\">\n\t\t\t\t\t<div class=\"elementor-column elementor-col-100 elementor-top-column elementor-element elementor-element-105a0a5\" data-id=\"105a0a5\" data-element_type=\"column\" data-e-type=\"column\">\n\t\t\t<div class=\"elementor-widget-wrap elementor-element-populated\">\n\t\t\t\t\t\t<div class=\"elementor-element elementor-element-7ab624b elementor-widget elementor-widget-heading\" data-id=\"7ab624b\" data-element_type=\"widget\" data-e-type=\"widget\" data-widget_type=\"heading.default\">\n\t\t\t\t<div class=\"elementor-widget-container\">\n\t\t\t\t\t<h2 class=\"elementor-heading-title elementor-size-default\">Avantages<\/h2>\t\t\t\t<\/div>\n\t\t\t\t<\/div>\n\t\t\t\t<div class=\"elementor-element elementor-element-1116c94 elementor-widget elementor-widget-text-editor\" data-id=\"1116c94\" data-element_type=\"widget\" data-e-type=\"widget\" data-widget_type=\"text-editor.default\">\n\t\t\t\t<div class=\"elementor-widget-container\">\n\t\t\t\t\t\t\t\t\t<section class=\"text\"><ul><li>Assurance qui garantit un capital d\u00e9c\u00e8s ou invalidit\u00e9 en cas d'accident du travail ou d'accident non professionnel. En cas d'accident du travail, le capital se cumule avec les \u00e9ventuelles indemnit\u00e9s de l'assurance obligatoire contre les accidents du travail. Cette assurance garantit un niveau de protection plus \u00e9lev\u00e9 aux employ\u00e9s de l'entreprise.<\/li><li>L'assurance offre un large \u00e9ventail de garanties qui apportent une couverture suppl\u00e9mentaire aux personnes assur\u00e9es, telles que : une indemnisation compl\u00e9mentaire en cas d'accident grave pour les enfants \u00e0 charge et une indemnit\u00e9 journali\u00e8re en cas d'hospitalisation.  Les employ\u00e9s se sentiront plus \u00e0 l'aise en sachant qu'ils seront correctement prot\u00e9g\u00e9s en cas d'accident.<\/li><\/ul><\/section>\t\t\t\t\t\t\t\t<\/div>\n\t\t\t\t<\/div>\n\t\t\t\t\t<\/div>\n\t\t<\/div>\n\t\t\t\t\t<\/div>\n\t\t<\/section>\n\t\t\t\t<section class=\"elementor-section elementor-top-section elementor-element elementor-element-beb2f0f elementor-section-boxed elementor-section-height-default elementor-section-height-default\" data-id=\"beb2f0f\" data-element_type=\"section\" data-e-type=\"section\">\n\t\t\t\t\t\t<div class=\"elementor-container elementor-column-gap-default\">\n\t\t\t\t\t<div class=\"elementor-column elementor-col-100 elementor-top-column elementor-element elementor-element-5396f6a\" data-id=\"5396f6a\" data-element_type=\"column\" data-e-type=\"column\">\n\t\t\t<div class=\"elementor-widget-wrap elementor-element-populated\">\n\t\t\t\t\t\t<div class=\"elementor-element elementor-element-68c2e4f elementor-widget elementor-widget-heading\" data-id=\"68c2e4f\" data-element_type=\"widget\" data-e-type=\"widget\" data-widget_type=\"heading.default\">\n\t\t\t\t<div class=\"elementor-widget-container\">\n\t\t\t\t\t<h2 class=\"elementor-heading-title elementor-size-default\">Couverture<\/h2>\t\t\t\t<\/div>\n\t\t\t\t<\/div>\n\t\t\t\t<section class=\"elementor-section elementor-inner-section elementor-element elementor-element-37bb933 elementor-section-boxed elementor-section-height-default elementor-section-height-default\" data-id=\"37bb933\" data-element_type=\"section\" data-e-type=\"section\">\n\t\t\t\t\t\t<div class=\"elementor-container elementor-column-gap-default\">\n\t\t\t\t\t<div class=\"elementor-column elementor-col-50 elementor-inner-column elementor-element elementor-element-db35cee\" data-id=\"db35cee\" data-element_type=\"column\" data-e-type=\"column\">\n\t\t\t<div class=\"elementor-widget-wrap elementor-element-populated\">\n\t\t\t\t\t\t<div class=\"elementor-element elementor-element-44209a4 elementor-widget elementor-widget-heading\" data-id=\"44209a4\" data-element_type=\"widget\" data-e-type=\"widget\" data-widget_type=\"heading.default\">\n\t\t\t\t<div class=\"elementor-widget-container\">\n\t\t\t\t\t<h5 class=\"elementor-heading-title elementor-size-default\">Couvertures principales <\/h5>\t\t\t\t<\/div>\n\t\t\t\t<\/div>\n\t\t\t\t<div class=\"elementor-element elementor-element-e5e5919 elementor-widget elementor-widget-text-editor\" data-id=\"e5e5919\" data-element_type=\"widget\" data-e-type=\"widget\" data-widget_type=\"text-editor.default\">\n\t\t\t\t<div class=\"elementor-widget-container\">\n\t\t\t\t\t\t\t\t\t<ul><li>La mort<\/li><li>Invalidit\u00e9 permanente<\/li><li>D\u00e9c\u00e8s ou invalidit\u00e9 permanente<\/li><\/ul>\t\t\t\t\t\t\t\t<\/div>\n\t\t\t\t<\/div>\n\t\t\t\t\t<\/div>\n\t\t<\/div>\n\t\t\t\t<div class=\"elementor-column elementor-col-50 elementor-inner-column elementor-element elementor-element-ba1e0cb\" data-id=\"ba1e0cb\" data-element_type=\"column\" data-e-type=\"column\">\n\t\t\t<div class=\"elementor-widget-wrap elementor-element-populated\">\n\t\t\t\t\t\t<div class=\"elementor-element elementor-element-eca6713 elementor-widget elementor-widget-heading\" data-id=\"eca6713\" data-element_type=\"widget\" data-e-type=\"widget\" data-widget_type=\"heading.default\">\n\t\t\t\t<div class=\"elementor-widget-container\">\n\t\t\t\t\t<h5 class=\"elementor-heading-title elementor-size-default\">Couvertures compl\u00e9mentaires  <\/h5>\t\t\t\t<\/div>\n\t\t\t\t<\/div>\n\t\t\t\t<div class=\"elementor-element elementor-element-e45530d elementor-widget elementor-widget-text-editor\" data-id=\"e45530d\" data-element_type=\"widget\" data-e-type=\"widget\" data-widget_type=\"text-editor.default\">\n\t\t\t\t<div class=\"elementor-widget-container\">\n\t\t\t\t\t\t\t\t\t<ul><li>Incapacit\u00e9 temporaire (absolue ou partielle)<\/li><li>Frais de traitement et de rapatriement<\/li><li>Frais d'hospitalisation<\/li><li>Frais d'obs\u00e8ques<\/li><li>Responsabilit\u00e9 civile<\/li><li>Assistance en cas de voyage \u00e0 l'\u00e9tranger<\/li><li>Bagages pour les voyages \u00e0 l'\u00e9tranger<\/li><\/ul>\t\t\t\t\t\t\t\t<\/div>\n\t\t\t\t<\/div>\n\t\t\t\t\t<\/div>\n\t\t<\/div>\n\t\t\t\t\t<\/div>\n\t\t<\/section>\n\t\t\t\t\t<\/div>\n\t\t<\/div>\n\t\t\t\t\t<\/div>\n\t\t<\/section>\n\t\t\t\t<section class=\"elementor-section elementor-top-section elementor-element elementor-element-613fe6a elementor-section-stretched elementor-section-boxed elementor-section-height-default elementor-section-height-default\" data-id=\"613fe6a\" data-element_type=\"section\" data-e-type=\"section\" data-settings=\"{&quot;stretch_section&quot;:&quot;section-stretched&quot;,&quot;background_background&quot;:&quot;classic&quot;}\">\n\t\t\t\t\t\t<div class=\"elementor-container elementor-column-gap-default\">\n\t\t\t\t\t<div class=\"elementor-column elementor-col-100 elementor-top-column elementor-element elementor-element-c2b8937\" data-id=\"c2b8937\" data-element_type=\"column\" data-e-type=\"column\">\n\t\t\t<div class=\"elementor-widget-wrap elementor-element-populated\">\n\t\t\t\t\t\t<div class=\"elementor-element elementor-element-a10e878 elementor-widget elementor-widget-heading\" data-id=\"a10e878\" data-element_type=\"widget\" data-e-type=\"widget\" data-widget_type=\"heading.default\">\n\t\t\t\t<div class=\"elementor-widget-container\">\n\t\t\t\t\t<h2 class=\"elementor-heading-title elementor-size-default\">Prenez soin de vous<\/h2>\t\t\t\t<\/div>\n\t\t\t\t<\/div>\n\t\t\t\t<div class=\"elementor-element elementor-element-5f31434 elementor-widget elementor-widget-heading\" data-id=\"5f31434\" data-element_type=\"widget\" data-e-type=\"widget\" data-widget_type=\"heading.default\">\n\t\t\t\t<div class=\"elementor-widget-container\">\n\t\t\t\t\t<h5 class=\"elementor-heading-title elementor-size-default\">Lorsque vous souhaitez souscrire une police d'assurance accidents corporels, veuillez tenir compte des \u00e9l\u00e9ments suivants :<\/h5>\t\t\t\t<\/div>\n\t\t\t\t<\/div>\n\t\t\t\t<div class=\"elementor-element elementor-element-cfbc6f0 elementor-widget elementor-widget-text-editor\" data-id=\"cfbc6f0\" data-element_type=\"widget\" data-e-type=\"widget\" data-widget_type=\"text-editor.default\">\n\t\t\t\t<div class=\"elementor-widget-container\">\n\t\t\t\t\t\t\t\t\t<ul><li>Informez l'assureur si vous voyagez professionnellement fr\u00e9quemment et dans quels pays (si vous ne le faites pas, le risque peut ne pas \u00eatre garanti).<\/li><li>Les sports dangereux sont exclus, par exemple : Le para-combat, le parachutisme, le ski, le surf, la boxe et tous ceux de nature similaire. Il est possible de n\u00e9gocier avec l'assureur l'inclusion de la pratique de ce type de sport.<\/li><li>L'utilisation de v\u00e9hicules \u00e0 deux roues motoris\u00e9s est normalement exclue de la couverture. Il est possible de n\u00e9gocier avec l'assureur l'inclusion de l'utilisation de v\u00e9hicules \u00e0 deux roues motoris\u00e9s.<\/li><li>Le d\u00e9c\u00e8s ou l'invalidit\u00e9 caus\u00e9s par des catastrophes naturelles telles que les tremblements de terre, les tsunamis, les secousses telluriques, etc. sont exclus de la plupart des polices commercialis\u00e9es par les assureurs.<\/li><li>Le d\u00e9c\u00e8s ou l'invalidit\u00e9 r\u00e9sultant d'actes de terrorisme sont exclus de la plupart des polices commercialis\u00e9es par les assureurs.<\/li><\/ul>\t\t\t\t\t\t\t\t<\/div>\n\t\t\t\t<\/div>\n\t\t\t\t<div class=\"elementor-element elementor-element-641e48f elementor-widget elementor-widget-text-editor\" data-id=\"641e48f\" data-element_type=\"widget\" data-e-type=\"widget\" data-widget_type=\"text-editor.default\">\n\t\t\t\t<div class=\"elementor-widget-container\">\n\t\t\t\t\t\t\t\t\t<section class=\"text\"><p><em>Les informations contenues dans ce site sont purement indicatives. Les droits et obligations des parties sont \u00e9nonc\u00e9s dans les Propositions, Conditions\u00a0<\/em><em>Sp\u00e9cial\u00a0<\/em><em>Les polices d'assurance g\u00e9n\u00e9rale applicables.<\/em><\/p><\/section>\t\t\t\t\t\t\t\t<\/div>\n\t\t\t\t<\/div>\n\t\t\t\t\t<\/div>\n\t\t<\/div>\n\t\t\t\t\t<\/div>\n\t\t<\/section>\n\t\t\t\t<\/div>","protected":false},"excerpt":{"rendered":"<p>Acidentes Pessoais O seguro de Acidentes Pessoais pode dar cobertura a acidentes resultantes de riscos profissionais, garantindo exclusivamente os acidentes ocorridos no \u00e2mbito do desempenho da atividade profissional ou pode igualmente garantir os riscos extra-profissionais, garantindo a cobertura dos acidentes resultantes de atividades n\u00e3o pass\u00edveis de cobertura de Acidentes de Trabalho, como por exemplo, os [&hellip;]<\/p>\n","protected":false},"author":1,"featured_media":0,"parent":5715,"menu_order":0,"comment_status":"closed","ping_status":"closed","template":"","meta":{"_acf_changed":false,"footnotes":""},"class_list":["post-5871","page","type-page","status-publish","hentry"],"acf":[],"_links":{"self":[{"href":"https:\/\/www.amplitudeseguros.com\/fr\/wp-json\/wp\/v2\/pages\/5871","targetHints":{"allow":["GET"]}}],"collection":[{"href":"https:\/\/www.amplitudeseguros.com\/fr\/wp-json\/wp\/v2\/pages"}],"about":[{"href":"https:\/\/www.amplitudeseguros.com\/fr\/wp-json\/wp\/v2\/types\/page"}],"author":[{"embeddable":true,"href":"https:\/\/www.amplitudeseguros.com\/fr\/wp-json\/wp\/v2\/users\/1"}],"replies":[{"embeddable":true,"href":"https:\/\/www.amplitudeseguros.com\/fr\/wp-json\/wp\/v2\/comments?post=5871"}],"version-history":[{"count":28,"href":"https:\/\/www.amplitudeseguros.com\/fr\/wp-json\/wp\/v2\/pages\/5871\/revisions"}],"predecessor-version":[{"id":7378,"href":"https:\/\/www.amplitudeseguros.com\/fr\/wp-json\/wp\/v2\/pages\/5871\/revisions\/7378"}],"up":[{"embeddable":true,"href":"https:\/\/www.amplitudeseguros.com\/fr\/wp-json\/wp\/v2\/pages\/5715"}],"wp:attachment":[{"href":"https:\/\/www.amplitudeseguros.com\/fr\/wp-json\/wp\/v2\/media?parent=5871"}],"curies":[{"name":"wp","href":"https:\/\/api.w.org\/{rel}","templated":true}]}}