{"id":5986,"date":"2022-11-10T17:27:31","date_gmt":"2022-11-10T17:27:31","guid":{"rendered":"http:\/\/sitesempresas.com\/amplitude\/?page_id=5986"},"modified":"2023-02-03T16:44:48","modified_gmt":"2023-02-03T16:44:48","slug":"responsabilidade-civil-2","status":"publish","type":"page","link":"https:\/\/www.amplitudeseguros.com\/fr\/seguros\/seguros-empresas\/responsabilidade-civil-2\/","title":{"rendered":"Responsabilit\u00e9 civile"},"content":{"rendered":"<div data-elementor-type=\"wp-page\" data-elementor-id=\"5986\" class=\"elementor elementor-5986\">\n\t\t\t\t\t\t<section class=\"elementor-section elementor-top-section elementor-element elementor-element-2d29be5 elementor-section-full_width service-details-page elementor-reverse-tablet elementor-reverse-mobile elementor-section-height-default elementor-section-height-default\" data-id=\"2d29be5\" data-element_type=\"section\" data-e-type=\"section\">\n\t\t\t\t\t\t<div class=\"elementor-container elementor-column-gap-default\">\n\t\t\t\t\t<div class=\"elementor-column elementor-col-100 elementor-top-column elementor-element elementor-element-0b640b9\" data-id=\"0b640b9\" data-element_type=\"column\" data-e-type=\"column\">\n\t\t\t<div class=\"elementor-widget-wrap elementor-element-populated\">\n\t\t\t\t\t\t<div class=\"elementor-element elementor-element-0d565fb service-details-thumbnail elementor-widget elementor-widget-image\" data-id=\"0d565fb\" data-element_type=\"widget\" data-e-type=\"widget\" data-widget_type=\"image.default\">\n\t\t\t\t<div class=\"elementor-widget-container\">\n\t\t\t\t\t\t\t\t\t\t\t\t\t\t\t<img fetchpriority=\"high\" decoding=\"async\" width=\"1470\" height=\"660\" src=\"https:\/\/www.amplitudeseguros.com\/wp-content\/uploads\/2022\/11\/Responsabilidade-Civil-1470x660.webp\" class=\"attachment-sultin-blog-standard size-sultin-blog-standard wp-image-5782\" alt=\"\" \/>\t\t\t\t\t\t\t\t\t\t\t\t\t\t\t<\/div>\n\t\t\t\t<\/div>\n\t\t\t\t<div class=\"elementor-element elementor-element-b3090d5 elementor-widget elementor-widget-heading\" data-id=\"b3090d5\" data-element_type=\"widget\" data-e-type=\"widget\" data-widget_type=\"heading.default\">\n\t\t\t\t<div class=\"elementor-widget-container\">\n\t\t\t\t\t<h2 class=\"elementor-heading-title elementor-size-default\">Responsabilit\u00e9 civile<\/h2>\t\t\t\t<\/div>\n\t\t\t\t<\/div>\n\t\t\t\t<div class=\"elementor-element elementor-element-0b65cba elementor-widget elementor-widget-text-editor\" data-id=\"0b65cba\" data-element_type=\"widget\" data-e-type=\"widget\" data-widget_type=\"text-editor.default\">\n\t\t\t\t<div class=\"elementor-widget-container\">\n\t\t\t\t\t\t\t\t\t<section class=\"text\"><p>L'assurance responsabilit\u00e9 civile a pour objet de garantir la responsabilit\u00e9 civile l\u00e9gale extracontractuelle des entreprises d\u00e9coulant de l'exercice de leur activit\u00e9 commerciale et\/ou industrielle.<\/p><p>Les polices visent \u00e0 garantir le paiement d'une indemnit\u00e9 pour les dommages mat\u00e9riels ou immat\u00e9riels r\u00e9sultant de dommages corporels et\/ou mat\u00e9riels couverts et de leurs cons\u00e9quences directes, caus\u00e9s accidentellement \u00e0 des tiers, y compris les frais de justice.\u00a0<\/p><\/section>\t\t\t\t\t\t\t\t<\/div>\n\t\t\t\t<\/div>\n\t\t\t\t\t<\/div>\n\t\t<\/div>\n\t\t\t\t\t<\/div>\n\t\t<\/section>\n\t\t\t\t<section class=\"elementor-section elementor-top-section elementor-element elementor-element-d68a177 elementor-section-stretched elementor-section-boxed elementor-section-height-default elementor-section-height-default\" data-id=\"d68a177\" data-element_type=\"section\" data-e-type=\"section\" data-settings=\"{&quot;stretch_section&quot;:&quot;section-stretched&quot;,&quot;background_background&quot;:&quot;classic&quot;}\">\n\t\t\t\t\t\t<div class=\"elementor-container elementor-column-gap-default\">\n\t\t\t\t\t<div class=\"elementor-column elementor-col-100 elementor-top-column elementor-element elementor-element-105a0a5\" data-id=\"105a0a5\" data-element_type=\"column\" data-e-type=\"column\">\n\t\t\t<div class=\"elementor-widget-wrap elementor-element-populated\">\n\t\t\t\t\t\t<div class=\"elementor-element elementor-element-7ab624b elementor-widget elementor-widget-heading\" data-id=\"7ab624b\" data-element_type=\"widget\" data-e-type=\"widget\" data-widget_type=\"heading.default\">\n\t\t\t\t<div class=\"elementor-widget-container\">\n\t\t\t\t\t<h2 class=\"elementor-heading-title elementor-size-default\">Avantages<\/h2>\t\t\t\t<\/div>\n\t\t\t\t<\/div>\n\t\t\t\t<div class=\"elementor-element elementor-element-b792a29 elementor-widget elementor-widget-text-editor\" data-id=\"b792a29\" data-element_type=\"widget\" data-e-type=\"widget\" data-widget_type=\"text-editor.default\">\n\t\t\t\t<div class=\"elementor-widget-container\">\n\t\t\t\t\t\t\t\t\t<section class=\"text\"><p>L'assurance responsabilit\u00e9 civile exploitation prot\u00e8ge vos biens et votre entreprise dans la mesure o\u00f9 elle garantit la responsabilit\u00e9 civile non contractuelle qui, en vertu du droit civil, est imputable au preneur d'assurance ou \u00e0 l'assur\u00e9, d\u00e9coulant de l'exercice de son activit\u00e9 commerciale, industrielle ou de service, jusqu'\u00e0 la livraison de ses produits ou de ses travaux.<\/p><p>Elle am\u00e9liore \u00e9galement l'image de l'entreprise aux yeux de ses clients, de ses fournisseurs et de ses cr\u00e9anciers.<\/p><\/section>\t\t\t\t\t\t\t\t<\/div>\n\t\t\t\t<\/div>\n\t\t\t\t\t<\/div>\n\t\t<\/div>\n\t\t\t\t\t<\/div>\n\t\t<\/section>\n\t\t\t\t<section class=\"elementor-section elementor-top-section elementor-element elementor-element-3b93ef3 elementor-section-boxed elementor-section-height-default elementor-section-height-default\" data-id=\"3b93ef3\" data-element_type=\"section\" data-e-type=\"section\">\n\t\t\t\t\t\t<div class=\"elementor-container elementor-column-gap-default\">\n\t\t\t\t\t<div class=\"elementor-column elementor-col-100 elementor-top-column elementor-element elementor-element-343e045\" data-id=\"343e045\" data-element_type=\"column\" data-e-type=\"column\">\n\t\t\t<div class=\"elementor-widget-wrap elementor-element-populated\">\n\t\t\t\t\t\t<div class=\"elementor-element elementor-element-c846886 elementor-widget elementor-widget-heading\" data-id=\"c846886\" data-element_type=\"widget\" data-e-type=\"widget\" data-widget_type=\"heading.default\">\n\t\t\t\t<div class=\"elementor-widget-container\">\n\t\t\t\t\t<h2 class=\"elementor-heading-title elementor-size-default\">Couverture<\/h2>\t\t\t\t<\/div>\n\t\t\t\t<\/div>\n\t\t\t\t<section class=\"elementor-section elementor-inner-section elementor-element elementor-element-d65c799 elementor-section-boxed elementor-section-height-default elementor-section-height-default\" data-id=\"d65c799\" data-element_type=\"section\" data-e-type=\"section\">\n\t\t\t\t\t\t<div class=\"elementor-container elementor-column-gap-default\">\n\t\t\t\t\t<div class=\"elementor-column elementor-col-50 elementor-inner-column elementor-element elementor-element-cc1a038\" data-id=\"cc1a038\" data-element_type=\"column\" data-e-type=\"column\">\n\t\t\t<div class=\"elementor-widget-wrap elementor-element-populated\">\n\t\t\t\t\t\t<div class=\"elementor-element elementor-element-3358bbd elementor-widget elementor-widget-text-editor\" data-id=\"3358bbd\" data-element_type=\"widget\" data-e-type=\"widget\" data-widget_type=\"text-editor.default\">\n\t\t\t\t<div class=\"elementor-widget-container\">\n\t\t\t\t\t\t\t\t\t<section class=\"text\"><section class=\"text\"><p><strong>Couverture de base :<\/strong> \u00a0<\/p><\/section><\/section>\t\t\t\t\t\t\t\t<\/div>\n\t\t\t\t<\/div>\n\t\t\t\t<div class=\"elementor-element elementor-element-27d36c4 elementor-align-start elementor-icon-list--layout-inline elementor-list-item-link-full_width elementor-widget elementor-widget-icon-list\" data-id=\"27d36c4\" data-element_type=\"widget\" data-e-type=\"widget\" data-widget_type=\"icon-list.default\">\n\t\t\t\t<div class=\"elementor-widget-container\">\n\t\t\t\t\t\t\t<ul class=\"elementor-icon-list-items elementor-inline-items\">\n\t\t\t\t\t\t\t<li class=\"elementor-icon-list-item elementor-inline-item\">\n\t\t\t\t\t\t\t\t\t\t\t<span class=\"elementor-icon-list-icon\">\n\t\t\t\t\t\t\t<i aria-hidden=\"true\" class=\"fas fa-check\"><\/i>\t\t\t\t\t\t<\/span>\n\t\t\t\t\t\t\t\t\t\t<span class=\"elementor-icon-list-text\">Passif d'exploitation<\/span>\n\t\t\t\t\t\t\t\t\t<\/li>\n\t\t\t\t\t\t<\/ul>\n\t\t\t\t\t\t<\/div>\n\t\t\t\t<\/div>\n\t\t\t\t\t<\/div>\n\t\t<\/div>\n\t\t\t\t<div class=\"elementor-column elementor-col-50 elementor-inner-column elementor-element elementor-element-dd76ba7\" data-id=\"dd76ba7\" data-element_type=\"column\" data-e-type=\"column\">\n\t\t\t<div class=\"elementor-widget-wrap elementor-element-populated\">\n\t\t\t\t\t\t<div class=\"elementor-element elementor-element-b35d796 elementor-widget elementor-widget-text-editor\" data-id=\"b35d796\" data-element_type=\"widget\" data-e-type=\"widget\" data-widget_type=\"text-editor.default\">\n\t\t\t\t<div class=\"elementor-widget-container\">\n\t\t\t\t\t\t\t\t\t<section class=\"text\"><section class=\"text\"><p><strong>Couverture optionnelle :<\/strong><\/p><\/section><\/section>\t\t\t\t\t\t\t\t<\/div>\n\t\t\t\t<\/div>\n\t\t\t\t<div class=\"elementor-element elementor-element-c1de9d1 elementor-align-start elementor-icon-list--layout-inline elementor-list-item-link-full_width elementor-widget elementor-widget-icon-list\" data-id=\"c1de9d1\" data-element_type=\"widget\" data-e-type=\"widget\" data-widget_type=\"icon-list.default\">\n\t\t\t\t<div class=\"elementor-widget-container\">\n\t\t\t\t\t\t\t<ul class=\"elementor-icon-list-items elementor-inline-items\">\n\t\t\t\t\t\t\t<li class=\"elementor-icon-list-item elementor-inline-item\">\n\t\t\t\t\t\t\t\t\t\t\t<span class=\"elementor-icon-list-icon\">\n\t\t\t\t\t\t\t<i aria-hidden=\"true\" class=\"fas fa-check\"><\/i>\t\t\t\t\t\t<\/span>\n\t\t\t\t\t\t\t\t\t\t<span class=\"elementor-icon-list-text\">Responsabilit\u00e9 du fait des produits<\/span>\n\t\t\t\t\t\t\t\t\t<\/li>\n\t\t\t\t\t\t\t\t<li class=\"elementor-icon-list-item elementor-inline-item\">\n\t\t\t\t\t\t\t\t\t\t\t<span class=\"elementor-icon-list-icon\">\n\t\t\t\t\t\t\t<i aria-hidden=\"true\" class=\"fas fa-check\"><\/i>\t\t\t\t\t\t<\/span>\n\t\t\t\t\t\t\t\t\t\t<span class=\"elementor-icon-list-text\">Retrait du produit<\/span>\n\t\t\t\t\t\t\t\t\t<\/li>\n\t\t\t\t\t\t\t\t<li class=\"elementor-icon-list-item elementor-inline-item\">\n\t\t\t\t\t\t\t\t\t\t\t<span class=\"elementor-icon-list-icon\">\n\t\t\t\t\t\t\t<i aria-hidden=\"true\" class=\"fas fa-check\"><\/i>\t\t\t\t\t\t<\/span>\n\t\t\t\t\t\t\t\t\t\t<span class=\"elementor-icon-list-text\">Unifier et m\u00e9langer <\/span>\n\t\t\t\t\t\t\t\t\t<\/li>\n\t\t\t\t\t\t\t\t<li class=\"elementor-icon-list-item elementor-inline-item\">\n\t\t\t\t\t\t\t\t\t\t\t<span class=\"elementor-icon-list-icon\">\n\t\t\t\t\t\t\t<i aria-hidden=\"true\" class=\"fas fa-check\"><\/i>\t\t\t\t\t\t<\/span>\n\t\t\t\t\t\t\t\t\t\t<span class=\"elementor-icon-list-text\">Montage et d\u00e9montage<\/span>\n\t\t\t\t\t\t\t\t\t<\/li>\n\t\t\t\t\t\t\t\t<li class=\"elementor-icon-list-item elementor-inline-item\">\n\t\t\t\t\t\t\t\t\t\t\t<span class=\"elementor-icon-list-icon\">\n\t\t\t\t\t\t\t<i aria-hidden=\"true\" class=\"fas fa-check\"><\/i>\t\t\t\t\t\t<\/span>\n\t\t\t\t\t\t\t\t\t\t<span class=\"elementor-icon-list-text\">Entrepreneurs et sous-traitants<\/span>\n\t\t\t\t\t\t\t\t\t<\/li>\n\t\t\t\t\t\t\t\t<li class=\"elementor-icon-list-item elementor-inline-item\">\n\t\t\t\t\t\t\t\t\t\t\t<span class=\"elementor-icon-list-icon\">\n\t\t\t\t\t\t\t<i aria-hidden=\"true\" class=\"fas fa-check\"><\/i>\t\t\t\t\t\t<\/span>\n\t\t\t\t\t\t\t\t\t\t<span class=\"elementor-icon-list-text\">D\u00e9faillance de l'approvisionnement<\/span>\n\t\t\t\t\t\t\t\t\t<\/li>\n\t\t\t\t\t\t\t\t<li class=\"elementor-icon-list-item elementor-inline-item\">\n\t\t\t\t\t\t\t\t\t\t\t<span class=\"elementor-icon-list-icon\">\n\t\t\t\t\t\t\t<i aria-hidden=\"true\" class=\"fas fa-check\"><\/i>\t\t\t\t\t\t<\/span>\n\t\t\t\t\t\t\t\t\t\t<span class=\"elementor-icon-list-text\">Champs \u00e9lectromagn\u00e9tiques <\/span>\n\t\t\t\t\t\t\t\t\t<\/li>\n\t\t\t\t\t\t\t\t<li class=\"elementor-icon-list-item elementor-inline-item\">\n\t\t\t\t\t\t\t\t\t\t\t<span class=\"elementor-icon-list-icon\">\n\t\t\t\t\t\t\t<i aria-hidden=\"true\" class=\"fas fa-check\"><\/i>\t\t\t\t\t\t<\/span>\n\t\t\t\t\t\t\t\t\t\t<span class=\"elementor-icon-list-text\">Responsabilit\u00e9 crois\u00e9e <\/span>\n\t\t\t\t\t\t\t\t\t<\/li>\n\t\t\t\t\t\t\t\t<li class=\"elementor-icon-list-item elementor-inline-item\">\n\t\t\t\t\t\t\t\t\t\t\t<span class=\"elementor-icon-list-icon\">\n\t\t\t\t\t\t\t<i aria-hidden=\"true\" class=\"fas fa-check\"><\/i>\t\t\t\t\t\t<\/span>\n\t\t\t\t\t\t\t\t\t\t<span class=\"elementor-icon-list-text\">Responsabilit\u00e9 civile Travail \u00e0 la machine <\/span>\n\t\t\t\t\t\t\t\t\t<\/li>\n\t\t\t\t\t\t\t\t<li class=\"elementor-icon-list-item elementor-inline-item\">\n\t\t\t\t\t\t\t\t\t\t\t<span class=\"elementor-icon-list-icon\">\n\t\t\t\t\t\t\t<i aria-hidden=\"true\" class=\"fas fa-check\"><\/i>\t\t\t\t\t\t<\/span>\n\t\t\t\t\t\t\t\t\t\t<span class=\"elementor-icon-list-text\">Pollution soudaine et accidentelle <\/span>\n\t\t\t\t\t\t\t\t\t<\/li>\n\t\t\t\t\t\t\t\t<li class=\"elementor-icon-list-item elementor-inline-item\">\n\t\t\t\t\t\t\t\t\t\t\t<span class=\"elementor-icon-list-icon\">\n\t\t\t\t\t\t\t<i aria-hidden=\"true\" class=\"fas fa-check\"><\/i>\t\t\t\t\t\t<\/span>\n\t\t\t\t\t\t\t\t\t\t<span class=\"elementor-icon-list-text\">Pertes financi\u00e8res pures<\/span>\n\t\t\t\t\t\t\t\t\t<\/li>\n\t\t\t\t\t\t\t\t<li class=\"elementor-icon-list-item elementor-inline-item\">\n\t\t\t\t\t\t\t\t\t\t\t<span class=\"elementor-icon-list-icon\">\n\t\t\t\t\t\t\t<i aria-hidden=\"true\" class=\"fas fa-check\"><\/i>\t\t\t\t\t\t<\/span>\n\t\t\t\t\t\t\t\t\t\t<span class=\"elementor-icon-list-text\">Actifs des salari\u00e9s<\/span>\n\t\t\t\t\t\t\t\t\t<\/li>\n\t\t\t\t\t\t\t\t<li class=\"elementor-icon-list-item elementor-inline-item\">\n\t\t\t\t\t\t\t\t\t\t\t<span class=\"elementor-icon-list-icon\">\n\t\t\t\t\t\t\t<i aria-hidden=\"true\" class=\"fas fa-check\"><\/i>\t\t\t\t\t\t<\/span>\n\t\t\t\t\t\t\t\t\t\t<span class=\"elementor-icon-list-text\">Actifs confi\u00e9s<\/span>\n\t\t\t\t\t\t\t\t\t<\/li>\n\t\t\t\t\t\t<\/ul>\n\t\t\t\t\t\t<\/div>\n\t\t\t\t<\/div>\n\t\t\t\t\t<\/div>\n\t\t<\/div>\n\t\t\t\t\t<\/div>\n\t\t<\/section>\n\t\t\t\t\t<\/div>\n\t\t<\/div>\n\t\t\t\t\t<\/div>\n\t\t<\/section>\n\t\t\t\t<section class=\"elementor-section elementor-top-section elementor-element elementor-element-953ff2d elementor-section-stretched elementor-section-boxed elementor-section-height-default elementor-section-height-default\" data-id=\"953ff2d\" data-element_type=\"section\" data-e-type=\"section\" data-settings=\"{&quot;stretch_section&quot;:&quot;section-stretched&quot;,&quot;background_background&quot;:&quot;classic&quot;}\">\n\t\t\t\t\t\t<div class=\"elementor-container elementor-column-gap-default\">\n\t\t\t\t\t<div class=\"elementor-column elementor-col-100 elementor-top-column elementor-element elementor-element-c11df1d\" data-id=\"c11df1d\" data-element_type=\"column\" data-e-type=\"column\">\n\t\t\t<div class=\"elementor-widget-wrap elementor-element-populated\">\n\t\t\t\t\t\t<div class=\"elementor-element elementor-element-3b1ddf8 elementor-widget elementor-widget-heading\" data-id=\"3b1ddf8\" data-element_type=\"widget\" data-e-type=\"widget\" data-widget_type=\"heading.default\">\n\t\t\t\t<div class=\"elementor-widget-container\">\n\t\t\t\t\t<h2 class=\"elementor-heading-title elementor-size-default\">\nPrenez soin de vous\n<\/h2>\t\t\t\t<\/div>\n\t\t\t\t<\/div>\n\t\t\t\t<div class=\"elementor-element elementor-element-2009958 elementor-widget elementor-widget-eael-adv-tabs\" data-id=\"2009958\" data-element_type=\"widget\" data-e-type=\"widget\" data-widget_type=\"eael-adv-tabs.default\">\n\t\t\t\t<div class=\"elementor-widget-container\">\n\t\t\t\t\t        <div data-scroll-on-click=\"no\" data-scroll-speed=\"300\" id=\"eael-advance-tabs-2009958\" class=\"eael-advance-tabs eael-tabs-horizontal eael-tab-auto-active\" data-tabid=\"2009958\">\n            <div class=\"eael-tabs-nav\">\n                <ul class=\"eael-tab-inline-icon\" role=\"tablist\">\n                                            <li id=\"objecto-do-contrato\" class=\"inactive eael-tab-item-trigger eael-tab-nav-item\" aria-selected=\"true\" data-tab=\"1\" role=\"tab\" tabindex=\"0\" aria-controls=\"objecto-do-contrato-tab\" aria-expanded=\"false\">\n                            \n                                                                                                                            \n                                                            <span class=\"eael-tab-title title-after-icon\" >Objet du contrat<\/span>                            \n                                                    <\/li>\n                                            <li id=\"mbito-territorial\" class=\"inactive eael-tab-item-trigger eael-tab-nav-item\" aria-selected=\"false\" data-tab=\"2\" role=\"tab\" tabindex=\"-1\" aria-controls=\"mbito-territorial-tab\" aria-expanded=\"false\">\n                            \n                                                                                                                            \n                                                            <span class=\"eael-tab-title title-after-icon\" >Champ d'application territorial<\/span>                            \n                                                    <\/li>\n                                            <li id=\"comunicao-anual-do-volume-de-faturao\" class=\"inactive eael-tab-item-trigger eael-tab-nav-item\" aria-selected=\"false\" data-tab=\"3\" role=\"tab\" tabindex=\"-1\" aria-controls=\"comunicao-anual-do-volume-de-faturao-tab\" aria-expanded=\"false\">\n                            \n                                                                <i class=\"fas fa-home\"><\/i>                                                            \n                                                            <span class=\"eael-tab-title title-after-icon\" >D\u00e9claration annuelle du chiffre d'affaires<\/span>                            \n                                                    <\/li>\n                    \n                                  <\/ul>\n            <\/div>\n            \n            <div class=\"eael-tabs-content\">\n\t\t        \n                    <div id=\"objecto-do-contrato-tab\" class=\"clearfix eael-tab-content-item inactive\" data-title-link=\"objecto-do-contrato-tab\">\n\t\t\t\t        <section class=\"text\"><section class=\"text\"><p>En r\u00e8gle g\u00e9n\u00e9rale, les polices RC g\u00e9n\u00e9rale\/exploitation ne garantissent que la responsabilit\u00e9 qui, en vertu du droit civil, n'est imputable \u00e0 l'assur\u00e9 que dans la capacit\u00e9 ou l'exercice de l'activit\u00e9 express\u00e9ment mentionn\u00e9e dans les conditions particuli\u00e8res et sp\u00e9ciales respectives.<\/p><p>La garantie est uniquement extracontractuelle, c'est-\u00e0-dire que les polices de responsabilit\u00e9 g\u00e9n\u00e9rale\/exploitation ne garantissent pas les dommages caus\u00e9s aux clients de la soci\u00e9t\u00e9 \u00e0 la suite des services fournis et\/ou des produits vendus par la soci\u00e9t\u00e9 ; ces dommages ne peuvent \u00eatre garantis que par une police de responsabilit\u00e9 professionnelle.<\/p><\/section><\/section>                    <\/div>\n\t\t        \n                    <div id=\"mbito-territorial-tab\" class=\"clearfix eael-tab-content-item inactive\" data-title-link=\"mbito-territorial-tab\">\n\t\t\t\t        <p>En r\u00e8gle g\u00e9n\u00e9rale, les risques ne sont garantis qu'au Portugal. Si vous souhaitez \u00e9tendre le champ d'application territorial \u00e0 d'autres pays, vous devrez n\u00e9gocier l'extension correspondante.<\/p>                    <\/div>\n\t\t        \n                    <div id=\"comunicao-anual-do-volume-de-faturao-tab\" class=\"clearfix eael-tab-content-item inactive\" data-title-link=\"comunicao-anual-do-volume-de-faturao-tab\">\n\t\t\t\t        <p>En r\u00e8gle g\u00e9n\u00e9rale, la prime des polices RC g\u00e9n\u00e9rale\/exploitation\/produits est calcul\u00e9e sur la base du chiffre d'affaires annuel de l'entreprise.<br \/>A l'entr\u00e9e en jouissance de la rente d'assurance, le Souscripteur verse une quittance de prime correspondant \u00e0 l'application du taux d\u00e9fini par l'Assureur sur 80% de la valeur estim\u00e9e de facturation de la rente qui va entrer en jouissance (prime minimale non r\u00e9versible).<br \/>\u00c0 la fin de la rente, le preneur d'assurance\/l'entreprise est tenu de communiquer la facturation r\u00e9elle, afin que l'assureur puisse appliquer le taux du contrat \u00e0 la valeur de la facturation si celle-ci est sup\u00e9rieure au 80% estim\u00e9 au d\u00e9but de la rente, donnant ainsi lieu \u00e0 un encaissement de prime suppl\u00e9mentaire.<\/p>                    <\/div>\n\t\t                    <\/div>\n        <\/div>\n\t\t\t\t<\/div>\n\t\t\t\t<\/div>\n\t\t\t\t<div class=\"elementor-element elementor-element-a2f26c9 elementor-widget elementor-widget-text-editor\" data-id=\"a2f26c9\" data-element_type=\"widget\" data-e-type=\"widget\" data-widget_type=\"text-editor.default\">\n\t\t\t\t<div class=\"elementor-widget-container\">\n\t\t\t\t\t\t\t\t\t<section class=\"text\"><p><em>Les informations contenues dans ce site sont purement indicatives. Les droits et obligations des parties sont \u00e9nonc\u00e9s dans les Propositions, Conditions\u00a0<\/em><em>Sp\u00e9cial\u00a0<\/em><em>Les polices d'assurance g\u00e9n\u00e9rale applicables.<\/em><\/p><\/section>\t\t\t\t\t\t\t\t<\/div>\n\t\t\t\t<\/div>\n\t\t\t\t\t<\/div>\n\t\t<\/div>\n\t\t\t\t\t<\/div>\n\t\t<\/section>\n\t\t\t\t<\/div>","protected":false},"excerpt":{"rendered":"<p>Responsabilidade Civil O seguro de Responsabilidade Civil visa garantir a responsabilidade civil extra-contratual legal das empresas decorrente do exerc\u00edcio da sua atividade comercial e\/ou industrial. As ap\u00f3lices visam garantir o pagamento de indemniza\u00e7\u00f5es por danos patrimoniais ou n\u00e3o patrimoniais, resultantes de les\u00f5es corporais e\/ou materiais cobertas e suas consequ\u00eancias diretas, causados acidentalmente a terceiros, incluindo [&hellip;]<\/p>\n","protected":false},"author":1,"featured_media":0,"parent":5715,"menu_order":0,"comment_status":"closed","ping_status":"closed","template":"","meta":{"_acf_changed":false,"footnotes":""},"class_list":["post-5986","page","type-page","status-publish","hentry"],"acf":[],"_links":{"self":[{"href":"https:\/\/www.amplitudeseguros.com\/fr\/wp-json\/wp\/v2\/pages\/5986","targetHints":{"allow":["GET"]}}],"collection":[{"href":"https:\/\/www.amplitudeseguros.com\/fr\/wp-json\/wp\/v2\/pages"}],"about":[{"href":"https:\/\/www.amplitudeseguros.com\/fr\/wp-json\/wp\/v2\/types\/page"}],"author":[{"embeddable":true,"href":"https:\/\/www.amplitudeseguros.com\/fr\/wp-json\/wp\/v2\/users\/1"}],"replies":[{"embeddable":true,"href":"https:\/\/www.amplitudeseguros.com\/fr\/wp-json\/wp\/v2\/comments?post=5986"}],"version-history":[{"count":22,"href":"https:\/\/www.amplitudeseguros.com\/fr\/wp-json\/wp\/v2\/pages\/5986\/revisions"}],"predecessor-version":[{"id":7271,"href":"https:\/\/www.amplitudeseguros.com\/fr\/wp-json\/wp\/v2\/pages\/5986\/revisions\/7271"}],"up":[{"embeddable":true,"href":"https:\/\/www.amplitudeseguros.com\/fr\/wp-json\/wp\/v2\/pages\/5715"}],"wp:attachment":[{"href":"https:\/\/www.amplitudeseguros.com\/fr\/wp-json\/wp\/v2\/media?parent=5986"}],"curies":[{"name":"wp","href":"https:\/\/api.w.org\/{rel}","templated":true}]}}