{"id":6031,"date":"2022-11-11T14:59:10","date_gmt":"2022-11-11T14:59:10","guid":{"rendered":"http:\/\/sitesempresas.com\/amplitude\/?page_id=6031"},"modified":"2023-02-03T16:55:06","modified_gmt":"2023-02-03T16:55:06","slug":"do-responsabilidade-civil-profissional-administradores-e-diretores-2","status":"publish","type":"page","link":"https:\/\/www.amplitudeseguros.com\/fr\/seguros\/seguros-empresas\/do-responsabilidade-civil-profissional-administradores-e-diretores-2\/","title":{"rendered":"Responsabilit\u00e9 professionnelle des administrateurs et des dirigeants"},"content":{"rendered":"<div data-elementor-type=\"wp-page\" data-elementor-id=\"6031\" class=\"elementor elementor-6031\">\n\t\t\t\t\t\t<section class=\"elementor-section elementor-top-section elementor-element elementor-element-2d29be5 elementor-section-full_width service-details-page elementor-reverse-tablet elementor-reverse-mobile elementor-section-height-default elementor-section-height-default\" data-id=\"2d29be5\" data-element_type=\"section\" data-e-type=\"section\">\n\t\t\t\t\t\t<div class=\"elementor-container elementor-column-gap-default\">\n\t\t\t\t\t<div class=\"elementor-column elementor-col-100 elementor-top-column elementor-element elementor-element-0b640b9\" data-id=\"0b640b9\" data-element_type=\"column\" data-e-type=\"column\">\n\t\t\t<div class=\"elementor-widget-wrap elementor-element-populated\">\n\t\t\t\t\t\t<div class=\"elementor-element elementor-element-0d565fb service-details-thumbnail elementor-widget elementor-widget-image\" data-id=\"0d565fb\" data-element_type=\"widget\" data-e-type=\"widget\" data-widget_type=\"image.default\">\n\t\t\t\t<div class=\"elementor-widget-container\">\n\t\t\t\t\t\t\t\t\t\t\t\t\t\t\t<img fetchpriority=\"high\" decoding=\"async\" width=\"1470\" height=\"660\" src=\"https:\/\/www.amplitudeseguros.com\/wp-content\/uploads\/2022\/11\/DO-Responsabilidade-Civil-Profissional-Administradores-e-Diretores-1470x660.webp\" class=\"attachment-sultin-blog-standard size-sultin-blog-standard wp-image-5787\" alt=\"\" \/>\t\t\t\t\t\t\t\t\t\t\t\t\t\t\t<\/div>\n\t\t\t\t<\/div>\n\t\t\t\t<div class=\"elementor-element elementor-element-b3090d5 elementor-widget elementor-widget-heading\" data-id=\"b3090d5\" data-element_type=\"widget\" data-e-type=\"widget\" data-widget_type=\"heading.default\">\n\t\t\t\t<div class=\"elementor-widget-container\">\n\t\t\t\t\t<h2 class=\"elementor-heading-title elementor-size-default\">D&amp;O Responsabilidade Civil Profissional Administradores e Diretores<\/h2>\t\t\t\t<\/div>\n\t\t\t\t<\/div>\n\t\t\t\t<div class=\"elementor-element elementor-element-0b65cba elementor-widget elementor-widget-text-editor\" data-id=\"0b65cba\" data-element_type=\"widget\" data-e-type=\"widget\" data-widget_type=\"text-editor.default\">\n\t\t\t\t<div class=\"elementor-widget-container\">\n\t\t\t\t\t\t\t\t\t<p>L'assurance D&amp;O est souscrite par l'entreprise pour prot\u00e9ger les administrateurs et les dirigeants contre les r\u00e9clamations de tiers pour les actes de gestion accomplis dans l'exercice de leurs fonctions, couvrant les frais de d\u00e9fense et l'indemnisation.<\/p><p>Toute entreprise commerciale, quelle que soit sa taille, doit souscrire cette assurance, car le niveau d'exigences et de responsabilit\u00e9s est le m\u00eame, quelle que soit la taille de l'entreprise. \u00a0\u00a0<\/p>\t\t\t\t\t\t\t\t<\/div>\n\t\t\t\t<\/div>\n\t\t\t\t\t<\/div>\n\t\t<\/div>\n\t\t\t\t\t<\/div>\n\t\t<\/section>\n\t\t\t\t<section class=\"elementor-section elementor-top-section elementor-element elementor-element-d68a177 elementor-section-stretched elementor-section-boxed elementor-section-height-default elementor-section-height-default\" data-id=\"d68a177\" data-element_type=\"section\" data-e-type=\"section\" data-settings=\"{&quot;stretch_section&quot;:&quot;section-stretched&quot;,&quot;background_background&quot;:&quot;classic&quot;}\">\n\t\t\t\t\t\t<div class=\"elementor-container elementor-column-gap-default\">\n\t\t\t\t\t<div class=\"elementor-column elementor-col-100 elementor-top-column elementor-element elementor-element-105a0a5\" data-id=\"105a0a5\" data-element_type=\"column\" data-e-type=\"column\">\n\t\t\t<div class=\"elementor-widget-wrap elementor-element-populated\">\n\t\t\t\t\t\t<div class=\"elementor-element elementor-element-7ab624b elementor-widget elementor-widget-heading\" data-id=\"7ab624b\" data-element_type=\"widget\" data-e-type=\"widget\" data-widget_type=\"heading.default\">\n\t\t\t\t<div class=\"elementor-widget-container\">\n\t\t\t\t\t<h2 class=\"elementor-heading-title elementor-size-default\">Avantages<\/h2>\t\t\t\t<\/div>\n\t\t\t\t<\/div>\n\t\t\t\t<div class=\"elementor-element elementor-element-3bc76dd elementor-widget elementor-widget-text-editor\" data-id=\"3bc76dd\" data-element_type=\"widget\" data-e-type=\"widget\" data-widget_type=\"text-editor.default\">\n\t\t\t\t<div class=\"elementor-widget-container\">\n\t\t\t\t\t\t\t\t\t<section class=\"text\"><p>Avantages de la souscription d'une assurance D&amp;O :<\/p><\/section>\t\t\t\t\t\t\t\t<\/div>\n\t\t\t\t<\/div>\n\t\t\t\t<section class=\"elementor-section elementor-inner-section elementor-element elementor-element-3b78e32 elementor-section-boxed elementor-section-height-default elementor-section-height-default\" data-id=\"3b78e32\" data-element_type=\"section\" data-e-type=\"section\">\n\t\t\t\t\t\t<div class=\"elementor-container elementor-column-gap-default\">\n\t\t\t\t\t<div class=\"elementor-column elementor-col-50 elementor-inner-column elementor-element elementor-element-862e484\" data-id=\"862e484\" data-element_type=\"column\" data-e-type=\"column\">\n\t\t\t<div class=\"elementor-widget-wrap elementor-element-populated\">\n\t\t\t\t\t\t<div class=\"elementor-element elementor-element-cd6d12f elementor-widget elementor-widget-text-editor\" data-id=\"cd6d12f\" data-element_type=\"widget\" data-e-type=\"widget\" data-widget_type=\"text-editor.default\">\n\t\t\t\t<div class=\"elementor-widget-container\">\n\t\t\t\t\t\t\t\t\t<section class=\"text\"><ul><li>La tranquillit\u00e9 d'esprit des administrateurs, des dirigeants et des associ\u00e9s g\u00e9rants d'une soci\u00e9t\u00e9 commerciale, en prot\u00e9geant leur patrimoine personnel et familial ainsi que celui de leur conjoint et de leurs h\u00e9ritiers ;<\/li><li>Prot\u00e9ger les actifs de l'entreprise ;<\/li><li>Rembourser \u00e0 l'entreprise, dans la mesure du possible, les indemnit\u00e9s qui auraient d\u00fb \u00eatre pay\u00e9es directement par les personnes ;<\/li><li>Aider l'assur\u00e9 en prenant en charge les frais de d\u00e9fense li\u00e9s aux proc\u00e9dures judiciaires et aux enqu\u00eates, ou m\u00eame en fournissant une repr\u00e9sentation juridique sp\u00e9cialis\u00e9e dans la d\u00e9fense de ces questions ;<\/li><li>Il donne au march\u00e9 et aux autres organisations l'image d'une direction ayant une culture du risque et soucieuse d'att\u00e9nuer les risques de l'entreprise.<\/li><li>Pour l'entreprise, il s'agit de conserver et de recruter les meilleurs managers ;<\/li><li>Prot\u00e9ger le bilan de l'entreprise et le patrimoine personnel\/familial des dirigeants ;<\/li><li>Le climat \u00e9conomique difficile entra\u00eene de plus en plus de faillites d'entreprises, de licenciements collectifs, de l\u00e9gislation r\u00e9glementaire et de plaintes de tiers ;<\/li><li>Dans certaines situations, les co\u00fbts li\u00e9s \u00e0 la d\u00e9fense juridique peuvent m\u00eame d\u00e9passer la valeur nette de certaines entreprises, en fonction de la complexit\u00e9 des proc\u00e9dures judiciaires (voir les affaires \"Face Oculta\" et \"Opera\u00e7\u00e3o Furac\u00e3o\", par exemple) ;<\/li><\/ul><\/section>\t\t\t\t\t\t\t\t<\/div>\n\t\t\t\t<\/div>\n\t\t\t\t\t<\/div>\n\t\t<\/div>\n\t\t\t\t<div class=\"elementor-column elementor-col-50 elementor-inner-column elementor-element elementor-element-d46247f\" data-id=\"d46247f\" data-element_type=\"column\" data-e-type=\"column\">\n\t\t\t<div class=\"elementor-widget-wrap elementor-element-populated\">\n\t\t\t\t\t\t<div class=\"elementor-element elementor-element-581c8a3 elementor-widget elementor-widget-text-editor\" data-id=\"581c8a3\" data-element_type=\"widget\" data-e-type=\"widget\" data-widget_type=\"text-editor.default\">\n\t\t\t\t<div class=\"elementor-widget-container\">\n\t\t\t\t\t\t\t\t\t<section class=\"text\"><ul><li>Prouver l'innocence et d\u00e9montrer que des crit\u00e8res commerciaux rationnels ont \u00e9t\u00e9 suivis lors de la prise de d\u00e9cision n\u00e9cessite l'intervention d'experts et d'avocats sp\u00e9cialis\u00e9s ;<\/li><li>Les indemnit\u00e9s peuvent \u00eatre extr\u00eamement \u00e9lev\u00e9es et un gestionnaire qui doit se d\u00e9fendre tout au long de la proc\u00e9dure peut se trouver sur le point de devoir vendre ses actifs ou contracter des emprunts simplement pour faire face aux frais de d\u00e9fense, sans parler de l'indemnit\u00e9 elle-m\u00eame ;<\/li><li>Les actionnaires m\u00e9contents et autres plaignants potentiels sont de plus en plus pr\u00e9sents dans la vie des entreprises ;<\/li><li>Les mauvaises d\u00e9cisions de gestion sont probablement plus visibles dans les petites et moyennes entreprises, et leurs effets attirent l'attention des actionnaires, des r\u00e9gulateurs et d'autres acteurs ;<\/li><li>Les d\u00e9cisions prises et les actes ou omissions commis par les dirigeants peuvent avoir un impact rapide et important sur le bilan et les op\u00e9rations d'une entreprise ;<\/li><li>Les managers d'aujourd'hui travaillent dans des environnements commerciaux extr\u00eamement exigeants et stimulants, et doivent assumer un r\u00f4le de plus en plus participatif et \u00eatre conscients de toutes les d\u00e9cisions relatives \u00e0 la gestion de l'entreprise ;<\/li><li>De plus, des conflits d'int\u00e9r\u00eats peuvent exister en raison de la plus grande complexit\u00e9 des responsabilit\u00e9s assum\u00e9es.\u00a0<\/li><\/ul><\/section>\t\t\t\t\t\t\t\t<\/div>\n\t\t\t\t<\/div>\n\t\t\t\t\t<\/div>\n\t\t<\/div>\n\t\t\t\t\t<\/div>\n\t\t<\/section>\n\t\t\t\t\t<\/div>\n\t\t<\/div>\n\t\t\t\t\t<\/div>\n\t\t<\/section>\n\t\t\t\t<section class=\"elementor-section elementor-top-section elementor-element elementor-element-3b93ef3 elementor-section-boxed elementor-section-height-default elementor-section-height-default\" data-id=\"3b93ef3\" data-element_type=\"section\" data-e-type=\"section\">\n\t\t\t\t\t\t<div class=\"elementor-container elementor-column-gap-default\">\n\t\t\t\t\t<div class=\"elementor-column elementor-col-100 elementor-top-column elementor-element elementor-element-343e045\" data-id=\"343e045\" data-element_type=\"column\" data-e-type=\"column\">\n\t\t\t<div class=\"elementor-widget-wrap elementor-element-populated\">\n\t\t\t\t\t\t<div class=\"elementor-element elementor-element-c846886 elementor-widget elementor-widget-heading\" data-id=\"c846886\" data-element_type=\"widget\" data-e-type=\"widget\" data-widget_type=\"heading.default\">\n\t\t\t\t<div class=\"elementor-widget-container\">\n\t\t\t\t\t<h2 class=\"elementor-heading-title elementor-size-default\">Couvertures<\/h2>\t\t\t\t<\/div>\n\t\t\t\t<\/div>\n\t\t\t\t<div class=\"elementor-element elementor-element-f323743 elementor-widget elementor-widget-text-editor\" data-id=\"f323743\" data-element_type=\"widget\" data-e-type=\"widget\" data-widget_type=\"text-editor.default\">\n\t\t\t\t<div class=\"elementor-widget-container\">\n\t\t\t\t\t\t\t\t\t<section class=\"text\"><p>L'assurance D&amp;O garantit le paiement des sommes dont les assur\u00e9s sont civilement responsables et qu'ils sont l\u00e9galement tenus de verser \u00e0 des tiers \u00e0 la suite de r\u00e9clamations formul\u00e9es \u00e0 leur encontre pour des actes illicites commis ou pr\u00e9tendument commis dans l'exercice de fonctions de direction ou de contr\u00f4le.\u00a0<\/p><p>Ce sont les biens personnels et familiaux des assur\u00e9s eux-m\u00eames ou les biens de la soci\u00e9t\u00e9 commerciale qui sont responsables des paiements qu'ils pourraient avoir \u00e0 effectuer.\u00a0<\/p><p>Sont \u00e9galement inclus les frais de d\u00e9fense ou de repr\u00e9sentation juridique que l'assur\u00e9 doit supporter pour se d\u00e9fendre contre toute r\u00e9clamation, y compris les proc\u00e9dures judiciaires ou r\u00e9glementaires, ou pour \u00eatre repr\u00e9sent\u00e9 dans le cadre d'une enqu\u00eate officielle.  Dans de nombreux cas g\u00e9r\u00e9s par les assureurs, les paiements effectu\u00e9s concernent g\u00e9n\u00e9ralement exclusivement les frais de d\u00e9fense et de repr\u00e9sentation juridique, d'o\u00f9 l'importance vitale de cette garantie pour les personnes souhaitant b\u00e9n\u00e9ficier de cette assurance.<\/p><\/section>\t\t\t\t\t\t\t\t<\/div>\n\t\t\t\t<\/div>\n\t\t\t\t<div class=\"elementor-element elementor-element-18b0518 elementor-widget elementor-widget-text-editor\" data-id=\"18b0518\" data-element_type=\"widget\" data-e-type=\"widget\" data-widget_type=\"text-editor.default\">\n\t\t\t\t<div class=\"elementor-widget-container\">\n\t\t\t\t\t\t\t\t\t<section class=\"text\"><p><em>Les informations contenues dans ce site sont purement indicatives. Les droits et obligations des parties sont \u00e9nonc\u00e9s dans les Propositions, Conditions\u00a0<\/em><em>Sp\u00e9cial\u00a0<\/em><em>Les polices d'assurance g\u00e9n\u00e9rale applicables.<\/em><\/p><\/section>\t\t\t\t\t\t\t\t<\/div>\n\t\t\t\t<\/div>\n\t\t\t\t\t<\/div>\n\t\t<\/div>\n\t\t\t\t\t<\/div>\n\t\t<\/section>\n\t\t\t\t<\/div>","protected":false},"excerpt":{"rendered":"<p>D&#038;O Responsabilidade Civil Profissional Administradores e Diretores O seguro D&amp;O \u00e9 contratado pela empresa para proteger diretores e administradores contra reclama\u00e7\u00f5es de terceiros sobre os atos de gest\u00e3o praticados no exerc\u00edcio de suas atribui\u00e7\u00f5es, cobrindo custos de defesa e indemniza\u00e7\u00f5es. Qualquer Sociedade Comercial de qualquer dimens\u00e3o, deve subscrever este seguro, porque o n\u00edvel de exig\u00eancias [&hellip;]<\/p>\n","protected":false},"author":1,"featured_media":0,"parent":5715,"menu_order":0,"comment_status":"closed","ping_status":"closed","template":"","meta":{"_acf_changed":false,"footnotes":""},"class_list":["post-6031","page","type-page","status-publish","hentry"],"acf":[],"_links":{"self":[{"href":"https:\/\/www.amplitudeseguros.com\/fr\/wp-json\/wp\/v2\/pages\/6031","targetHints":{"allow":["GET"]}}],"collection":[{"href":"https:\/\/www.amplitudeseguros.com\/fr\/wp-json\/wp\/v2\/pages"}],"about":[{"href":"https:\/\/www.amplitudeseguros.com\/fr\/wp-json\/wp\/v2\/types\/page"}],"author":[{"embeddable":true,"href":"https:\/\/www.amplitudeseguros.com\/fr\/wp-json\/wp\/v2\/users\/1"}],"replies":[{"embeddable":true,"href":"https:\/\/www.amplitudeseguros.com\/fr\/wp-json\/wp\/v2\/comments?post=6031"}],"version-history":[{"count":22,"href":"https:\/\/www.amplitudeseguros.com\/fr\/wp-json\/wp\/v2\/pages\/6031\/revisions"}],"predecessor-version":[{"id":7290,"href":"https:\/\/www.amplitudeseguros.com\/fr\/wp-json\/wp\/v2\/pages\/6031\/revisions\/7290"}],"up":[{"embeddable":true,"href":"https:\/\/www.amplitudeseguros.com\/fr\/wp-json\/wp\/v2\/pages\/5715"}],"wp:attachment":[{"href":"https:\/\/www.amplitudeseguros.com\/fr\/wp-json\/wp\/v2\/media?parent=6031"}],"curies":[{"name":"wp","href":"https:\/\/api.w.org\/{rel}","templated":true}]}}