{"id":6042,"date":"2022-11-11T15:04:29","date_gmt":"2022-11-11T15:04:29","guid":{"rendered":"http:\/\/sitesempresas.com\/amplitude\/?page_id=6042"},"modified":"2023-02-03T16:56:12","modified_gmt":"2023-02-03T16:56:12","slug":"seguro-viagem-2","status":"publish","type":"page","link":"https:\/\/www.amplitudeseguros.com\/fr\/seguros\/seguros-empresas\/seguro-viagem-2\/","title":{"rendered":"Assurance voyage"},"content":{"rendered":"<div data-elementor-type=\"wp-page\" data-elementor-id=\"6042\" class=\"elementor elementor-6042\">\n\t\t\t\t\t\t<section class=\"elementor-section elementor-top-section elementor-element elementor-element-2d29be5 elementor-section-full_width service-details-page elementor-reverse-tablet elementor-reverse-mobile elementor-section-height-default elementor-section-height-default\" data-id=\"2d29be5\" data-element_type=\"section\" data-e-type=\"section\">\n\t\t\t\t\t\t<div class=\"elementor-container elementor-column-gap-default\">\n\t\t\t\t\t<div class=\"elementor-column elementor-col-100 elementor-top-column elementor-element elementor-element-0b640b9\" data-id=\"0b640b9\" data-element_type=\"column\" data-e-type=\"column\">\n\t\t\t<div class=\"elementor-widget-wrap elementor-element-populated\">\n\t\t\t\t\t\t<div class=\"elementor-element elementor-element-0d565fb service-details-thumbnail elementor-widget elementor-widget-image\" data-id=\"0d565fb\" data-element_type=\"widget\" data-e-type=\"widget\" data-widget_type=\"image.default\">\n\t\t\t\t<div class=\"elementor-widget-container\">\n\t\t\t\t\t\t\t\t\t\t\t\t\t\t\t<img fetchpriority=\"high\" decoding=\"async\" width=\"1470\" height=\"660\" src=\"https:\/\/www.amplitudeseguros.com\/wp-content\/uploads\/2022\/11\/Seguro-Viagem-1470x660.webp\" class=\"attachment-sultin-blog-standard size-sultin-blog-standard wp-image-5788\" alt=\"\" \/>\t\t\t\t\t\t\t\t\t\t\t\t\t\t\t<\/div>\n\t\t\t\t<\/div>\n\t\t\t\t<div class=\"elementor-element elementor-element-b3090d5 elementor-widget elementor-widget-heading\" data-id=\"b3090d5\" data-element_type=\"widget\" data-e-type=\"widget\" data-widget_type=\"heading.default\">\n\t\t\t\t<div class=\"elementor-widget-container\">\n\t\t\t\t\t<h2 class=\"elementor-heading-title elementor-size-default\">Assurance voyage<\/h2>\t\t\t\t<\/div>\n\t\t\t\t<\/div>\n\t\t\t\t<div class=\"elementor-element elementor-element-040ece6 elementor-widget elementor-widget-text-editor\" data-id=\"040ece6\" data-element_type=\"widget\" data-e-type=\"widget\" data-widget_type=\"text-editor.default\">\n\t\t\t\t<div class=\"elementor-widget-container\">\n\t\t\t\t\t\t\t\t\t<section class=\"text\"><p>L'assurance voyage d'affaires est la solution id\u00e9ale pour minimiser les difficult\u00e9s qui peuvent survenir lors d'un voyage d'affaires.<\/p><p>Les employ\u00e9s et les cadres qui voyagent pour le compte de l'entreprise doivent \u00eatre prot\u00e9g\u00e9s par les garanties suivantes :<\/p><ul><li>Frais m\u00e9dicaux d'urgence ;<\/li><li>Aide aux frais de transport ;<\/li><li>Frais de rapatriement, de sauvetage, d'assistance et de justice ;<\/li><li>Responsabilit\u00e9 civile ;<\/li><li>Avance de fonds ;<\/li><li>Annulation et interruption de voyage<\/li><li>Vol de bagages et de mat\u00e9riel professionnel<\/li><\/ul><\/section>\t\t\t\t\t\t\t\t<\/div>\n\t\t\t\t<\/div>\n\t\t\t\t<div class=\"elementor-element elementor-element-0b65cba elementor-widget elementor-widget-text-editor\" data-id=\"0b65cba\" data-element_type=\"widget\" data-e-type=\"widget\" data-widget_type=\"text-editor.default\">\n\t\t\t\t<div class=\"elementor-widget-container\">\n\t\t\t\t\t\t\t\t\t<section class=\"text\"><p>Il existe \u00e9galement des solutions d'assurance qui peuvent garantir les situations suivantes : Enl\u00e8vement, rapt, d\u00e9tention ill\u00e9gale, entre autres.<\/p><\/section>\t\t\t\t\t\t\t\t<\/div>\n\t\t\t\t<\/div>\n\t\t\t\t\t<\/div>\n\t\t<\/div>\n\t\t\t\t\t<\/div>\n\t\t<\/section>\n\t\t\t\t<section class=\"elementor-section elementor-top-section elementor-element elementor-element-d68a177 elementor-section-stretched elementor-section-boxed elementor-section-height-default elementor-section-height-default\" data-id=\"d68a177\" data-element_type=\"section\" data-e-type=\"section\" data-settings=\"{&quot;stretch_section&quot;:&quot;section-stretched&quot;,&quot;background_background&quot;:&quot;classic&quot;}\">\n\t\t\t\t\t\t<div class=\"elementor-container elementor-column-gap-default\">\n\t\t\t\t\t<div class=\"elementor-column elementor-col-100 elementor-top-column elementor-element elementor-element-105a0a5\" data-id=\"105a0a5\" data-element_type=\"column\" data-e-type=\"column\">\n\t\t\t<div class=\"elementor-widget-wrap elementor-element-populated\">\n\t\t\t\t\t\t<div class=\"elementor-element elementor-element-7ab624b elementor-widget elementor-widget-heading\" data-id=\"7ab624b\" data-element_type=\"widget\" data-e-type=\"widget\" data-widget_type=\"heading.default\">\n\t\t\t\t<div class=\"elementor-widget-container\">\n\t\t\t\t\t<h2 class=\"elementor-heading-title elementor-size-default\">Avantages<\/h2>\t\t\t\t<\/div>\n\t\t\t\t<\/div>\n\t\t\t\t<div class=\"elementor-element elementor-element-b792a29 elementor-widget elementor-widget-text-editor\" data-id=\"b792a29\" data-element_type=\"widget\" data-e-type=\"widget\" data-widget_type=\"text-editor.default\">\n\t\t\t\t<div class=\"elementor-widget-container\">\n\t\t\t\t\t\t\t\t\t<section class=\"text\"><p>Nous recommandons les solutions d'assurance voyage disponibles sur le march\u00e9 de l'assurance qui pr\u00e9sentent les caract\u00e9ristiques suivantes :<\/p><p>Simplicit\u00e9 - Contrat sans formalit\u00e9s, sans dossier de voyage et sans d\u00e9claration pr\u00e9alable de voyage.<\/p><p>Automatis\u00e9 - Garantit automatiquement tous les voyages d'affaires<\/p><p>Tranquilidade - L'assur\u00e9 re\u00e7oit une carte contenant les coordonn\u00e9es de la soci\u00e9t\u00e9 d'assistance \u00e0 contacter en cas d'urgence.<\/p><p>S\u00e9curit\u00e9 - Couverture illimit\u00e9e des frais m\u00e9dicaux \u00e0 l'\u00e9tranger en cas d'accident ou de maladie soudaine lors d'un voyage d'affaires. En cas d'hospitalisation, le paiement est effectu\u00e9 directement \u00e0 l'h\u00f4pital.<\/p><\/section>\t\t\t\t\t\t\t\t<\/div>\n\t\t\t\t<\/div>\n\t\t\t\t\t<\/div>\n\t\t<\/div>\n\t\t\t\t\t<\/div>\n\t\t<\/section>\n\t\t\t\t<section class=\"elementor-section elementor-top-section elementor-element elementor-element-3b93ef3 elementor-section-boxed elementor-section-height-default elementor-section-height-default\" data-id=\"3b93ef3\" data-element_type=\"section\" data-e-type=\"section\">\n\t\t\t\t\t\t<div class=\"elementor-container elementor-column-gap-default\">\n\t\t\t\t\t<div class=\"elementor-column elementor-col-100 elementor-top-column elementor-element elementor-element-343e045\" data-id=\"343e045\" data-element_type=\"column\" data-e-type=\"column\">\n\t\t\t<div class=\"elementor-widget-wrap elementor-element-populated\">\n\t\t\t\t\t\t<div class=\"elementor-element elementor-element-c846886 elementor-widget elementor-widget-heading\" data-id=\"c846886\" data-element_type=\"widget\" data-e-type=\"widget\" data-widget_type=\"heading.default\">\n\t\t\t\t<div class=\"elementor-widget-container\">\n\t\t\t\t\t<h2 class=\"elementor-heading-title elementor-size-default\">Couverture<\/h2>\t\t\t\t<\/div>\n\t\t\t\t<\/div>\n\t\t\t\t<div class=\"elementor-element elementor-element-f184745 elementor-widget elementor-widget-eael-adv-tabs\" data-id=\"f184745\" data-element_type=\"widget\" data-e-type=\"widget\" data-widget_type=\"eael-adv-tabs.default\">\n\t\t\t\t<div class=\"elementor-widget-container\">\n\t\t\t\t\t        <div data-scroll-on-click=\"no\" data-scroll-speed=\"300\" id=\"eael-advance-tabs-f184745\" class=\"eael-advance-tabs eael-tabs-horizontal eael-tab-auto-active\" data-tabid=\"f184745\">\n            <div class=\"eael-tabs-nav\">\n                <ul class=\"eael-tab-inline-icon\" role=\"tablist\">\n                                            <li id=\"coberturas-importantes\" class=\"inactive eael-tab-item-trigger eael-tab-nav-item\" aria-selected=\"true\" data-tab=\"1\" role=\"tab\" tabindex=\"0\" aria-controls=\"coberturas-importantes-tab\" aria-expanded=\"false\">\n                            \n                                                                                                                            \n                                                            <span class=\"eael-tab-title title-after-icon\" >Couvertures importantes<\/span>                            \n                                                    <\/li>\n                                            <li id=\"cobertura-de-assistncia-em-viagem\" class=\"inactive eael-tab-item-trigger eael-tab-nav-item\" aria-selected=\"false\" data-tab=\"2\" role=\"tab\" tabindex=\"-1\" aria-controls=\"cobertura-de-assistncia-em-viagem-tab\" aria-expanded=\"false\">\n                            \n                                                                                                                            \n                                                            <span class=\"eael-tab-title title-after-icon\" >Couverture de l'assistance voyage<\/span>                            \n                                                    <\/li>\n                                            <li id=\"coberturas-possiveis\" class=\"inactive eael-tab-item-trigger eael-tab-nav-item\" aria-selected=\"false\" data-tab=\"3\" role=\"tab\" tabindex=\"-1\" aria-controls=\"coberturas-possiveis-tab\" aria-expanded=\"false\">\n                            \n                                                        \n                                                            <span class=\"eael-tab-title title-after-icon\" >Couvertures possibles<\/span>                            \n                                                    <\/li>\n                    \n                                  <\/ul>\n            <\/div>\n            \n            <div class=\"eael-tabs-content\">\n\t\t        \n                    <div id=\"coberturas-importantes-tab\" class=\"clearfix eael-tab-content-item inactive\" data-title-link=\"coberturas-importantes-tab\">\n\t\t\t\t        <ul><li>D\u00e9c\u00e8s ou invalidit\u00e9 permanente par accident<\/li><li>Disparition<\/li><li>Frais m\u00e9dicaux \u00e0 l'\u00e9tranger<\/li><li>Frais m\u00e9dicaux au Portugal en cas d'hospitalisation<\/li><li>Frais d'obs\u00e8ques<\/li><li>Vol de bagages<\/li><li>\u00c9quipement professionnel<\/li><li>Retard des bagages<\/li><li>Perte ou d\u00e9t\u00e9rioration des documents de voyage<\/li><li>Annulation et interruption<\/li><li>Retard de l'avion<\/li><li>Soutien juridique<\/li><li>Responsabilit\u00e9 personnelle<\/li><\/ul>                    <\/div>\n\t\t        \n                    <div id=\"cobertura-de-assistncia-em-viagem-tab\" class=\"clearfix eael-tab-content-item inactive\" data-title-link=\"cobertura-de-assistncia-em-viagem-tab\">\n\t\t\t\t        <p>Transport vers un centre m\u00e9dical, Rapatriement, Remboursement des frais d'h\u00f4tel, Mise \u00e0 disposition d'un billet de transport pour un proche, Rapatriement de la d\u00e9pouille en cas de d\u00e9c\u00e8s, Avance de fonds en cas de vol ou de perte d'argent, de ch\u00e8ques ou de cartes de cr\u00e9dit \u00e0 l'\u00e9tranger, entre autres couvertures.<\/p>                    <\/div>\n\t\t        \n                    <div id=\"coberturas-possiveis-tab\" class=\"clearfix eael-tab-content-item inactive\" data-title-link=\"coberturas-possiveis-tab\">\n\t\t\t\t        <p>Recherche et sauvetage, d\u00e9tention, caution et autres.<\/p>                    <\/div>\n\t\t                    <\/div>\n        <\/div>\n\t\t\t\t<\/div>\n\t\t\t\t<\/div>\n\t\t\t\t\t<\/div>\n\t\t<\/div>\n\t\t\t\t\t<\/div>\n\t\t<\/section>\n\t\t\t\t<section class=\"elementor-section elementor-top-section elementor-element elementor-element-953ff2d elementor-section-stretched elementor-section-boxed elementor-section-height-default elementor-section-height-default\" data-id=\"953ff2d\" data-element_type=\"section\" data-e-type=\"section\" data-settings=\"{&quot;stretch_section&quot;:&quot;section-stretched&quot;,&quot;background_background&quot;:&quot;classic&quot;}\">\n\t\t\t\t\t\t<div class=\"elementor-container elementor-column-gap-default\">\n\t\t\t\t\t<div class=\"elementor-column elementor-col-100 elementor-top-column elementor-element elementor-element-c11df1d\" data-id=\"c11df1d\" data-element_type=\"column\" data-e-type=\"column\">\n\t\t\t<div class=\"elementor-widget-wrap elementor-element-populated\">\n\t\t\t\t\t\t<div class=\"elementor-element elementor-element-3b1ddf8 elementor-widget elementor-widget-heading\" data-id=\"3b1ddf8\" data-element_type=\"widget\" data-e-type=\"widget\" data-widget_type=\"heading.default\">\n\t\t\t\t<div class=\"elementor-widget-container\">\n\t\t\t\t\t<h2 class=\"elementor-heading-title elementor-size-default\">\nPrenez soin de vous\n<\/h2>\t\t\t\t<\/div>\n\t\t\t\t<\/div>\n\t\t\t\t<div class=\"elementor-element elementor-element-fea9e12 elementor-widget elementor-widget-text-editor\" data-id=\"fea9e12\" data-element_type=\"widget\" data-e-type=\"widget\" data-widget_type=\"text-editor.default\">\n\t\t\t\t<div class=\"elementor-widget-container\">\n\t\t\t\t\t\t\t\t\t<section class=\"text\"><p>Lorsque vous souhaitez souscrire une police d'assurance voyage, nous attirons votre attention sur les points suivants :<\/p><ul><li>Les sports dangereux sont exclus, par exemple : Le parapente, le parachutisme, le ski, le surf, la boxe et tous ceux de nature similaire.  Il est possible de n\u00e9gocier avec l'assureur l'inclusion de la pratique de ce type de sport.<\/li><li>L'utilisation de v\u00e9hicules motoris\u00e9s \u00e0 2 roues est normalement exclue de la couverture.  Il est possible de n\u00e9gocier avec l'assureur l'inclusion de l'utilisation de v\u00e9hicules \u00e0 deux roues motoris\u00e9s.<\/li><li>Le d\u00e9c\u00e8s ou l'invalidit\u00e9 caus\u00e9s par des catastrophes naturelles telles que les tremblements de terre, les tsunamis, les secousses telluriques, etc. sont exclus de la plupart des polices commercialis\u00e9es par les assureurs.<\/li><li>Le d\u00e9c\u00e8s ou l'invalidit\u00e9 r\u00e9sultant d'actes de terrorisme sont exclus de la plupart des polices commercialis\u00e9es par les assureurs.<\/li><\/ul><\/section>\t\t\t\t\t\t\t\t<\/div>\n\t\t\t\t<\/div>\n\t\t\t\t<div class=\"elementor-element elementor-element-a2f26c9 elementor-widget elementor-widget-text-editor\" data-id=\"a2f26c9\" data-element_type=\"widget\" data-e-type=\"widget\" data-widget_type=\"text-editor.default\">\n\t\t\t\t<div class=\"elementor-widget-container\">\n\t\t\t\t\t\t\t\t\t<section class=\"text\"><p><em>Les informations contenues dans ce site sont purement indicatives. Les droits et obligations des parties sont \u00e9nonc\u00e9s dans les Propositions, Conditions\u00a0<\/em><em>Sp\u00e9cial\u00a0<\/em><em>Les polices d'assurance g\u00e9n\u00e9rale applicables.<\/em><\/p><\/section>\t\t\t\t\t\t\t\t<\/div>\n\t\t\t\t<\/div>\n\t\t\t\t\t<\/div>\n\t\t<\/div>\n\t\t\t\t\t<\/div>\n\t\t<\/section>\n\t\t\t\t<\/div>","protected":false},"excerpt":{"rendered":"<p>Seguro Viagem Um seguro de viagem de neg\u00f3cios \u00e9 a solu\u00e7\u00e3o perfeita para minimizar as dificuldades que possam surgir numa viagem de neg\u00f3cios. Os colaboradores e executivos que viajem em neg\u00f3cio em nome da empresa devem estar protegidos pelas seguintes garantias: Despesas m\u00e9dicas de emerg\u00eancia; Assist\u00eancia com as despesas de transporte; Repatriamento, Salvamento, Assist\u00eancia e [&hellip;]<\/p>\n","protected":false},"author":1,"featured_media":0,"parent":5715,"menu_order":0,"comment_status":"closed","ping_status":"closed","template":"","meta":{"_acf_changed":false,"footnotes":""},"class_list":["post-6042","page","type-page","status-publish","hentry"],"acf":[],"_links":{"self":[{"href":"https:\/\/www.amplitudeseguros.com\/fr\/wp-json\/wp\/v2\/pages\/6042","targetHints":{"allow":["GET"]}}],"collection":[{"href":"https:\/\/www.amplitudeseguros.com\/fr\/wp-json\/wp\/v2\/pages"}],"about":[{"href":"https:\/\/www.amplitudeseguros.com\/fr\/wp-json\/wp\/v2\/types\/page"}],"author":[{"embeddable":true,"href":"https:\/\/www.amplitudeseguros.com\/fr\/wp-json\/wp\/v2\/users\/1"}],"replies":[{"embeddable":true,"href":"https:\/\/www.amplitudeseguros.com\/fr\/wp-json\/wp\/v2\/comments?post=6042"}],"version-history":[{"count":16,"href":"https:\/\/www.amplitudeseguros.com\/fr\/wp-json\/wp\/v2\/pages\/6042\/revisions"}],"predecessor-version":[{"id":7293,"href":"https:\/\/www.amplitudeseguros.com\/fr\/wp-json\/wp\/v2\/pages\/6042\/revisions\/7293"}],"up":[{"embeddable":true,"href":"https:\/\/www.amplitudeseguros.com\/fr\/wp-json\/wp\/v2\/pages\/5715"}],"wp:attachment":[{"href":"https:\/\/www.amplitudeseguros.com\/fr\/wp-json\/wp\/v2\/media?parent=6042"}],"curies":[{"name":"wp","href":"https:\/\/api.w.org\/{rel}","templated":true}]}}