{"id":6048,"date":"2022-11-11T15:10:11","date_gmt":"2022-11-11T15:10:11","guid":{"rendered":"http:\/\/sitesempresas.com\/amplitude\/?page_id=6048"},"modified":"2023-02-03T16:56:45","modified_gmt":"2023-02-03T16:56:45","slug":"seguros-de-eventos-2","status":"publish","type":"page","link":"https:\/\/www.amplitudeseguros.com\/fr\/seguros\/seguros-empresas\/seguros-de-eventos-2\/","title":{"rendered":"Assurance des \u00e9v\u00e9nements"},"content":{"rendered":"<div data-elementor-type=\"wp-page\" data-elementor-id=\"6048\" class=\"elementor elementor-6048\">\n\t\t\t\t\t\t<section class=\"elementor-section elementor-top-section elementor-element elementor-element-2d29be5 elementor-section-full_width service-details-page elementor-reverse-tablet elementor-reverse-mobile elementor-section-height-default elementor-section-height-default\" data-id=\"2d29be5\" data-element_type=\"section\" data-e-type=\"section\">\n\t\t\t\t\t\t<div class=\"elementor-container elementor-column-gap-default\">\n\t\t\t\t\t<div class=\"elementor-column elementor-col-100 elementor-top-column elementor-element elementor-element-0b640b9\" data-id=\"0b640b9\" data-element_type=\"column\" data-e-type=\"column\">\n\t\t\t<div class=\"elementor-widget-wrap elementor-element-populated\">\n\t\t\t\t\t\t<div class=\"elementor-element elementor-element-0d565fb service-details-thumbnail elementor-widget elementor-widget-image\" data-id=\"0d565fb\" data-element_type=\"widget\" data-e-type=\"widget\" data-widget_type=\"image.default\">\n\t\t\t\t<div class=\"elementor-widget-container\">\n\t\t\t\t\t\t\t\t\t\t\t\t\t\t\t<img fetchpriority=\"high\" decoding=\"async\" width=\"1470\" height=\"660\" src=\"https:\/\/www.amplitudeseguros.com\/wp-content\/uploads\/2022\/11\/Seguros-de-Eventos-1470x660.webp\" class=\"attachment-sultin-blog-standard size-sultin-blog-standard wp-image-5789\" alt=\"\" \/>\t\t\t\t\t\t\t\t\t\t\t\t\t\t\t<\/div>\n\t\t\t\t<\/div>\n\t\t\t\t<div class=\"elementor-element elementor-element-b3090d5 elementor-widget elementor-widget-heading\" data-id=\"b3090d5\" data-element_type=\"widget\" data-e-type=\"widget\" data-widget_type=\"heading.default\">\n\t\t\t\t<div class=\"elementor-widget-container\">\n\t\t\t\t\t<h2 class=\"elementor-heading-title elementor-size-default\">Assurance des \u00e9v\u00e9nements<\/h2>\t\t\t\t<\/div>\n\t\t\t\t<\/div>\n\t\t\t\t<div class=\"elementor-element elementor-element-040ece6 elementor-widget elementor-widget-text-editor\" data-id=\"040ece6\" data-element_type=\"widget\" data-e-type=\"widget\" data-widget_type=\"text-editor.default\">\n\t\t\t\t<div class=\"elementor-widget-container\">\n\t\t\t\t\t\t\t\t\t<p>Il s'agit d'une police d'assurance qui indemnise les organisateurs d'\u00e9v\u00e9nements en cas d'impr\u00e9vus de diverses natures, tels que des annulations dues \u00e0 des conditions m\u00e9t\u00e9orologiques d\u00e9favorables ou \u00e0 l'absence de la \"personne cl\u00e9\".<\/p><p>Il est \u00e9galement possible de souscrire une assurance responsabilit\u00e9 civile pour l'organisation de l'\u00e9v\u00e9nement et pour les dommages caus\u00e9s aux structures o\u00f9 se d\u00e9roule l'\u00e9v\u00e9nement.<\/p><p>Les \u00e9v\u00e9nements assur\u00e9s peuvent \u00eatre des concerts, des \u00e9v\u00e9nements sportifs, des conf\u00e9rences, des expositions, des \u00e9v\u00e9nements caritatifs, des d\u00e9fil\u00e9s de mode, etc.<\/p><p>Compte tenu des investissements importants li\u00e9s \u00e0 l'organisation de ce type d'\u00e9v\u00e9nement, la souscription de cette assurance est fortement recommand\u00e9e en tant que mesure de gestion des risques.<\/p>\t\t\t\t\t\t\t\t<\/div>\n\t\t\t\t<\/div>\n\t\t\t\t\t<\/div>\n\t\t<\/div>\n\t\t\t\t\t<\/div>\n\t\t<\/section>\n\t\t\t\t<section class=\"elementor-section elementor-top-section elementor-element elementor-element-d68a177 elementor-section-stretched elementor-section-boxed elementor-section-height-default elementor-section-height-default\" data-id=\"d68a177\" data-element_type=\"section\" data-e-type=\"section\" data-settings=\"{&quot;stretch_section&quot;:&quot;section-stretched&quot;,&quot;background_background&quot;:&quot;classic&quot;}\">\n\t\t\t\t\t\t<div class=\"elementor-container elementor-column-gap-default\">\n\t\t\t\t\t<div class=\"elementor-column elementor-col-100 elementor-top-column elementor-element elementor-element-105a0a5\" data-id=\"105a0a5\" data-element_type=\"column\" data-e-type=\"column\">\n\t\t\t<div class=\"elementor-widget-wrap elementor-element-populated\">\n\t\t\t\t\t\t<div class=\"elementor-element elementor-element-7ab624b elementor-widget elementor-widget-heading\" data-id=\"7ab624b\" data-element_type=\"widget\" data-e-type=\"widget\" data-widget_type=\"heading.default\">\n\t\t\t\t<div class=\"elementor-widget-container\">\n\t\t\t\t\t<h2 class=\"elementor-heading-title elementor-size-default\">Couverture<\/h2>\t\t\t\t<\/div>\n\t\t\t\t<\/div>\n\t\t\t\t<div class=\"elementor-element elementor-element-b792a29 elementor-widget elementor-widget-text-editor\" data-id=\"b792a29\" data-element_type=\"widget\" data-e-type=\"widget\" data-widget_type=\"text-editor.default\">\n\t\t\t\t<div class=\"elementor-widget-container\">\n\t\t\t\t\t\t\t\t\t<section class=\"text\"><p>Niveaux de couverture<\/p><p><span style=\"color: #5cbde5;\"><strong>1.<\/strong>\u00a0<\/span> Annulation, dans laquelle les frais irr\u00e9cup\u00e9rables et, si souhait\u00e9, le b\u00e9n\u00e9fice de l'Organisateur sont garantis ;<\/p><p><span style=\"color: #5cbde5;\"><strong>2.<\/strong>\u00a0<\/span> Responsabilit\u00e9 civile de l'organisateur de l'\u00e9v\u00e9nement ;<\/p><p><span style=\"color: #5cbde5;\"><strong> 3.<\/strong>\u00a0<\/span> Dommages mat\u00e9riels, en cas de dommages aux structures o\u00f9 se d\u00e9roulent les \u00e9v\u00e9nements.<\/p><\/section>\t\t\t\t\t\t\t\t<\/div>\n\t\t\t\t<\/div>\n\t\t\t\t<div class=\"elementor-element elementor-element-c6fa026 elementor-widget elementor-widget-text-editor\" data-id=\"c6fa026\" data-element_type=\"widget\" data-e-type=\"widget\" data-widget_type=\"text-editor.default\">\n\t\t\t\t<div class=\"elementor-widget-container\">\n\t\t\t\t\t\t\t\t\t<section class=\"text\"><p><em>Les informations contenues dans ce site sont purement indicatives. Les droits et obligations des parties sont \u00e9nonc\u00e9s dans les Propositions, Conditions\u00a0<\/em><em>Sp\u00e9cial\u00a0<\/em><em>Les polices d'assurance g\u00e9n\u00e9rale applicables.<\/em><\/p><\/section>\t\t\t\t\t\t\t\t<\/div>\n\t\t\t\t<\/div>\n\t\t\t\t\t<\/div>\n\t\t<\/div>\n\t\t\t\t\t<\/div>\n\t\t<\/section>\n\t\t\t\t<\/div>","protected":false},"excerpt":{"rendered":"<p>Seguros de Eventos Trata-se de um seguro que indemniza os organizadores de eventos, em resultado de imprevistos de v\u00e1ria ordem, nomeadamente cancelamento por motivo de condi\u00e7\u00f5es atmosf\u00e9ricas adversas e n\u00e3o comparecimento da &#8220;pessoa chave&#8221; \u00c9 igualmente poss\u00edvel efetuar o seguro de responsabilidade civil da organiza\u00e7\u00e3o do evento e danos \u00e0s estruturas onde s\u00e3o realizados os [&hellip;]<\/p>\n","protected":false},"author":1,"featured_media":0,"parent":5715,"menu_order":0,"comment_status":"closed","ping_status":"closed","template":"","meta":{"_acf_changed":false,"footnotes":""},"class_list":["post-6048","page","type-page","status-publish","hentry"],"acf":[],"_links":{"self":[{"href":"https:\/\/www.amplitudeseguros.com\/fr\/wp-json\/wp\/v2\/pages\/6048","targetHints":{"allow":["GET"]}}],"collection":[{"href":"https:\/\/www.amplitudeseguros.com\/fr\/wp-json\/wp\/v2\/pages"}],"about":[{"href":"https:\/\/www.amplitudeseguros.com\/fr\/wp-json\/wp\/v2\/types\/page"}],"author":[{"embeddable":true,"href":"https:\/\/www.amplitudeseguros.com\/fr\/wp-json\/wp\/v2\/users\/1"}],"replies":[{"embeddable":true,"href":"https:\/\/www.amplitudeseguros.com\/fr\/wp-json\/wp\/v2\/comments?post=6048"}],"version-history":[{"count":16,"href":"https:\/\/www.amplitudeseguros.com\/fr\/wp-json\/wp\/v2\/pages\/6048\/revisions"}],"predecessor-version":[{"id":7296,"href":"https:\/\/www.amplitudeseguros.com\/fr\/wp-json\/wp\/v2\/pages\/6048\/revisions\/7296"}],"up":[{"embeddable":true,"href":"https:\/\/www.amplitudeseguros.com\/fr\/wp-json\/wp\/v2\/pages\/5715"}],"wp:attachment":[{"href":"https:\/\/www.amplitudeseguros.com\/fr\/wp-json\/wp\/v2\/media?parent=6048"}],"curies":[{"name":"wp","href":"https:\/\/api.w.org\/{rel}","templated":true}]}}