{"id":6157,"date":"2022-11-11T16:43:56","date_gmt":"2022-11-11T16:43:56","guid":{"rendered":"http:\/\/sitesempresas.com\/amplitude\/?page_id=6157"},"modified":"2022-12-15T15:02:06","modified_gmt":"2022-12-15T15:02:06","slug":"classicos-automovel-2","status":"publish","type":"page","link":"https:\/\/www.amplitudeseguros.com\/fr\/seguros\/seguros-particulares\/classicos-automovel-2\/","title":{"rendered":"Classiques - Voitures"},"content":{"rendered":"<div data-elementor-type=\"wp-page\" data-elementor-id=\"6157\" class=\"elementor elementor-6157\">\n\t\t\t\t\t\t<section class=\"elementor-section elementor-top-section elementor-element elementor-element-2d29be5 elementor-section-full_width service-details-page elementor-reverse-tablet elementor-reverse-mobile elementor-section-height-default elementor-section-height-default\" data-id=\"2d29be5\" data-element_type=\"section\" data-e-type=\"section\">\n\t\t\t\t\t\t<div class=\"elementor-container elementor-column-gap-default\">\n\t\t\t\t\t<div class=\"elementor-column elementor-col-100 elementor-top-column elementor-element elementor-element-0b640b9\" data-id=\"0b640b9\" data-element_type=\"column\" data-e-type=\"column\">\n\t\t\t<div class=\"elementor-widget-wrap elementor-element-populated\">\n\t\t\t\t\t\t<div class=\"elementor-element elementor-element-0d565fb service-details-thumbnail elementor-widget elementor-widget-image\" data-id=\"0d565fb\" data-element_type=\"widget\" data-e-type=\"widget\" data-widget_type=\"image.default\">\n\t\t\t\t<div class=\"elementor-widget-container\">\n\t\t\t\t\t\t\t\t\t\t\t\t\t\t\t<img fetchpriority=\"high\" decoding=\"async\" width=\"1470\" height=\"660\" src=\"https:\/\/www.amplitudeseguros.com\/wp-content\/uploads\/2022\/11\/classicos-automovel-1470x660.webp\" class=\"attachment-sultin-blog-standard size-sultin-blog-standard wp-image-5800\" alt=\"\" \/>\t\t\t\t\t\t\t\t\t\t\t\t\t\t\t<\/div>\n\t\t\t\t<\/div>\n\t\t\t\t<div class=\"elementor-element elementor-element-b3090d5 elementor-widget elementor-widget-heading\" data-id=\"b3090d5\" data-element_type=\"widget\" data-e-type=\"widget\" data-widget_type=\"heading.default\">\n\t\t\t\t<div class=\"elementor-widget-container\">\n\t\t\t\t\t<h2 class=\"elementor-heading-title elementor-size-default\">Classiques - Voitures<\/h2>\t\t\t\t<\/div>\n\t\t\t\t<\/div>\n\t\t\t\t<div class=\"elementor-element elementor-element-0b65cba elementor-widget elementor-widget-text-editor\" data-id=\"0b65cba\" data-element_type=\"widget\" data-e-type=\"widget\" data-widget_type=\"text-editor.default\">\n\t\t\t\t<div class=\"elementor-widget-container\">\n\t\t\t\t\t\t\t\t\t<p>Gr\u00e2ce \u00e0 une police sp\u00e9cialis\u00e9e destin\u00e9e aux propri\u00e9taires de voitures anciennes, qu'il s'agisse d'un v\u00e9hicule ou d'une collection, le march\u00e9 de l'assurance propose des solutions de protection pour les voitures de collection, adapt\u00e9es \u00e0 vos besoins.<\/p><p>Une voiture ou un v\u00e9hicule ancien est une source de grande fiert\u00e9 pour son propri\u00e9taire, qu'il l'ait achet\u00e9 en parfait \u00e9tat ou qu'il l'ait restaur\u00e9 lui-m\u00eame. Tous les co\u00fbts impliqu\u00e9s, ainsi que les heures de travail et de recherche \u00e0 la recherche de pi\u00e8ces et d'accessoires d'origine, rendent encore plus importante la s\u00e9curit\u00e9 du v\u00e9hicule.<\/p><p>Sinon, l'\u00e9ventualit\u00e9 d'un accident lors d'un trajet, ou d'une simple \u00e9gratignure lorsque la voiture est gar\u00e9e, peut devenir un v\u00e9ritable cauchemar. Par l'interm\u00e9diaire d'assureurs sp\u00e9cialis\u00e9s, nous vous proposons la solution de couverture id\u00e9ale pour les dommages subis par vos voitures de collection.<\/p>\t\t\t\t\t\t\t\t<\/div>\n\t\t\t\t<\/div>\n\t\t\t\t\t<\/div>\n\t\t<\/div>\n\t\t\t\t\t<\/div>\n\t\t<\/section>\n\t\t\t\t<section class=\"elementor-section elementor-top-section elementor-element elementor-element-d68a177 elementor-section-stretched elementor-section-boxed elementor-section-height-default elementor-section-height-default\" data-id=\"d68a177\" data-element_type=\"section\" data-e-type=\"section\" data-settings=\"{&quot;stretch_section&quot;:&quot;section-stretched&quot;,&quot;background_background&quot;:&quot;classic&quot;}\">\n\t\t\t\t\t\t<div class=\"elementor-container elementor-column-gap-default\">\n\t\t\t\t\t<div class=\"elementor-column elementor-col-100 elementor-top-column elementor-element elementor-element-105a0a5\" data-id=\"105a0a5\" data-element_type=\"column\" data-e-type=\"column\">\n\t\t\t<div class=\"elementor-widget-wrap elementor-element-populated\">\n\t\t\t\t\t\t<div class=\"elementor-element elementor-element-7ab624b elementor-widget elementor-widget-heading\" data-id=\"7ab624b\" data-element_type=\"widget\" data-e-type=\"widget\" data-widget_type=\"heading.default\">\n\t\t\t\t<div class=\"elementor-widget-container\">\n\t\t\t\t\t<h2 class=\"elementor-heading-title elementor-size-default\">Avantages<\/h2>\t\t\t\t<\/div>\n\t\t\t\t<\/div>\n\t\t\t\t<div class=\"elementor-element elementor-element-c8261f4 elementor-widget elementor-widget-text-editor\" data-id=\"c8261f4\" data-element_type=\"widget\" data-e-type=\"widget\" data-widget_type=\"text-editor.default\">\n\t\t\t\t<div class=\"elementor-widget-container\">\n\t\t\t\t\t\t\t\t\t<ul><li>La voiture est \u00e9valu\u00e9e comme s'il s'agissait d'une \u0153uvre d'art et n'est pas soumise \u00e0 la d\u00e9pr\u00e9ciation automatique du capital, comme c'est le cas dans les polices d'assurance automobile traditionnelles.<\/li><li>Prime vers\u00e9e en fonction du nombre de kilom\u00e8tres parcourus par an<\/li><li>Police sans augmentation automatique en cas de sinistre<\/li><\/ul>\t\t\t\t\t\t\t\t<\/div>\n\t\t\t\t<\/div>\n\t\t\t\t\t<\/div>\n\t\t<\/div>\n\t\t\t\t\t<\/div>\n\t\t<\/section>\n\t\t\t\t<section class=\"elementor-section elementor-top-section elementor-element elementor-element-3b93ef3 elementor-section-boxed elementor-section-height-default elementor-section-height-default\" data-id=\"3b93ef3\" data-element_type=\"section\" data-e-type=\"section\">\n\t\t\t\t\t\t<div class=\"elementor-container elementor-column-gap-default\">\n\t\t\t\t\t<div class=\"elementor-column elementor-col-100 elementor-top-column elementor-element elementor-element-343e045\" data-id=\"343e045\" data-element_type=\"column\" data-e-type=\"column\">\n\t\t\t<div class=\"elementor-widget-wrap elementor-element-populated\">\n\t\t\t\t\t\t<div class=\"elementor-element elementor-element-c846886 elementor-widget elementor-widget-heading\" data-id=\"c846886\" data-element_type=\"widget\" data-e-type=\"widget\" data-widget_type=\"heading.default\">\n\t\t\t\t<div class=\"elementor-widget-container\">\n\t\t\t\t\t<h2 class=\"elementor-heading-title elementor-size-default\">Couverture<\/h2>\t\t\t\t<\/div>\n\t\t\t\t<\/div>\n\t\t\t\t<div class=\"elementor-element elementor-element-281b875 elementor-widget elementor-widget-text-editor\" data-id=\"281b875\" data-element_type=\"widget\" data-e-type=\"widget\" data-widget_type=\"text-editor.default\">\n\t\t\t\t<div class=\"elementor-widget-container\">\n\t\t\t\t\t\t\t\t\t<p>Gr\u00e2ce \u00e0 des solutions propos\u00e9es par des assureurs sp\u00e9cialis\u00e9s, il est possible de souscrire une couverture tous risques et de garantir les dommages subis lors de la conduite sur la voie publique.<\/p>\t\t\t\t\t\t\t\t<\/div>\n\t\t\t\t<\/div>\n\t\t\t\t<div class=\"elementor-element elementor-element-2784320 elementor-widget elementor-widget-text-editor\" data-id=\"2784320\" data-element_type=\"widget\" data-e-type=\"widget\" data-widget_type=\"text-editor.default\">\n\t\t\t\t<div class=\"elementor-widget-container\">\n\t\t\t\t\t\t\t\t\t<section class=\"text\"><p><em>Les informations contenues dans ce site sont purement indicatives. Les droits et obligations des parties sont \u00e9nonc\u00e9s dans les Propositions, Conditions\u00a0<\/em><em>Sp\u00e9cial\u00a0<\/em><em>Les polices d'assurance g\u00e9n\u00e9rale applicables.<\/em><\/p><\/section>\t\t\t\t\t\t\t\t<\/div>\n\t\t\t\t<\/div>\n\t\t\t\t\t<\/div>\n\t\t<\/div>\n\t\t\t\t\t<\/div>\n\t\t<\/section>\n\t\t\t\t<\/div>","protected":false},"excerpt":{"rendered":"<p>Cl\u00e1ssicos &#8211; Autom\u00f3vel Atrav\u00e9s de uma ap\u00f3lice especializada, dirigida aos propriet\u00e1rios de autom\u00f3veis antigos, quer se trate de um ve\u00edculo ou de uma cole\u00e7\u00e3o, o mercado Segurador oferece solu\u00e7\u00f5es de prote\u00e7\u00e3o para autom\u00f3veis cl\u00e1ssicos, desenhadas \u00e0 medida das suas necessidades. Um autom\u00f3vel ou um ve\u00edculo antigo representa para o seu propriet\u00e1rio um enorme motivo de [&hellip;]<\/p>\n","protected":false},"author":1,"featured_media":0,"parent":5717,"menu_order":0,"comment_status":"closed","ping_status":"closed","template":"","meta":{"_acf_changed":false,"footnotes":""},"class_list":["post-6157","page","type-page","status-publish","hentry"],"acf":[],"_links":{"self":[{"href":"https:\/\/www.amplitudeseguros.com\/fr\/wp-json\/wp\/v2\/pages\/6157","targetHints":{"allow":["GET"]}}],"collection":[{"href":"https:\/\/www.amplitudeseguros.com\/fr\/wp-json\/wp\/v2\/pages"}],"about":[{"href":"https:\/\/www.amplitudeseguros.com\/fr\/wp-json\/wp\/v2\/types\/page"}],"author":[{"embeddable":true,"href":"https:\/\/www.amplitudeseguros.com\/fr\/wp-json\/wp\/v2\/users\/1"}],"replies":[{"embeddable":true,"href":"https:\/\/www.amplitudeseguros.com\/fr\/wp-json\/wp\/v2\/comments?post=6157"}],"version-history":[{"count":10,"href":"https:\/\/www.amplitudeseguros.com\/fr\/wp-json\/wp\/v2\/pages\/6157\/revisions"}],"predecessor-version":[{"id":6894,"href":"https:\/\/www.amplitudeseguros.com\/fr\/wp-json\/wp\/v2\/pages\/6157\/revisions\/6894"}],"up":[{"embeddable":true,"href":"https:\/\/www.amplitudeseguros.com\/fr\/wp-json\/wp\/v2\/pages\/5717"}],"wp:attachment":[{"href":"https:\/\/www.amplitudeseguros.com\/fr\/wp-json\/wp\/v2\/media?parent=6157"}],"curies":[{"name":"wp","href":"https:\/\/api.w.org\/{rel}","templated":true}]}}