{"id":6173,"date":"2022-11-11T16:49:32","date_gmt":"2022-11-11T16:49:32","guid":{"rendered":"http:\/\/sitesempresas.com\/amplitude\/?page_id=6173"},"modified":"2023-02-03T17:16:10","modified_gmt":"2023-02-03T17:16:10","slug":"recheios-de-valor-obras-de-arte-2","status":"publish","type":"page","link":"https:\/\/www.amplitudeseguros.com\/fr\/seguros\/seguros-particulares\/recheios-de-valor-obras-de-arte-2\/","title":{"rendered":"Obturations de valeur - \u0152uvres d'art"},"content":{"rendered":"<div data-elementor-type=\"wp-page\" data-elementor-id=\"6173\" class=\"elementor elementor-6173\">\n\t\t\t\t\t\t<section class=\"elementor-section elementor-top-section elementor-element elementor-element-2d29be5 elementor-section-full_width service-details-page elementor-reverse-tablet elementor-reverse-mobile elementor-section-height-default elementor-section-height-default\" data-id=\"2d29be5\" data-element_type=\"section\" data-e-type=\"section\">\n\t\t\t\t\t\t<div class=\"elementor-container elementor-column-gap-default\">\n\t\t\t\t\t<div class=\"elementor-column elementor-col-100 elementor-top-column elementor-element elementor-element-0b640b9\" data-id=\"0b640b9\" data-element_type=\"column\" data-e-type=\"column\">\n\t\t\t<div class=\"elementor-widget-wrap elementor-element-populated\">\n\t\t\t\t\t\t<div class=\"elementor-element elementor-element-0d565fb service-details-thumbnail elementor-widget elementor-widget-image\" data-id=\"0d565fb\" data-element_type=\"widget\" data-e-type=\"widget\" data-widget_type=\"image.default\">\n\t\t\t\t<div class=\"elementor-widget-container\">\n\t\t\t\t\t\t\t\t\t\t\t\t\t\t\t<img fetchpriority=\"high\" decoding=\"async\" width=\"1470\" height=\"660\" src=\"https:\/\/www.amplitudeseguros.com\/wp-content\/uploads\/2022\/11\/Recheios-de-Valor-Obras-de-Arte-1470x660.webp\" class=\"attachment-sultin-blog-standard size-sultin-blog-standard wp-image-5803\" alt=\"\" \/>\t\t\t\t\t\t\t\t\t\t\t\t\t\t\t<\/div>\n\t\t\t\t<\/div>\n\t\t\t\t<div class=\"elementor-element elementor-element-b3090d5 elementor-widget elementor-widget-heading\" data-id=\"b3090d5\" data-element_type=\"widget\" data-e-type=\"widget\" data-widget_type=\"heading.default\">\n\t\t\t\t<div class=\"elementor-widget-container\">\n\t\t\t\t\t<h2 class=\"elementor-heading-title elementor-size-default\">Obturations de valeur - \u0152uvres d'art<\/h2>\t\t\t\t<\/div>\n\t\t\t\t<\/div>\n\t\t\t\t<div class=\"elementor-element elementor-element-0b65cba elementor-widget elementor-widget-text-editor\" data-id=\"0b65cba\" data-element_type=\"widget\" data-e-type=\"widget\" data-widget_type=\"text-editor.default\">\n\t\t\t\t<div class=\"elementor-widget-container\">\n\t\t\t\t\t\t\t\t\t<p>Assurance habitation avec une couverture sp\u00e9cialis\u00e9e pour les biens de grande valeur.<\/p><p>Police d'assurance pour les collections priv\u00e9es d'\u0153uvres d'art et d'antiquit\u00e9s, situ\u00e9es dans des maisons, des bureaux ou d'autres lieux non ouverts au public, avec une couverture \"tous risques\" dans le monde entier, y compris le transport.<\/p><p>L'assurance multirisque traditionnelle n'apporte pas de r\u00e9ponse ad\u00e9quate aux exigences pos\u00e9es par les biens de grande valeur tels que l'or, l'argent, les bijoux, les effets personnels, les \u0153uvres d'art et les antiquit\u00e9s, car les polices ont une gamme de couverture limit\u00e9e.<\/p>\t\t\t\t\t\t\t\t<\/div>\n\t\t\t\t<\/div>\n\t\t\t\t\t<\/div>\n\t\t<\/div>\n\t\t\t\t\t<\/div>\n\t\t<\/section>\n\t\t\t\t<section class=\"elementor-section elementor-top-section elementor-element elementor-element-d68a177 elementor-section-stretched elementor-section-boxed elementor-section-height-default elementor-section-height-default\" data-id=\"d68a177\" data-element_type=\"section\" data-e-type=\"section\" data-settings=\"{&quot;stretch_section&quot;:&quot;section-stretched&quot;,&quot;background_background&quot;:&quot;classic&quot;}\">\n\t\t\t\t\t\t<div class=\"elementor-container elementor-column-gap-default\">\n\t\t\t\t\t<div class=\"elementor-column elementor-col-100 elementor-top-column elementor-element elementor-element-105a0a5\" data-id=\"105a0a5\" data-element_type=\"column\" data-e-type=\"column\">\n\t\t\t<div class=\"elementor-widget-wrap elementor-element-populated\">\n\t\t\t\t\t\t<div class=\"elementor-element elementor-element-7ab624b elementor-widget elementor-widget-heading\" data-id=\"7ab624b\" data-element_type=\"widget\" data-e-type=\"widget\" data-widget_type=\"heading.default\">\n\t\t\t\t<div class=\"elementor-widget-container\">\n\t\t\t\t\t<h2 class=\"elementor-heading-title elementor-size-default\">Avantages<\/h2>\t\t\t\t<\/div>\n\t\t\t\t<\/div>\n\t\t\t\t<div class=\"elementor-element elementor-element-c8261f4 elementor-widget elementor-widget-text-editor\" data-id=\"c8261f4\" data-element_type=\"widget\" data-e-type=\"widget\" data-widget_type=\"text-editor.default\">\n\t\t\t\t<div class=\"elementor-widget-container\">\n\t\t\t\t\t\t\t\t\t<p>Cette assurance pr\u00e9sente des avantages importants par rapport \u00e0 l'assurance multirisque traditionnelle.<\/p><p>Nous soulignons les points suivants :<\/p><ul><li>Possibilit\u00e9 de ne pas p\u00e9naliser si les pi\u00e8ces ne sont pas list\u00e9es ;<\/li><li>Absence de r\u00e8gle proportionnelle ;<\/li><li>Couverture illimit\u00e9e en cas de vol (par exemple, garantie vol sans trace et vol par des domestiques) ;<\/li><li>Dommages accidentels ;<\/li><li>Pas de franchise, m\u00eame en cas de tremblement de terre.<\/li><\/ul><p>En cas de sinistre, vous pouvez choisir la forme d'indemnisation.<\/p><p>L'indemnisation tient \u00e9galement compte de la d\u00e9pr\u00e9ciation artistique des pi\u00e8ces apr\u00e8s l'accident.<\/p>\t\t\t\t\t\t\t\t<\/div>\n\t\t\t\t<\/div>\n\t\t\t\t<div class=\"elementor-element elementor-element-6691787 elementor-widget elementor-widget-text-editor\" data-id=\"6691787\" data-element_type=\"widget\" data-e-type=\"widget\" data-widget_type=\"text-editor.default\">\n\t\t\t\t<div class=\"elementor-widget-container\">\n\t\t\t\t\t\t\t\t\t<section class=\"text\"><p><em>Les informations contenues dans ce site sont purement indicatives. Les droits et obligations des parties sont \u00e9nonc\u00e9s dans les Propositions, Conditions\u00a0<\/em><em>Sp\u00e9cial\u00a0<\/em><em>Les polices d'assurance g\u00e9n\u00e9rale applicables.<\/em><\/p><\/section>\t\t\t\t\t\t\t\t<\/div>\n\t\t\t\t<\/div>\n\t\t\t\t\t<\/div>\n\t\t<\/div>\n\t\t\t\t\t<\/div>\n\t\t<\/section>\n\t\t\t\t<\/div>","protected":false},"excerpt":{"rendered":"<p>Recheios de Valor &#8211; Obras de Arte Seguros de habita\u00e7\u00e3o com cobertura especializada para recheios de elevado valor. Ap\u00f3lice de seguro para cole\u00e7\u00f5es privadas de obras de arte e antiguidades, situadas em habita\u00e7\u00f5es, escrit\u00f3rios ou outros locais n\u00e3o abertos ao p\u00fablico, com cobertura &#8220;all-risks&#8221; em todo o mundo, incluindo transportes. Os seguros tradicionais de multirriscos [&hellip;]<\/p>\n","protected":false},"author":1,"featured_media":0,"parent":5717,"menu_order":0,"comment_status":"closed","ping_status":"closed","template":"","meta":{"_acf_changed":false,"footnotes":""},"class_list":["post-6173","page","type-page","status-publish","hentry"],"acf":[],"_links":{"self":[{"href":"https:\/\/www.amplitudeseguros.com\/fr\/wp-json\/wp\/v2\/pages\/6173","targetHints":{"allow":["GET"]}}],"collection":[{"href":"https:\/\/www.amplitudeseguros.com\/fr\/wp-json\/wp\/v2\/pages"}],"about":[{"href":"https:\/\/www.amplitudeseguros.com\/fr\/wp-json\/wp\/v2\/types\/page"}],"author":[{"embeddable":true,"href":"https:\/\/www.amplitudeseguros.com\/fr\/wp-json\/wp\/v2\/users\/1"}],"replies":[{"embeddable":true,"href":"https:\/\/www.amplitudeseguros.com\/fr\/wp-json\/wp\/v2\/comments?post=6173"}],"version-history":[{"count":13,"href":"https:\/\/www.amplitudeseguros.com\/fr\/wp-json\/wp\/v2\/pages\/6173\/revisions"}],"predecessor-version":[{"id":7335,"href":"https:\/\/www.amplitudeseguros.com\/fr\/wp-json\/wp\/v2\/pages\/6173\/revisions\/7335"}],"up":[{"embeddable":true,"href":"https:\/\/www.amplitudeseguros.com\/fr\/wp-json\/wp\/v2\/pages\/5717"}],"wp:attachment":[{"href":"https:\/\/www.amplitudeseguros.com\/fr\/wp-json\/wp\/v2\/media?parent=6173"}],"curies":[{"name":"wp","href":"https:\/\/api.w.org\/{rel}","templated":true}]}}