{"id":6233,"date":"2022-11-14T14:51:38","date_gmt":"2022-11-14T14:51:38","guid":{"rendered":"http:\/\/sitesempresas.com\/amplitude\/?page_id=6233"},"modified":"2023-02-03T17:28:48","modified_gmt":"2023-02-03T17:28:48","slug":"automovel","status":"publish","type":"page","link":"https:\/\/www.amplitudeseguros.com\/fr\/sinistros\/automovel\/","title":{"rendered":"Voitures"},"content":{"rendered":"<div data-elementor-type=\"wp-page\" data-elementor-id=\"6233\" class=\"elementor elementor-6233\">\n\t\t\t\t\t\t<section class=\"elementor-section elementor-top-section elementor-element elementor-element-2d29be5 elementor-section-full_width service-details-page elementor-reverse-tablet elementor-reverse-mobile elementor-section-height-default elementor-section-height-default\" data-id=\"2d29be5\" data-element_type=\"section\" data-e-type=\"section\">\n\t\t\t\t\t\t<div class=\"elementor-container elementor-column-gap-default\">\n\t\t\t\t\t<div class=\"elementor-column elementor-col-100 elementor-top-column elementor-element elementor-element-0b640b9\" data-id=\"0b640b9\" data-element_type=\"column\" data-e-type=\"column\">\n\t\t\t<div class=\"elementor-widget-wrap elementor-element-populated\">\n\t\t\t\t\t\t<div class=\"elementor-element elementor-element-0d565fb service-details-thumbnail elementor-widget elementor-widget-image\" data-id=\"0d565fb\" data-element_type=\"widget\" data-e-type=\"widget\" data-widget_type=\"image.default\">\n\t\t\t\t<div class=\"elementor-widget-container\">\n\t\t\t\t\t\t\t\t\t\t\t\t\t\t\t<img fetchpriority=\"high\" decoding=\"async\" width=\"1470\" height=\"660\" src=\"https:\/\/www.amplitudeseguros.com\/wp-content\/uploads\/2022\/11\/Proposta-de-Valor-1470x660.webp\" class=\"attachment-sultin-blog-standard size-sultin-blog-standard wp-image-6212\" alt=\"\" \/>\t\t\t\t\t\t\t\t\t\t\t\t\t\t\t<\/div>\n\t\t\t\t<\/div>\n\t\t\t\t<div class=\"elementor-element elementor-element-b3090d5 elementor-widget elementor-widget-heading\" data-id=\"b3090d5\" data-element_type=\"widget\" data-e-type=\"widget\" data-widget_type=\"heading.default\">\n\t\t\t\t<div class=\"elementor-widget-container\">\n\t\t\t\t\t<h2 class=\"elementor-heading-title elementor-size-default\">Voitures<\/h2>\t\t\t\t<\/div>\n\t\t\t\t<\/div>\n\t\t\t\t<div class=\"elementor-element elementor-element-ef33357 elementor-widget elementor-widget-text-editor\" data-id=\"ef33357\" data-element_type=\"widget\" data-e-type=\"widget\" data-widget_type=\"text-editor.default\">\n\t\t\t\t<div class=\"elementor-widget-container\">\n\t\t\t\t\t\t\t\t\t<section class=\"text\"><p>En cas d'accident de voiture, vous devez obtenir les informations suivantes sur le lieu de l'accident :<\/p><ul><li>Identification des conducteurs impliqu\u00e9s ;<\/li><li>Identification des v\u00e9hicules impliqu\u00e9s ;<\/li><li>Identification de l'assurance (num\u00e9ro de police et nom de l'assureur) ;<\/li><li>Identifier les t\u00e9moins et recueillir leurs coordonn\u00e9es ;<\/li><li>S'il est possible de se mettre d'accord sur la mani\u00e8re dont l'accident s'est produit, les conducteurs doivent remplir le m\u00eame constat amiable d'accident automobile (DAAA). Chaque conducteur doit en conserver une copie et la remettre \u00e0 son courtier ;<\/li><li>Dans la mesure du possible, vous devez prendre des photos des dommages et du lieu de l'accident<\/li><li>S'il n'est pas possible de se mettre d'accord sur la mani\u00e8re dont l'accident s'est produit et\/ou s'il y a des bless\u00e9s, il faut appeler la police.<\/li><\/ul><p>Pour remplir la d\u00e9claration amicale, il n'est pas n\u00e9cessaire que l'un ou l'autre des conducteurs plaide coupable.<\/p><p>Cependant, la d\u00e9livrance du DAAA est indispensable au fonctionnement du syst\u00e8me IDS - Indemnisation Directe \u00e0 l'Assur\u00e9 - qui permet d'acc\u00e9l\u00e9rer le r\u00e8glement du sinistre, puisque chaque assur\u00e9 traite directement avec son propre assureur, qui est charg\u00e9 de r\u00e9gler le sinistre, ce qui constitue un avantage important.<\/p><p>Pour que le syst\u00e8me IDS fonctionne, il est n\u00e9cessaire :<\/p><ul><li>DAAA correctement rempli et sign\u00e9 par les deux parties ;<\/li><li>Seuls deux v\u00e9hicules sont impliqu\u00e9s ;<\/li><li>Il y a eu un affrontement direct entre eux ;<\/li><li>L'accident s'est produit au Portugal ;<\/li><li>Pas de dommages corporels ;<\/li><li>Les dommages mat\u00e9riels ne d\u00e9passent pas 15 000 euros par v\u00e9hicule.<\/li><\/ul><\/section>\t\t\t\t\t\t\t\t<\/div>\n\t\t\t\t<\/div>\n\t\t\t\t\t<\/div>\n\t\t<\/div>\n\t\t\t\t\t<\/div>\n\t\t<\/section>\n\t\t\t\t<section class=\"elementor-section elementor-top-section elementor-element elementor-element-d68a177 elementor-section-stretched elementor-section-boxed elementor-section-height-default elementor-section-height-default\" data-id=\"d68a177\" data-element_type=\"section\" data-e-type=\"section\" data-settings=\"{&quot;stretch_section&quot;:&quot;section-stretched&quot;,&quot;background_background&quot;:&quot;classic&quot;}\">\n\t\t\t\t\t\t<div class=\"elementor-container elementor-column-gap-default\">\n\t\t\t\t\t<div class=\"elementor-column elementor-col-100 elementor-top-column elementor-element elementor-element-105a0a5\" data-id=\"105a0a5\" data-element_type=\"column\" data-e-type=\"column\">\n\t\t\t<div class=\"elementor-widget-wrap elementor-element-populated\">\n\t\t\t\t\t\t<div class=\"elementor-element elementor-element-7ab624b elementor-widget elementor-widget-heading\" data-id=\"7ab624b\" data-element_type=\"widget\" data-e-type=\"widget\" data-widget_type=\"heading.default\">\n\t\t\t\t<div class=\"elementor-widget-container\">\n\t\t\t\t\t<h2 class=\"elementor-heading-title elementor-size-default\">Participation aux r\u00e9clamations<\/h2>\t\t\t\t<\/div>\n\t\t\t\t<\/div>\n\t\t\t\t<div class=\"elementor-element elementor-element-0aa1e6c elementor-widget elementor-widget-text-editor\" data-id=\"0aa1e6c\" data-element_type=\"widget\" data-e-type=\"widget\" data-widget_type=\"text-editor.default\">\n\t\t\t\t<div class=\"elementor-widget-container\">\n\t\t\t\t\t\t\t\t\t<p>Vous devez remplir la D\u00e9claration amicale d'accident automobile (DAAA).<\/p><p>Imprimer <a href=\"http:\/\/sitesempresas.com\/amplitude\/wp-content\/uploads\/2022\/11\/impresso-declaracao-amigavel-acidente-automovel.pdf\">ici<\/a>\u00a0les imprim\u00e9s (DAAA)<\/p>\t\t\t\t\t\t\t\t<\/div>\n\t\t\t\t<\/div>\n\t\t\t\t\t<\/div>\n\t\t<\/div>\n\t\t\t\t\t<\/div>\n\t\t<\/section>\n\t\t\t\t<section class=\"elementor-section elementor-top-section elementor-element elementor-element-beb2f0f elementor-section-boxed elementor-section-height-default elementor-section-height-default\" data-id=\"beb2f0f\" data-element_type=\"section\" data-e-type=\"section\">\n\t\t\t\t\t\t<div class=\"elementor-container elementor-column-gap-default\">\n\t\t\t\t\t<div class=\"elementor-column elementor-col-100 elementor-top-column elementor-element elementor-element-5396f6a\" data-id=\"5396f6a\" data-element_type=\"column\" data-e-type=\"column\">\n\t\t\t<div class=\"elementor-widget-wrap elementor-element-populated\">\n\t\t\t\t\t\t<div class=\"elementor-element elementor-element-9fca0a6 elementor-widget elementor-widget-heading\" data-id=\"9fca0a6\" data-element_type=\"widget\" data-e-type=\"widget\" data-widget_type=\"heading.default\">\n\t\t\t\t<div class=\"elementor-widget-container\">\n\t\t\t\t\t<h2 class=\"elementor-heading-title elementor-size-default\">Comment remplir le DAAA<\/h2>\t\t\t\t<\/div>\n\t\t\t\t<\/div>\n\t\t\t\t<div class=\"elementor-element elementor-element-42de73c elementor-widget elementor-widget-text-editor\" data-id=\"42de73c\" data-element_type=\"widget\" data-e-type=\"widget\" data-widget_type=\"text-editor.default\">\n\t\t\t\t<div class=\"elementor-widget-container\">\n\t\t\t\t\t\t\t\t\t<p>Pour d\u00e9clarer un sinistre automobile, vous devez remplir le formulaire suivant <a href=\"http:\/\/sitesempresas.com\/amplitude\/wp-content\/uploads\/2022\/11\/impresso-declaracao-amigavel-acidente-automovel.pdf\">DAAA<\/a>.<\/p><p>Le recto du DAAA doit \u00eatre rempli par le conducteur du v\u00e9hicule impliqu\u00e9 dans l'accident, le verso du DAAA doit \u00eatre rempli par le preneur d'assurance.<\/p><p>Nous expliquons ci-dessous comment remplir correctement le DAAA.<\/p>\t\t\t\t\t\t\t\t<\/div>\n\t\t\t\t<\/div>\n\t\t\t\t<div class=\"elementor-element elementor-element-e06affa elementor-widget elementor-widget-text-editor\" data-id=\"e06affa\" data-element_type=\"widget\" data-e-type=\"widget\" data-widget_type=\"text-editor.default\">\n\t\t\t\t<div class=\"elementor-widget-container\">\n\t\t\t\t\t\t\t\t\t<h4><strong>Description des champs <br \/><\/strong><\/h4><p>1. Indiquez la date et l'heure de l'accident ;<\/p><p>2. Pr\u00e9cisez le lieu de l'accident (pays, ville, rue, etc.) ;<\/p><p>3. Indiquez si l'accident a entra\u00een\u00e9 des blessures (m\u00eame l\u00e9g\u00e8res) ;<\/p><p>4. Indiquer s'il y a des d\u00e9g\u00e2ts mat\u00e9riels (verre bris\u00e9, pare-chocs cass\u00e9s, bosses, etc.) :<\/p><ul><li>dans des v\u00e9hicules autres que A et B (ceux mentionn\u00e9s dans la d\u00e9claration) ;<\/li><li>sur des objets autres que des v\u00e9hicules (par exemple, dommages caus\u00e9s aux routes, feux de circulation, panneaux de signalisation, etc ;)<\/li><\/ul><p>5. Indiquez s'il y a des t\u00e9moins de l'accident et leurs coordonn\u00e9es (noms, adresses et num\u00e9ros de t\u00e9l\u00e9phone). L'existence de t\u00e9moins est parfois essentielle pour \u00e9tablir la responsabilit\u00e9 ! S'il n'y a pas de t\u00e9moins, inscrivez \"Pas de t\u00e9moins\" dans la case ;<\/p><p>6. Indiquez l'assur\u00e9\/la compagnie d'assurance* selon les informations figurant sur la carte verte ou la police d'assurance, ainsi que ses coordonn\u00e9es ;<\/p><p>7. Saisissez les d\u00e9tails du v\u00e9hicule en fonction des champs : marque, mod\u00e8le, immatriculation (et immatriculation de la remorque - camping, agricole, cargo, etc. - le cas \u00e9ch\u00e9ant) et pays ;<\/p><p>8. Indiquez toutes les coordonn\u00e9es de l'assureur et du courtier qui figurent sur votre carte verte d'assurance. Vous devez \u00e9galement indiquer si les dommages mat\u00e9riels sont couverts par la police.<\/p><p>9. Saisir toutes les donn\u00e9es du conducteur<\/p><ul><li>nom, adresse, num\u00e9ro de t\u00e9l\u00e9phone et\/ou adresse \u00e9lectronique ;<\/li><li>le num\u00e9ro du permis de conduire, la cat\u00e9gorie de permis et la date d'expiration.<\/li><\/ul><p>10. Utilisez la fl\u00e8che sur le diagramme pour indiquer le point de collision initial ;<\/p><p><img decoding=\"async\" src=\"https:\/\/www.amplitudeseguros.com\/pt\/media\/5494\/imagem-10-daaa.jpg\" alt=\"Some description\" \/><\/p><p>11. Indiquez les dommages visibles caus\u00e9s par l'accident en question (par exemple, pare-chocs et clignotants cass\u00e9s) ;<\/p><p>12. Indiquez par des croix les circonstances qui d\u00e9crivent le mieux l'accident survenu. N'oubliez pas de mettre le nombre total de croix pour chaque v\u00e9hicule \u00e0 la fin de la liste !<\/p><p>13. D\u00e9crivez le plus pr\u00e9cis\u00e9ment possible les circonstances de l'accident afin de faciliter, avec les autres donn\u00e9es que vous avez fournies, la d\u00e9termination des responsabilit\u00e9s. Elles doivent \u00eatre marqu\u00e9es :<\/p><ul><li>a endommag\u00e9 les v\u00e9hicules interm\u00e9diaires ;<\/li><li>le sens de la marche ;<\/li><li>des tirets et\/ou des lignes sur la piste ;<\/li><li>la signalisation existante ;<\/li><li>les m\u00e8tres de freinage ;<\/li><li>le lieu exact de l'affrontement ;<\/li><li>o\u00f9 les v\u00e9hicules ont \u00e9t\u00e9 immobilis\u00e9s ;<\/li><li>au moment de l'affrontement ;<\/li><\/ul><p><img decoding=\"async\" src=\"https:\/\/www.amplitudeseguros.com\/pt\/media\/5495\/imagem-croqui-acidente.jpg\" alt=\"Some description\" \/><\/p><p>14. Faites tous les commentaires que vous jugez pertinents et qui compl\u00e8tent les informations que vous avez d\u00e9j\u00e0 fournies ; dans cet espace, vous pouvez \u00e9galement contester les d\u00e9clarations de l'autre conducteur ;<\/p><p>15. Il est essentiel que les signatures des deux parties concern\u00e9es par la demande figurent sur la DAAA pour qu'elle soit valable. Les signatures doivent \u00eatre identiques \u00e0 celles figurant sur la carte d'identit\u00e9.<\/p>\t\t\t\t\t\t\t\t<\/div>\n\t\t\t\t<\/div>\n\t\t\t\t<div class=\"elementor-element elementor-element-5a114ed elementor-widget elementor-widget-text-editor\" data-id=\"5a114ed\" data-element_type=\"widget\" data-e-type=\"widget\" data-widget_type=\"text-editor.default\">\n\t\t\t\t<div class=\"elementor-widget-container\">\n\t\t\t\t\t\t\t\t\t<p>Le dos de la d\u00e9claration amicale de l'accident de voiture :<\/p><ul><li>Le verso de la DAAA constitue le rapport de la demande et peut \u00eatre rempli par la suite. Il ne doit pas \u00eatre rempli lorsque l'autre partie \u00e0 la demande est pr\u00e9sente.<\/li><li>Les informations compl\u00e9mentaires qu'il contient sont tr\u00e8s utiles pour acc\u00e9l\u00e9rer le r\u00e8glement du sinistre. Il convient donc de le remplir de la mani\u00e8re la plus compl\u00e8te et la plus pr\u00e9cise possible, essentiellement si :<br \/>\u00a0 \u00a0 \u00a0- ont \u00e9t\u00e9 bless\u00e9s ; <br \/>\u00a0 \u00a0 \u00a0- des doutes subsistent quant \u00e0 la demande d'indemnisation et vous n'\u00eates pas d'accord avec l'une ou l'autre des clauses de la DAAA ; <br \/>\u00a0 \u00a0 \u00a0- plus de 2 v\u00e9hicules sont impliqu\u00e9s ; <br \/>\u00a0 \u00a0 \u00a0- s'il s'agit d'une inscription \u00e0 l'\u00e9tranger ;<\/li><\/ul><p>Important : le verso du DAAA, contrairement au recto, est rempli par l'assur\u00e9 et non par le conducteur. Dans le cas d'une entreprise, son cachet est n\u00e9cessaire. Une fois le verso du DAAA compl\u00e9t\u00e9, vous devez le remettre \u00e0 votre assureur ou \u00e0 votre courtier dans un d\u00e9lai de 8 jours.<\/p>\t\t\t\t\t\t\t\t<\/div>\n\t\t\t\t<\/div>\n\t\t\t\t<div class=\"elementor-element elementor-element-9183cdf elementor-widget elementor-widget-text-editor\" data-id=\"9183cdf\" data-element_type=\"widget\" data-e-type=\"widget\" data-widget_type=\"text-editor.default\">\n\t\t\t\t<div class=\"elementor-widget-container\">\n\t\t\t\t\t\t\t\t\t<h4>Comme alternative \u00e0 la participation par l'interm\u00e9diaire du DAA<\/h4><p>Les sinistres peuvent \u00eatre d\u00e9clar\u00e9s via E-Segurnet, une application cr\u00e9\u00e9e par l'Association portugaise des assureurs.<\/p><p>L'application e-SEGURNET facilite la d\u00e9claration d'un accident de la route \u00e0 votre assureur.<\/p><p>Cette application vous permet \u00e9galement de garder vos donn\u00e9es et celles de vos v\u00e9hicules facilement accessibles. La g\u00e9olocalisation, l'utilisation de photos et l'aide au remplissage du formulaire facilitent la d\u00e9claration d'accident !<\/p><p>Toutes les informations relatives \u00e0 cette fonctionnalit\u00e9 sont disponibles <a href=\"https:\/\/www.e-segurnet.pt\/\" target=\"_blank\" rel=\"noopener\">ici<\/a>.<\/p>\t\t\t\t\t\t\t\t<\/div>\n\t\t\t\t<\/div>\n\t\t\t\t\t<\/div>\n\t\t<\/div>\n\t\t\t\t\t<\/div>\n\t\t<\/section>\n\t\t\t\t<\/div>","protected":false},"excerpt":{"rendered":"<p>Autom\u00f3vel Em caso de\u00a0acidente autom\u00f3vel\u00a0dever\u00e1 obter, no local do acidente, os\u00a0seguintes elementos: Identifica\u00e7\u00e3o dos condutores envolvidos; Identifica\u00e7\u00e3o das viaturas envolvidas; Identifica\u00e7\u00e3o dos Seguros (n\u00famero das ap\u00f3lices e nome da Seguradora); Identificar as testemunhas e recolher os seus contactos; Se for poss\u00edvel chegar a acordo sobre a forma como ocorreu o acidente, os condutores devem preencher [&hellip;]<\/p>\n","protected":false},"author":1,"featured_media":0,"parent":6206,"menu_order":0,"comment_status":"closed","ping_status":"closed","template":"","meta":{"_acf_changed":false,"footnotes":""},"class_list":["post-6233","page","type-page","status-publish","hentry"],"acf":[],"_links":{"self":[{"href":"https:\/\/www.amplitudeseguros.com\/fr\/wp-json\/wp\/v2\/pages\/6233","targetHints":{"allow":["GET"]}}],"collection":[{"href":"https:\/\/www.amplitudeseguros.com\/fr\/wp-json\/wp\/v2\/pages"}],"about":[{"href":"https:\/\/www.amplitudeseguros.com\/fr\/wp-json\/wp\/v2\/types\/page"}],"author":[{"embeddable":true,"href":"https:\/\/www.amplitudeseguros.com\/fr\/wp-json\/wp\/v2\/users\/1"}],"replies":[{"embeddable":true,"href":"https:\/\/www.amplitudeseguros.com\/fr\/wp-json\/wp\/v2\/comments?post=6233"}],"version-history":[{"count":22,"href":"https:\/\/www.amplitudeseguros.com\/fr\/wp-json\/wp\/v2\/pages\/6233\/revisions"}],"predecessor-version":[{"id":7358,"href":"https:\/\/www.amplitudeseguros.com\/fr\/wp-json\/wp\/v2\/pages\/6233\/revisions\/7358"}],"up":[{"embeddable":true,"href":"https:\/\/www.amplitudeseguros.com\/fr\/wp-json\/wp\/v2\/pages\/6206"}],"wp:attachment":[{"href":"https:\/\/www.amplitudeseguros.com\/fr\/wp-json\/wp\/v2\/media?parent=6233"}],"curies":[{"name":"wp","href":"https:\/\/api.w.org\/{rel}","templated":true}]}}