{"id":6790,"date":"2022-12-07T14:02:22","date_gmt":"2022-12-07T14:02:22","guid":{"rendered":"http:\/\/sitesempresas.com\/amplitude\/?page_id=6790"},"modified":"2023-03-10T11:13:16","modified_gmt":"2023-03-10T11:13:16","slug":"politica-de-cookies","status":"publish","type":"page","link":"https:\/\/www.amplitudeseguros.com\/fr\/politica-de-cookies\/","title":{"rendered":"Politique en mati\u00e8re de cookies"},"content":{"rendered":"<div data-elementor-type=\"wp-page\" data-elementor-id=\"6790\" class=\"elementor elementor-6790\">\n\t\t\t\t\t\t<section class=\"elementor-section elementor-top-section elementor-element elementor-element-6a2422b7 elementor-section-boxed elementor-section-height-default elementor-section-height-default\" data-id=\"6a2422b7\" data-element_type=\"section\" data-e-type=\"section\">\n\t\t\t\t\t\t<div class=\"elementor-container elementor-column-gap-default\">\n\t\t\t\t\t<div class=\"elementor-column elementor-col-100 elementor-top-column elementor-element elementor-element-1af8d912\" data-id=\"1af8d912\" data-element_type=\"column\" data-e-type=\"column\">\n\t\t\t<div class=\"elementor-widget-wrap elementor-element-populated\">\n\t\t\t\t\t\t<div class=\"elementor-element elementor-element-10dd626f elementor-widget elementor-widget-text-editor\" data-id=\"10dd626f\" data-element_type=\"widget\" data-e-type=\"widget\" data-widget_type=\"text-editor.default\">\n\t\t\t\t<div class=\"elementor-widget-container\">\n\t\t\t\t\t\t\t\t\t<div class=\"k-content\"><section class=\"wpb-content-wrapper\"><div class=\"vc_row wpb_row vc_row-fluid vc_custom_1627404685397\"><div class=\"wpb_column vc_column_container vc_col-sm-12\"><div class=\"vc_column-inner\"><div class=\"wpb_wrapper\"><div class=\"wpb_text_column wpb_content_element\"><div class=\"wpb_wrapper\"><p><strong>P<\/strong><strong>Politique en mati\u00e8re de cookies d'Amplitude- Corretores de Seguros S.A.<\/strong><\/p><p><strong>Note pr\u00e9liminaire<\/strong><\/p><ol><li><strong>a)<\/strong> Le site web d'Amplitude- Corretores de Seguros S.A. utilise des cookies, \u00e9galement connus sous le nom de t\u00e9moins de connexion et de cookies.<\/li><li><strong>b)<\/strong> \u00c0 l'exception de la cat\u00e9gorie des cookies essentiels, qui permettent \u00e0 notre site web de fonctionner, nous avons besoin de votre consentement pour les autres cat\u00e9gories de cookies, d\u00e9taill\u00e9es dans la pr\u00e9sente politique en mati\u00e8re de cookies.<\/li><li><strong>c)<\/strong> Le consentement donn\u00e9 peut ensuite \u00eatre g\u00e9r\u00e9 par le biais des param\u00e8tres des cookies, en le retirant ou en le modifiant facilement \u00e0 l'aide de l'ic\u00f4ne que nous fournissons dans le coin inf\u00e9rieur gauche du site web.<\/li><\/ol><p><strong>\u00a0<\/strong><\/p><ol><li><strong> Introduction\u00a0<\/strong><\/li><\/ol><p><strong>1.1.<\/strong>\u00a0Amplitude Seguros s'engage \u00e0 respecter votre vie priv\u00e9e et vos droits.<\/p><p><strong>1.2<\/strong>Cette politique autonome en mati\u00e8re de cookies fait partie de notre politique de confidentialit\u00e9, que vous pouvez consulter ici. <a href=\"https:\/\/www.amplitudeseguros.com\/wp-content\/uploads\/2022\/12\/Politica-Privacidade-RGPD-Amplitude-1.docx.pdf\">ici.<\/a><\/p><ol start=\"2\"><li><strong> Objectifs\u00a0<\/strong><\/li><\/ol><p><strong>2.1<\/strong>Notre politique en mati\u00e8re de cookies vise \u00e0 vous fournir, de mani\u00e8re totalement transparente et responsable, des informations sur les cookies que nous utilisons, leur dur\u00e9e, leur finalit\u00e9 et la mani\u00e8re dont vous pouvez les g\u00e9rer.<\/p><p><strong>2.2 <\/strong>Nous pensons que la transparence et la responsabilit\u00e9 sont des facteurs de confiance qui structurent des relations durables, que nous promouvons dans tout ce que nous faisons et dans la mani\u00e8re dont nous communiquons.<\/p><ol start=\"3\"><li><strong> Qu'est-ce qu'un cookie et \u00e0 quoi sert-il ?<\/strong><\/li><\/ol><p><strong>3.1<\/strong>Les cookies sont de petits fichiers texte envoy\u00e9s \u00e0 votre ordinateur ou \u00e0 votre appareil mobile, t\u00e9l\u00e9phone portable ou tablette, chaque fois que vous visitez notre site web.<\/p><p><strong>\u00a0<\/strong><\/p><p><strong>3.2<\/strong>Les cookies nous aident, par exemple, \u00e0 d\u00e9terminer l'utilit\u00e9, l'int\u00e9r\u00eat et le nombre de visites sur notre site web, et vous permettent, en tant qu'utilisateur, de naviguer plus rapidement et plus efficacement, par exemple en \u00e9liminant la n\u00e9cessit\u00e9 de saisir plusieurs fois les m\u00eames informations, en facilitant et en personnalisant la navigation en fonction de vos pr\u00e9f\u00e9rences.<\/p><ol start=\"4\"><li><strong> Cat\u00e9gories de cookies\u00a0<\/strong><\/li><\/ol><p><strong>4.1 <\/strong>Deux cat\u00e9gories de cookies peuvent \u00eatre utilis\u00e9es :<\/p><ol><li><strong>a) Cookies de session<\/strong> - sont des cookies temporaires qui restent dans le fichier cookie du navigateur jusqu'\u00e0 ce que vous le fermiez et quittiez notre site web. Les informations obtenues par ces cookies sont utilis\u00e9es pour analyser les sch\u00e9mas de trafic sur notre site web, ce qui nous permet d'identifier les probl\u00e8mes et d'offrir une meilleure exp\u00e9rience de navigation.<\/li><li><strong>b) Cookies permanents<\/strong> - Il s'agit de cookies qui sont stock\u00e9s dans le navigateur sur les dispositifs d'acc\u00e8s (PC, mobile et tablette) et qui sont utilis\u00e9s chaque fois que vous visitez \u00e0 nouveau notre site, ce qui nous permet de vous fournir un service plus personnalis\u00e9.<\/li><\/ol><ol start=\"5\"><li><strong> Nature des cookies et leur finalit\u00e9<\/strong><\/li><\/ol><p><strong>5.1 <\/strong>Les cookies peuvent \u00eatre utilis\u00e9s \u00e0 diverses fins, en fonction de leur nature.<\/p><p><strong>5.2 <\/strong>Nous utilisons les cookies suivants sur notre site web :<\/p><ol><li><strong>a)<\/strong> <strong>Cookies essentiels<\/strong> - Ils vous permettent de naviguer sur le site web et d'utiliser les applications, ainsi que d'acc\u00e9der aux zones s\u00e9curis\u00e9es du site web. Sans ces cookies, les services requis ne peuvent \u00eatre fournis.<\/li><li><strong>b)<\/strong> <strong>Cookies de fonctionnalit\u00e9<\/strong> - Ils stockent les pr\u00e9f\u00e9rences de l'utilisateur pour l'utilisation du site, de sorte que vous n'ayez pas \u00e0 configurer \u00e0 nouveau le site \u00e0 chaque fois que vous le visitez.<\/li><li><strong>c)<\/strong> <strong>Cookies analytiques<\/strong> - Elles sont utilis\u00e9es de mani\u00e8re anonyme dans le but de cr\u00e9er et d'analyser des statistiques afin d'am\u00e9liorer le fonctionnement du site web.<\/li><li><strong>d)<\/strong> <strong>Cookies publicitaires<\/strong> - Ils ciblent la publicit\u00e9 en fonction des int\u00e9r\u00eats de chaque utilisateur, afin d'orienter les campagnes publicitaires en fonction des go\u00fbts des utilisateurs, et ils limitent \u00e9galement le nombre de fois que vous voyez la publicit\u00e9,<\/li><\/ol><p>aider \u00e0 mesurer l'efficacit\u00e9 de la publicit\u00e9 et le succ\u00e8s de notre site web. donn\u00e9es sur les utilisateurs.<\/p><p><strong>5.3 <\/strong>Les cookies que nous utilisons sur notre site web sont les suivants :<\/p><p>\u00a0<\/p><style>\ntable {<br \/>\n  border-collapse: separate;<br \/>\n  border-spacing: 0;<br \/>\n  margin-left: 0;<br \/>\n}<\/p>\n<p>th,<br \/>\ntd {<br \/>\n  text-align: left;<br \/>\n  padding: 8px;<br \/>\n  border-style: solid;<br \/>\n  border-width: 0px 0px 1px 0px;<br \/>\n  border-color: white;<br \/>\n  background-color: transparent;<br \/>\n  color: white;<br \/>\n  font-weight: normal;<br \/>\n}<\/p>\n<p>th {<br \/>\n  background-color: transparent;<br \/>\n}<\/p>\n<p>tr:first-child th {<br \/>\n  background-color: transparent;<br \/>\n}<\/p>\n<p>tr:nth-child(even) {<br \/>\n  background-color: transparent;<br \/>\n}<\/p>\n<p>tr:first-child {<br \/>\n  background-color: transparent;<br \/>\n}<br \/>\n<\/style><table><tbody><tr><th>Nom du cookie<\/th><th>Cat\u00e9gorie<\/th><th>Fonction<\/th><th>Dur\u00e9e de l'accord<\/th><th>Accessible par des tiers ? OUI\/NON<\/th><\/tr><tr><td>FormCraft<\/td><td>Essentiel<\/td><td>Contact via le site web<\/td><td>30 jours<\/td><td>Non<\/td><\/tr><tr><td>Google Site Kit<\/td><td>Analyse<\/td><td>Analyse des visites<\/td><td>3 mois<\/td><td>Non<\/td><\/tr><tr><td>\u00a0<\/td><td>\u00a0<\/td><td>\u00a0<\/td><td>\u00a0<\/td><td>\u00a0<\/td><\/tr><tr><td>\u00a0<\/td><td>\u00a0<\/td><td>\u00a0<\/td><td>\u00a0<\/td><td>\u00a0<\/td><\/tr><\/tbody><\/table><p>\u00a0<\/p><p><strong>6.Informations compl\u00e9mentaires sur les cookies analytiques<\/strong><\/p><p><strong>6.1<\/strong>Google Analytics (collecte les interactions des utilisateurs sur notre site web, par exemple l'heure de la visite, si l'utilisateur a d\u00e9j\u00e0 visit\u00e9 le site web, quel site web a \u00e9t\u00e9 recommand\u00e9 \u00e0 l'utilisateur, l'adresse IP.<\/p><p><strong>6.2<\/strong>Google Analytics ne fournit que des informations statistiques coh\u00e9rentes sur les visites, par exemple :<\/p><ol><li><strong>a)<\/strong> la dur\u00e9e moyenne de la visite ;<\/li><li><strong>b)<\/strong> nombre de pages vues, page\/vue ;<\/li><li><strong>c)<\/strong> le pourcentage de retours et de nouvelles visites ;<\/li><li><strong>d)<\/strong> quels sont les nouveaux visiteurs et les visiteurs r\u00e9currents ;<\/li><li><strong>e)<\/strong> fr\u00e9quence et visites r\u00e9centes, interactions, pages visit\u00e9es) ;<\/li><li><strong>f)<\/strong> donn\u00e9es d\u00e9mographiques (langue, pays\/territoire, ville) ;<\/li><li><strong>g)<\/strong> (navigateur, syst\u00e8me d'exploitation, fournisseur d'acc\u00e8s \u00e0 Internet, cat\u00e9gorie d'appareil).<\/li><\/ol><p><strong>6.3<\/strong>Google Analytics est couvert par les conditions g\u00e9n\u00e9rales de Google, dont les conditions d'utilisation peuvent \u00eatre consult\u00e9es \u00e0 l'adresse suivante <a href=\"https:\/\/marketingplatform.google.com\/about\/analytics\/terms\/pt\/\">ici<\/a>.<\/p><p><strong>6.4<\/strong>Vous pouvez \u00e9galement consulter les informations de confidentialit\u00e9 de Google, dont vous \u00eates seul responsable, en vous rendant \u00e0 l'adresse suivante <a href=\"https:\/\/policies.google.com\/privacy?hl=pt-PT\">ici<\/a>.<\/p><p><strong>\u00a0<\/strong><\/p><p><strong>6.5<\/strong>Pour permettre aux visiteurs de mieux choisir comment leurs donn\u00e9es sont collect\u00e9es par Google Analytics, Google a d\u00e9velopp\u00e9 le module compl\u00e9mentaire \"Google Analytics Opt-out Browser\", qui communique avec le JavaScript de Google Analytics (ga.js) pour indiquer que les informations relatives \u00e0 la visite du site ne doivent pas \u00eatre envoy\u00e9es \u00e0 Google Analytics.<\/p><p><strong>6.6<\/strong>L'option suppl\u00e9mentaire \"Google Analytics Browser Opt-out\" n'emp\u00eache pas l'envoi d'informations au site lui-m\u00eame ou \u00e0 d'autres services d'analyse du web.<\/p><p><strong>6.7<\/strong>Le \"navigateur de d\u00e9sactivation de Google Analytics\" est accessible \u00e0 l'adresse suivante <a href=\"https:\/\/tools.google.com\/dlpage\/gaoptout\">ici<\/a>.<\/p><ol start=\"7\"><li><strong> D\u00e9sactivation des cookies<\/strong><\/li><\/ol><p><strong>7.1<\/strong>\u00a0La plupart des navigateurs sont configur\u00e9s de mani\u00e8re \u00e0 ce que vous puissiez autoriser, bloquer ou supprimer les cookies install\u00e9s sur votre appareil.<\/p><p><strong>7.2\u00a0<\/strong>Cependant, la d\u00e9sactivation des cookies peut avoir un impact sur la navigation, notamment en la limitant et en la rendant non personnalis\u00e9e.<\/p><p><strong>7.3\u00a0<\/strong>Si vous utilisez plusieurs appareils (t\u00e9l\u00e9phone, tablette ou ordinateur personnel) pour acc\u00e9der \u00e0 notre site internet, vous devez garder \u00e0 l'esprit que chaque navigateur de chaque appareil est param\u00e9tr\u00e9 en fonction de vos pr\u00e9f\u00e9rences en mati\u00e8re de cookies.<\/p><p><strong>7.4\u00a0<\/strong>Vous trouverez ci-dessous les navigateurs Internet les plus couramment utilis\u00e9s, et vous pourrez trouver plus d'informations sur la d\u00e9sactivation des cookies en cliquant sur chacun d'entre eux (ctrl+clic) :<\/p><p><a href=\"https:\/\/support.microsoft.com\/pt-pt\/windows\/microsoft-edge-dados-de-navega%C3%83%C2%A7%C3%83%C2%A3o-e-privacidade-bb8174ba-9d73-dcf2-9b4a-c582b4e640dd\" target=\"_blank\" rel=\"noopener\">Microsoft Edge<\/a><br \/><a href=\"https:\/\/support.mozilla.org\/pt-PT\/kb\/limpar-cookies-e-dados-de-site-no-firefox\" target=\"_blank\" rel=\"noopener\">Mozilla Firefox<\/a><br \/><a href=\"https:\/\/support.google.com\/chrome\/answer\/95647?hl=pt\" target=\"_blank\" rel=\"noopener\">Google Chrome<\/a><br \/><a href=\"https:\/\/support.apple.com\/pt-br\/HT201265#:~:text=Limpar%20o%20hist%C3%83%C6%92%C3%82%C2%B3rico%20e%20os%20cookies%20do%20Safari,acessado%20novamente.%203%20Usar%20bloqueadores%20de%20conte%C3%83%C6%92%C3%82%C2%BAdo.\" target=\"_blank\" rel=\"noopener\">Apple Safari<\/a><br \/><a href=\"https:\/\/help.opera.com\/en\/latest\/web-preferences\/#cookies\" target=\"_blank\" rel=\"noopener\">Op\u00e9ra<\/a> (uniquement en anglais)<br \/><a href=\"https:\/\/support.microsoft.com\/pt-pt\/topic\/como-eliminar-ficheiros-de-cookies-no-internet-explorer-bca9446f-d873-78de-77ba-d42645fa52fc#:~:text=Saia%20do%20Internet%20Explorer%206%20e,%20em%20seguida,,Internet%20da%20caixa%20de%20di%C3%83%C6%92%C3%82%C2%A1logo%20Propriedades%20da%20Internet.\" target=\"_blank\" rel=\"noopener\">Internet Explorer<\/a> *<\/p><p>*Internet Explorer a \u00e9t\u00e9 d\u00e9sactiv\u00e9 par Microsoft le 15\/06\/2022.<\/p><p>\u00a0<\/p><p><strong>7.5<\/strong>Si vous souhaitez obtenir plus d'informations sur les cookies, veuillez consulter le site suivant <a href=\"https:\/\/allaboutcookies.org\/\">ici<\/a>\u00a0le site All About Cookies (en anglais uniquement).<\/p><ol start=\"8\"><li><strong> Doutes\u00a0<\/strong><\/li><\/ol><p>Si vous avez des questions concernant l'inclusion ou la gestion des cookies sur notre site web ou toute autre information relative aux cookies, vous pouvez nous contacter \u00e0 l'adresse suivante <a href=\"mailto:dadospessoais@amplitudeseguros.com\">dadospessoais@amplitudeseguros.com<\/a> .<\/p><ol start=\"9\"><li><strong> R\u00e9vision <\/strong><\/li><\/ol><p><strong>9.1 <\/strong>La politique d'Amplitude en mati\u00e8re de cookies peut \u00eatre r\u00e9vis\u00e9e et modifi\u00e9e unilat\u00e9ralement sans pr\u00e9avis, chaque fois que cela se justifie.<\/p><p><strong>9.2<\/strong>Si nous apportons des modifications, la version sera mise \u00e0 jour et ces modifications feront partie int\u00e9grante de la pr\u00e9sente politique.<\/p><ol start=\"10\"><li><strong> Approbation<\/strong><\/li><\/ol><p>Cette politique de cookies a \u00e9t\u00e9 approuv\u00e9e par la direction d'Amplitude Seguros.<\/p><ol start=\"11\"><li><strong> Versions<\/strong><\/li><\/ol><p>mars 2023<\/p><\/div><\/div><\/div><\/div><\/div><\/div><\/section><\/div>\t\t\t\t\t\t\t\t<\/div>\n\t\t\t\t<\/div>\n\t\t\t\t\t<\/div>\n\t\t<\/div>\n\t\t\t\t\t<\/div>\n\t\t<\/section>\n\t\t\t\t<\/div>","protected":false},"excerpt":{"rendered":"<p>Pol\u00edtica de Cookies da Amplitude- Corretores de Seguros S.A Nota Pr\u00e9via a) O website da Amplitude- Corretores de Seguros S.A utiliza cookies, tamb\u00e9m denominados por testemunhos de conex\u00e3o. b) Com exce\u00e7\u00e3o da categoria dos cookies essenciais, que permitem que o nosso website funcione, precisamos do seu consentimento para outras categorias de cookies, detalhadas nesta Pol\u00edtica [&hellip;]<\/p>\n","protected":false},"author":1,"featured_media":0,"parent":0,"menu_order":0,"comment_status":"closed","ping_status":"closed","template":"","meta":{"_acf_changed":false,"footnotes":""},"class_list":["post-6790","page","type-page","status-publish","hentry"],"acf":[],"_links":{"self":[{"href":"https:\/\/www.amplitudeseguros.com\/fr\/wp-json\/wp\/v2\/pages\/6790","targetHints":{"allow":["GET"]}}],"collection":[{"href":"https:\/\/www.amplitudeseguros.com\/fr\/wp-json\/wp\/v2\/pages"}],"about":[{"href":"https:\/\/www.amplitudeseguros.com\/fr\/wp-json\/wp\/v2\/types\/page"}],"author":[{"embeddable":true,"href":"https:\/\/www.amplitudeseguros.com\/fr\/wp-json\/wp\/v2\/users\/1"}],"replies":[{"embeddable":true,"href":"https:\/\/www.amplitudeseguros.com\/fr\/wp-json\/wp\/v2\/comments?post=6790"}],"version-history":[{"count":25,"href":"https:\/\/www.amplitudeseguros.com\/fr\/wp-json\/wp\/v2\/pages\/6790\/revisions"}],"predecessor-version":[{"id":7596,"href":"https:\/\/www.amplitudeseguros.com\/fr\/wp-json\/wp\/v2\/pages\/6790\/revisions\/7596"}],"wp:attachment":[{"href":"https:\/\/www.amplitudeseguros.com\/fr\/wp-json\/wp\/v2\/media?parent=6790"}],"curies":[{"name":"wp","href":"https:\/\/api.w.org\/{rel}","templated":true}]}}